{"id":11711,"date":"2020-03-23T09:39:18","date_gmt":"2020-03-23T08:39:18","guid":{"rendered":"https:\/\/www.powertec.fr\/?page_id=11711"},"modified":"2025-08-12T15:26:05","modified_gmt":"2025-08-12T13:26:05","slug":"voyage-en-autonomie-mont-logan","status":"publish","type":"page","link":"https:\/\/www.powertec.fr\/en\/voyage-en-autonomie-mont-logan\/","title":{"rendered":"Mont Logan Expedition"},"content":{"rendered":"<p>[et_pb_section fb_built=&#8221;1&#8243; _builder_version=&#8221;4.27.4&#8243; _module_preset=&#8221;default&#8221; global_colors_info=&#8221;{}&#8221;][\/et_pb_section]<\/p>\n","protected":false},"excerpt":{"rendered":"","protected":false},"author":1550,"featured_media":11928,"parent":0,"menu_order":0,"comment_status":"closed","ping_status":"closed","template":"","meta":{"_et_pb_use_builder":"on","_et_pb_old_content":"[vc_row fullwidth=\"yes\" wrap=\"yes\" content_placement=\"top\" parallax=\"content-moving\" css=\".vc_custom_1586160111426{padding-top: 100px !important;padding-bottom: 100px !important;background: rgba(0,0,0,0.1) url(https:\/\/www.powertec.fr\/wp-content\/uploads\/2020\/04\/expe_mont_logan-1.jpeg?id=11399);background-position:center;background-repeat:-repeat;background-size:cover;*background-color: rgb(0,0,0) !important;}\"][vc_column][vc_custom_heading text=\"VOYAGE EN AUTONOMIE\" font_container=\"tag:h2|text_align:center|color:%23ffffff\" use_theme_fonts=\"yes\"][vc_custom_heading text=\"MONT LOGAN\" font_container=\"tag:h2|font_size:145|text_align:center|color:%23ffffff\" google_fonts=\"font_family:Anton%3Aregular|font_style:400%20regular%3A400%3Anormal\" el_class=\"title-expedition\"][\/vc_column][\/vc_row][vc_row content_placement=\"middle\"][vc_column][vc_empty_space][vc_custom_heading text=\"LE VOYAGE EN AUTONOMIE\" font_container=\"tag:h2|text_align:center\" google_fonts=\"font_family:Anton%3Aregular|font_style:400%20regular%3A400%3Anormal\"][vc_empty_space][\/vc_column][\/vc_row][vc_row content_placement=\"middle\"][vc_column width=\"1\/2\"][vc_column_text]\r\n<h1><strong>Voyage en autonomie<\/strong><\/h1>\r\n<div><strong>L'ascension de la \u00ab East ridge \u00bb du Mont Logan 5959M depuis le glacier Malaspina, Oc\u00e9an Pacifique Altitude 0. <\/strong><strong>Descente par le m\u00eame itin\u00e9raire \u00e0 ski, snowboard et monoski jusqu\u2019au camp de base du versant Est, contournement du sommet par le Nord pour rallier Hubert\u2019s landing puis descente en cataraft jusqu\u2019\u00e0 Flag point, oc\u00e9an Pacifique.<\/strong><\/div>\r\n<div>Travers\u00e9e au long court, du 29 Avril au 10 Juin 2019, entre les parcs de Wranggle St-Elias (USA) et Kluane (CA). <strong>Environ 600KM parcourus \u00e0 ski de randonn\u00e9e, split board (snowboard et monoski) et cataraft.<\/strong>\r\nPar H\u00e9lias Millerioux, Alex Marchesseau, Thomas Delfino et Gr\u00e9gory Douillard. Exp\u00e9dition en 4 phases :<\/div>\r\n<div><em><strong>1- Approche (oc\u00e9an Pacifique-CB Logan)<\/strong><\/em> :<\/div>\r\n<div>D\u00e9part en bateau de p\u00eache du village de Yakutat (Alaska, oc\u00e9an Pacifique) le 28 Avril<\/div>\r\n<div><em><strong>2- East bridge du mont Logan A-R.<\/strong><\/em>\r\nLe Camp de base de la \"East ridge\u00a0\u00bb 2100M du mont Logan est atteint le 14 Mai \u00e0 l\u2019aide de Pulkas pour transporter les 320KG de mat\u00e9riel (nourriture, fournitures de camping et d\u2019alpinisme).<\/div>\r\n<div>\r\n\r\n<em><strong>3- Retour (CB-Hubert\u2019s Landing).<\/strong><\/em>\r\nLe 27 Mai, Greg est \u00e9vacu\u00e9 pour raisons m\u00e9dicales.\u00a0\u00a0Les jours suivants, les trois aventuriers retraversent la fronti\u00e8re Canada\/USA mais la neige du glacier du Logan laisse progressivement place \u00e0 la glace puis aux moraines interminables, <strong>v\u00e9ritable labyrinthe de Minos min\u00e9ral o\u00f9 le dr\u00f4ne prend ici une vocation cartographique<\/strong>, pour trouver le cheminement le moins \u00e9nergivore \u00e0 arpenter, avec des sacs de plus de 35KG chacun.\r\n<em><strong>4- Cataraft (Hubert\u2019s-Flag point, oc\u00e9an Pacifique).<\/strong><\/em>\r\nH\u00e9lias et Alex embarquent pour huit jours et plus de 300 KM \u00e0 travers les rapides de la Chitina puis de la rivi\u00e8re Copper. Ils accostent le 10 Juin \u00e0 Flag point.\r\nLa boucle est boucl\u00e9e apr\u00e8s 42 jours d\u2019immersion totale dans le \u00ab wild \u00bb \u00a0Am\u00e9ricain. Un trip v\u00e9cu au jour le jour avec en ligne de mire la volont\u00e9 irr\u00e9pressive de \u00ab se perdre \u00bb pour mieux \u00ab se retrouver \u00bb int\u00e9rieurement.\r\n\r\n<em>Pour ce <strong>voyage en autonomie<\/strong>, tous leurs \u00e9quipements \u00e9lectroniques ont \u00e9t\u00e9 recharg\u00e9s par les chargeurs solaires et batteries <strong>POWERTEC<\/strong> !<\/em>\r\n\r\n<\/div>\r\n[\/vc_column_text][\/vc_column][vc_column width=\"1\/2\"][vc_row_inner content_placement=\"middle\"][vc_column_inner width=\"1\/2\"][vc_single_image image=\"23953\" img_size=\"medium\" alignment=\"center\"][vc_column_text]\r\n<p style=\"text-align: center;\">Alexandre Marchessaux<\/p>\r\n[\/vc_column_text][\/vc_column_inner][vc_column_inner width=\"1\/2\"][vc_single_image image=\"23951\" img_size=\"medium\" alignment=\"center\"][vc_column_text]\r\n<p style=\"text-align: center;\">Greg Douillard<\/p>\r\n[\/vc_column_text][\/vc_column_inner][\/vc_row_inner][vc_row_inner content_placement=\"middle\"][vc_column_inner width=\"1\/2\"][vc_single_image image=\"23955\" img_size=\"medium\" alignment=\"center\"][vc_column_text]\r\n<p style=\"text-align: center;\">Helias Millerioux<\/p>\r\n[\/vc_column_text][\/vc_column_inner][vc_column_inner width=\"1\/2\"][vc_single_image image=\"23957\" img_size=\"medium\" alignment=\"center\"][vc_column_text]\r\n<p style=\"text-align: center;\">Thomas Delfino<\/p>\r\n[\/vc_column_text][\/vc_column_inner][\/vc_row_inner][\/vc_column][\/vc_row][vc_row][vc_column][vc_empty_space height=\"60px\"][\/vc_column][\/vc_row][vc_row][vc_column][vc_custom_heading text=\"L'EQUIPEMENT ELECTRONIQUE\" font_container=\"tag:h2|text_align:center\" google_fonts=\"font_family:Anton%3Aregular|font_style:400%20regular%3A400%3Anormal\"][vc_empty_space][\/vc_column][\/vc_row][vc_row][vc_column][vc_custom_heading text=\"EQUIPEMENTS CHARGES\" font_container=\"tag:h4|text_align:center\" google_fonts=\"font_family:Anton%3Aregular|font_style:400%20regular%3A400%3Anormal\"][vc_empty_space height=\"60px\"][vc_row_inner content_placement=\"bottom\"][vc_column_inner width=\"1\/3\"][vc_single_image image=\"14961\" img_size=\"medium\" alignment=\"center\"][vc_column_text]\r\n<p style=\"text-align: center;\">4 GO PRO<\/p>\r\n[\/vc_column_text][\/vc_column_inner][vc_column_inner width=\"1\/3\"][vc_single_image image=\"23970\" img_size=\"medium\" alignment=\"center\"][vc_column_text]\r\n<p style=\"text-align: center;\">1 DRONE DJI MAVIC PRO + 1 AIR<\/p>\r\n[\/vc_column_text][\/vc_column_inner][vc_column_inner width=\"1\/3\"][vc_single_image image=\"23863\" img_size=\"medium\" alignment=\"center\"][vc_column_text]\r\n<p style=\"text-align: center;\">TELEPHONES PORTABLES<\/p>\r\n[\/vc_column_text][\/vc_column_inner][\/vc_row_inner][vc_row_inner content_placement=\"bottom\"][vc_column_inner width=\"1\/6\"][\/vc_column_inner][vc_column_inner width=\"1\/6\"][vc_single_image image=\"23857\" img_size=\"300x300\"][vc_column_text]\r\n<p style=\"text-align: center;\">1 GPS GARMIN INREACH<\/p>\r\n[\/vc_column_text][\/vc_column_inner][vc_column_inner width=\"1\/6\"][vc_single_image image=\"23963\" alignment=\"center\"][vc_column_text]\r\n<p style=\"text-align: center;\">4 MONTRES GPS GARMIN<\/p>\r\n[\/vc_column_text][\/vc_column_inner][vc_column_inner width=\"1\/6\"][vc_single_image image=\"11196\" img_size=\"medium\"][vc_column_text]\r\n<p style=\"text-align: center;\">1 TELEPHONE SATELLITE IRIDIUM<\/p>\r\n[\/vc_column_text][\/vc_column_inner][vc_column_inner width=\"1\/6\"][vc_single_image image=\"23968\" img_size=\"medium\" alignment=\"center\"][vc_column_text]\r\n<p style=\"text-align: center;\">FRONTALES<\/p>\r\n[\/vc_column_text][\/vc_column_inner][vc_column_inner width=\"1\/6\"][\/vc_column_inner][\/vc_row_inner][\/vc_column][\/vc_row][vc_row][vc_column][vc_empty_space height=\"60px\"][\/vc_column][\/vc_row][vc_row][vc_column][vc_custom_heading text=\"CHARGEURS UTILISES - 2 Pack pour 4 personnes\" font_container=\"tag:h4|text_align:center\" google_fonts=\"font_family:Anton%3Aregular|font_style:400%20regular%3A400%3Anormal\"][vc_empty_space height=\"60px\"][vc_row_inner content_placement=\"middle\"][vc_column_inner width=\"1\/3\"][\/vc_column_inner][vc_column_inner width=\"1\/3\"][vc_single_image image=\"13520\" img_size=\"medium\" add_caption=\"yes\" alignment=\"center\" onclick=\"custom_link\" img_link_target=\"_blank\" link=\"https:\/\/www.powertec.fr\/chargeur-solaire-portable\/semi-rigide-sunpower\/station-charge-solaire\/\" title=\"Pack Solaire PT16\"][\/vc_column_inner][vc_column_inner width=\"1\/3\" el_id=\"PACK SOLAIRE PT16\"][\/vc_column_inner][\/vc_row_inner][\/vc_column][\/vc_row][vc_row el_id=\"video\"][vc_column][vc_empty_space height=\"60px\"][\/vc_column][\/vc_row][vc_row fullwidth=\"yes\"][vc_column][vc_custom_heading text=\"SUIVRE LE VOYAGE EN AUTONOMIE\" font_container=\"tag:h2|text_align:center\" google_fonts=\"font_family:Anton%3Aregular|font_style:400%20regular%3A400%3Anormal\"][vc_empty_space][vc_video link=\"https:\/\/youtu.be\/4IwXFLRvn9k\" align=\"center\"][\/vc_column][\/vc_row][vc_row fullwidth=\"yes\" content_placement=\"middle\"][vc_column][vc_empty_space][vc_single_image image=\"11389\" img_size=\"full\" alignment=\"center\" title=\"Voyage en Autonomie Mont Logan\"][\/vc_column][\/vc_row][vc_row][vc_column][vc_empty_space height=\"60px\"][\/vc_column][\/vc_row][vc_row][vc_column][vc_empty_space][vc_custom_heading text=\"L'EQUIPE TEMOIGNE\" font_container=\"tag:h2|text_align:center\" google_fonts=\"font_family:Anton%3Aregular|font_style:400%20regular%3A400%3Anormal\"][vc_empty_space][vc_row_inner content_placement=\"middle\"][vc_column_inner width=\"1\/6\"][vc_single_image image=\"10674\"][\/vc_column_inner][vc_column_inner width=\"5\/6\"][vc_column_text]Un grand merci pour le mat\u00e9riel PowerTec qui a \u00e9t\u00e9 tr\u00e8s efficace pendant l'exp\u00e9 !\r\n\r\n<em>- Thomas Delfino - Snowboarder Professionel<\/em>[\/vc_column_text][\/vc_column_inner][\/vc_row_inner][vc_row_inner content_placement=\"middle\"][vc_column_inner width=\"5\/6\"][vc_column_text]Je tiens \u00e0 remercier grandement Powertec pour ce partenariat, son soutien a \u00e9t\u00e9 de premier choix pour notre <strong>voyage en autonomie.<\/strong>\r\nNous sommes tr\u00e8s content du mat\u00e9riel qui a tenu toutes ses promesses et tout au long de notre aventure !\r\n\r\n<em>- Gregory Douillard - Skieur, Guide de rivi\u00e8re, photographe et pilote de drones<\/em>[\/vc_column_text][vc_column_text]\r\n<div>La charge du <strong>Dr\u00f4ne Maveric Pro<\/strong> avec le panneau Powertec a \u00e9t\u00e9 essentielle dans le passage du glacier du Logan: la glace puis les moraines interminables, v\u00e9ritable labyrinthe de Minos min\u00e9ral o\u00f9 le dr\u00f4ne a pris une vocation cartographique, pour trouver le cheminement le moins \u00e9nergivore \u00e0 arpenter, avec des sacs de plus de 35KG chacun.<\/div>\r\n<div><em>- Alex Marchesseau - <span style=\"color: #783f04;\">Mountain Guide, Ski instructor , <\/span><\/em><span style=\"color: #783f04;\"><em>Editor , Director Documentaries .<\/em> <\/span><\/div>\r\n<div><\/div>\r\n<div>D\u00e9couvrez nos <span style=\"font-weight: 400;\"><a href=\"\/\">chargeurs solaires professionnels<\/a> !\u00a0<\/span><\/div>\r\n[\/vc_column_text][\/vc_column_inner][vc_column_inner width=\"1\/6\"][vc_single_image image=\"10362\"][\/vc_column_inner][\/vc_row_inner][\/vc_column][\/vc_row][vc_row][vc_column][vc_custom_heading text=\"PARTENAIRES DE L'EXPEDITION\" font_container=\"tag:h2|text_align:center\" google_fonts=\"font_family:Anton%3Aregular|font_style:400%20regular%3A400%3Anormal\"][vc_empty_space][\/vc_column][\/vc_row][vc_row][vc_column][vc_empty_space][\/vc_column][\/vc_row][vc_row content_placement=\"middle\"][vc_column width=\"1\/5\"][vc_single_image image=\"11208\" img_size=\"medium\" alignment=\"center\"][\/vc_column][vc_column width=\"1\/5\"][vc_single_image image=\"11023\" img_size=\"medium\" alignment=\"center\"][\/vc_column][vc_column width=\"1\/5\"][vc_single_image image=\"11210\" img_size=\"medium\" alignment=\"center\"][\/vc_column][vc_column width=\"1\/5\"][vc_single_image image=\"11212\" img_size=\"medium\" alignment=\"center\"][\/vc_column][vc_column width=\"1\/5\"][vc_single_image image=\"23405\" img_size=\"medium\" alignment=\"center\"][\/vc_column][\/vc_row][vc_row][vc_column width=\"1\/4\"][vc_single_image image=\"10674\" img_size=\"300x300\" alignment=\"center\"][\/vc_column][vc_column width=\"1\/4\"][vc_single_image image=\"11927\" img_size=\"full\" alignment=\"center\"][\/vc_column][vc_column width=\"1\/4\"][vc_single_image image=\"11929\" img_size=\"full\" alignment=\"center\"][\/vc_column][vc_column width=\"1\/4\"][vc_single_image image=\"24010\" img_size=\"300x300\" alignment=\"center\"][\/vc_column][\/vc_row]","_et_gb_content_width":"","footnotes":""},"class_list":["post-11711","page","type-page","status-publish","has-post-thumbnail","hentry"],"yoast_head":"<!-- This site is optimized with the Yoast SEO plugin v27.4 - https:\/\/yoast.com\/product\/yoast-seo-wordpress\/ -->\n<title>Mount Logan: Self-sufficient expedition, Powertec solar charger - Greg Douillard and his team<\/title>\n<meta name=\"description\" content=\"Follow the past expedition of Helias Millerioux, Thomas Delfino, Alexandre Marchessaux and Greg Douillard in autonomy, powered by Powertec solar panels to charge all their electronic devices.\" \/>\n<meta name=\"robots\" content=\"index, follow, max-snippet:-1, max-image-preview:large, max-video-preview:-1\" \/>\n<link rel=\"canonical\" href=\"https:\/\/www.powertec.fr\/en\/voyage-en-autonomie-mont-logan\/\" \/>\n<meta property=\"og:locale\" content=\"en_US\" \/>\n<meta property=\"og:type\" content=\"article\" \/>\n<meta property=\"og:title\" content=\"Mount Logan: Self-sufficient expedition, Powertec solar charger - Greg Douillard and his team\" \/>\n<meta property=\"og:description\" content=\"Follow the past expedition of Helias Millerioux, Thomas Delfino, Alexandre Marchessaux and Greg Douillard in autonomy, powered by Powertec solar panels to charge all their electronic devices.\" \/>\n<meta property=\"og:url\" content=\"https:\/\/www.powertec.fr\/en\/voyage-en-autonomie-mont-logan\/\" \/>\n<meta property=\"og:site_name\" content=\"Powertec : chargeurs solaires professionnels\" \/>\n<meta property=\"article:publisher\" content=\"https:\/\/www.facebook.com\/pages\/Powertec-Design\/136636319834629\" \/>\n<meta property=\"article:modified_time\" content=\"2025-08-12T13:26:05+00:00\" \/>\n<meta property=\"og:image\" content=\"https:\/\/www.powertec.fr\/wp-content\/uploads\/2020\/07\/mont-logan-02.jpg\" \/>\n\t<meta property=\"og:image:width\" content=\"1080\" \/>\n\t<meta property=\"og:image:height\" content=\"1080\" \/>\n\t<meta property=\"og:image:type\" content=\"image\/jpeg\" \/>\n<meta name=\"twitter:card\" content=\"summary_large_image\" \/>\n<meta name=\"twitter:site\" content=\"@PowertecDesign\" \/>\n<meta name=\"twitter:label1\" content=\"Est. reading time\" \/>\n\t<meta name=\"twitter:data1\" content=\"4 minutes\" \/>\n<script type=\"application\/ld+json\" class=\"yoast-schema-graph\">{\"@context\":\"https:\\\/\\\/schema.org\",\"@graph\":[{\"@type\":\"WebPage\",\"@id\":\"https:\\\/\\\/www.powertec.fr\\\/en\\\/voyage-en-autonomie-mont-logan\\\/\",\"url\":\"https:\\\/\\\/www.powertec.fr\\\/en\\\/voyage-en-autonomie-mont-logan\\\/\",\"name\":\"Mount Logan: Self-sufficient expedition, Powertec solar charger - Greg Douillard and his team\",\"isPartOf\":{\"@id\":\"https:\\\/\\\/www.powertec.fr\\\/en\\\/#website\"},\"primaryImageOfPage\":{\"@id\":\"https:\\\/\\\/www.powertec.fr\\\/en\\\/voyage-en-autonomie-mont-logan\\\/#primaryimage\"},\"image\":{\"@id\":\"https:\\\/\\\/www.powertec.fr\\\/en\\\/voyage-en-autonomie-mont-logan\\\/#primaryimage\"},\"thumbnailUrl\":\"https:\\\/\\\/www.powertec.fr\\\/wp-content\\\/uploads\\\/2020\\\/07\\\/mont-logan-02.jpg\",\"datePublished\":\"2020-03-23T08:39:18+00:00\",\"dateModified\":\"2025-08-12T13:26:05+00:00\",\"description\":\"Follow the past expedition of Helias Millerioux, Thomas Delfino, Alexandre Marchessaux and Greg Douillard in autonomy, powered by Powertec solar panels to charge all their electronic devices.\",\"breadcrumb\":{\"@id\":\"https:\\\/\\\/www.powertec.fr\\\/en\\\/voyage-en-autonomie-mont-logan\\\/#breadcrumb\"},\"inLanguage\":\"en-US\",\"potentialAction\":[{\"@type\":\"ReadAction\",\"target\":[\"https:\\\/\\\/www.powertec.fr\\\/en\\\/voyage-en-autonomie-mont-logan\\\/\"]}]},{\"@type\":\"ImageObject\",\"inLanguage\":\"en-US\",\"@id\":\"https:\\\/\\\/www.powertec.fr\\\/en\\\/voyage-en-autonomie-mont-logan\\\/#primaryimage\",\"url\":\"https:\\\/\\\/www.powertec.fr\\\/wp-content\\\/uploads\\\/2020\\\/07\\\/mont-logan-02.jpg\",\"contentUrl\":\"https:\\\/\\\/www.powertec.fr\\\/wp-content\\\/uploads\\\/2020\\\/07\\\/mont-logan-02.jpg\",\"width\":1080,\"height\":1080,\"caption\":\"Mont Logan Exp\u00e9dition\"},{\"@type\":\"BreadcrumbList\",\"@id\":\"https:\\\/\\\/www.powertec.fr\\\/en\\\/voyage-en-autonomie-mont-logan\\\/#breadcrumb\",\"itemListElement\":[{\"@type\":\"ListItem\",\"position\":1,\"name\":\"Accueil\",\"item\":\"https:\\\/\\\/www.powertec.fr\\\/en\\\/\"},{\"@type\":\"ListItem\",\"position\":2,\"name\":\"Mont Logan Expedition\"}]},{\"@type\":\"WebSite\",\"@id\":\"https:\\\/\\\/www.powertec.fr\\\/en\\\/#website\",\"url\":\"https:\\\/\\\/www.powertec.fr\\\/en\\\/\",\"name\":\"Powertec : chargeurs solaires professionnels\",\"description\":\"Professional Solar chargers, Powerbanks, outdoor Gear\",\"publisher\":{\"@id\":\"https:\\\/\\\/www.powertec.fr\\\/en\\\/#organization\"},\"potentialAction\":[{\"@type\":\"SearchAction\",\"target\":{\"@type\":\"EntryPoint\",\"urlTemplate\":\"https:\\\/\\\/www.powertec.fr\\\/en\\\/?s={search_term_string}\"},\"query-input\":{\"@type\":\"PropertyValueSpecification\",\"valueRequired\":true,\"valueName\":\"search_term_string\"}}],\"inLanguage\":\"en-US\"},{\"@type\":\"Organization\",\"@id\":\"https:\\\/\\\/www.powertec.fr\\\/en\\\/#organization\",\"name\":\"Powertec chargeur solaire\",\"url\":\"https:\\\/\\\/www.powertec.fr\\\/en\\\/\",\"logo\":{\"@type\":\"ImageObject\",\"inLanguage\":\"en-US\",\"@id\":\"https:\\\/\\\/www.powertec.fr\\\/en\\\/#\\\/schema\\\/logo\\\/image\\\/\",\"url\":\"https:\\\/\\\/www.powertec.fr\\\/wp-content\\\/uploads\\\/2025\\\/03\\\/Logo-Powertec.png\",\"contentUrl\":\"https:\\\/\\\/www.powertec.fr\\\/wp-content\\\/uploads\\\/2025\\\/03\\\/Logo-Powertec.png\",\"width\":800,\"height\":231,\"caption\":\"Powertec chargeur solaire\"},\"image\":{\"@id\":\"https:\\\/\\\/www.powertec.fr\\\/en\\\/#\\\/schema\\\/logo\\\/image\\\/\"},\"sameAs\":[\"https:\\\/\\\/www.facebook.com\\\/pages\\\/Powertec-Design\\\/136636319834629\",\"https:\\\/\\\/x.com\\\/PowertecDesign\",\"https:\\\/\\\/www.instagram.com\\\/powertecdesign\\\/\",\"http:\\\/\\\/pinterest.com\\\/PowertecDesign\\\/boards\\\/\",\"https:\\\/\\\/www.youtube.com\\\/channel\\\/UCKPPbn8yFCbV4QukJxSXU8g\\\/feed?filter=2\"]}]}<\/script>\n<!-- \/ Yoast SEO plugin. -->","yoast_head_json":{"title":"Mount Logan: Self-sufficient expedition, Powertec solar charger - Greg Douillard and his team","description":"Follow the past expedition of Helias Millerioux, Thomas Delfino, Alexandre Marchessaux and Greg Douillard in autonomy, powered by Powertec solar panels to charge all their electronic devices.","robots":{"index":"index","follow":"follow","max-snippet":"max-snippet:-1","max-image-preview":"max-image-preview:large","max-video-preview":"max-video-preview:-1"},"canonical":"https:\/\/www.powertec.fr\/en\/voyage-en-autonomie-mont-logan\/","og_locale":"en_US","og_type":"article","og_title":"Mount Logan: Self-sufficient expedition, Powertec solar charger - Greg Douillard and his team","og_description":"Follow the past expedition of Helias Millerioux, Thomas Delfino, Alexandre Marchessaux and Greg Douillard in autonomy, powered by Powertec solar panels to charge all their electronic devices.","og_url":"https:\/\/www.powertec.fr\/en\/voyage-en-autonomie-mont-logan\/","og_site_name":"Powertec : chargeurs solaires professionnels","article_publisher":"https:\/\/www.facebook.com\/pages\/Powertec-Design\/136636319834629","article_modified_time":"2025-08-12T13:26:05+00:00","og_image":[{"width":1080,"height":1080,"url":"https:\/\/www.powertec.fr\/wp-content\/uploads\/2020\/07\/mont-logan-02.jpg","type":"image\/jpeg"}],"twitter_card":"summary_large_image","twitter_site":"@PowertecDesign","twitter_misc":{"Est. reading time":"4 minutes"},"schema":{"@context":"https:\/\/schema.org","@graph":[{"@type":"WebPage","@id":"https:\/\/www.powertec.fr\/en\/voyage-en-autonomie-mont-logan\/","url":"https:\/\/www.powertec.fr\/en\/voyage-en-autonomie-mont-logan\/","name":"Mount Logan: Self-sufficient expedition, Powertec solar charger - Greg Douillard and his team","isPartOf":{"@id":"https:\/\/www.powertec.fr\/en\/#website"},"primaryImageOfPage":{"@id":"https:\/\/www.powertec.fr\/en\/voyage-en-autonomie-mont-logan\/#primaryimage"},"image":{"@id":"https:\/\/www.powertec.fr\/en\/voyage-en-autonomie-mont-logan\/#primaryimage"},"thumbnailUrl":"https:\/\/www.powertec.fr\/wp-content\/uploads\/2020\/07\/mont-logan-02.jpg","datePublished":"2020-03-23T08:39:18+00:00","dateModified":"2025-08-12T13:26:05+00:00","description":"Follow the past expedition of Helias Millerioux, Thomas Delfino, Alexandre Marchessaux and Greg Douillard in autonomy, powered by Powertec solar panels to charge all their electronic devices.","breadcrumb":{"@id":"https:\/\/www.powertec.fr\/en\/voyage-en-autonomie-mont-logan\/#breadcrumb"},"inLanguage":"en-US","potentialAction":[{"@type":"ReadAction","target":["https:\/\/www.powertec.fr\/en\/voyage-en-autonomie-mont-logan\/"]}]},{"@type":"ImageObject","inLanguage":"en-US","@id":"https:\/\/www.powertec.fr\/en\/voyage-en-autonomie-mont-logan\/#primaryimage","url":"https:\/\/www.powertec.fr\/wp-content\/uploads\/2020\/07\/mont-logan-02.jpg","contentUrl":"https:\/\/www.powertec.fr\/wp-content\/uploads\/2020\/07\/mont-logan-02.jpg","width":1080,"height":1080,"caption":"Mont Logan Exp\u00e9dition"},{"@type":"BreadcrumbList","@id":"https:\/\/www.powertec.fr\/en\/voyage-en-autonomie-mont-logan\/#breadcrumb","itemListElement":[{"@type":"ListItem","position":1,"name":"Accueil","item":"https:\/\/www.powertec.fr\/en\/"},{"@type":"ListItem","position":2,"name":"Mont Logan Expedition"}]},{"@type":"WebSite","@id":"https:\/\/www.powertec.fr\/en\/#website","url":"https:\/\/www.powertec.fr\/en\/","name":"Powertec : chargeurs solaires professionnels","description":"Professional Solar chargers, Powerbanks, outdoor Gear","publisher":{"@id":"https:\/\/www.powertec.fr\/en\/#organization"},"potentialAction":[{"@type":"SearchAction","target":{"@type":"EntryPoint","urlTemplate":"https:\/\/www.powertec.fr\/en\/?s={search_term_string}"},"query-input":{"@type":"PropertyValueSpecification","valueRequired":true,"valueName":"search_term_string"}}],"inLanguage":"en-US"},{"@type":"Organization","@id":"https:\/\/www.powertec.fr\/en\/#organization","name":"Powertec chargeur solaire","url":"https:\/\/www.powertec.fr\/en\/","logo":{"@type":"ImageObject","inLanguage":"en-US","@id":"https:\/\/www.powertec.fr\/en\/#\/schema\/logo\/image\/","url":"https:\/\/www.powertec.fr\/wp-content\/uploads\/2025\/03\/Logo-Powertec.png","contentUrl":"https:\/\/www.powertec.fr\/wp-content\/uploads\/2025\/03\/Logo-Powertec.png","width":800,"height":231,"caption":"Powertec chargeur solaire"},"image":{"@id":"https:\/\/www.powertec.fr\/en\/#\/schema\/logo\/image\/"},"sameAs":["https:\/\/www.facebook.com\/pages\/Powertec-Design\/136636319834629","https:\/\/x.com\/PowertecDesign","https:\/\/www.instagram.com\/powertecdesign\/","http:\/\/pinterest.com\/PowertecDesign\/boards\/","https:\/\/www.youtube.com\/channel\/UCKPPbn8yFCbV4QukJxSXU8g\/feed?filter=2"]}]}},"_links":{"self":[{"href":"https:\/\/www.powertec.fr\/en\/wp-json\/wp\/v2\/pages\/11711","targetHints":{"allow":["GET"]}}],"collection":[{"href":"https:\/\/www.powertec.fr\/en\/wp-json\/wp\/v2\/pages"}],"about":[{"href":"https:\/\/www.powertec.fr\/en\/wp-json\/wp\/v2\/types\/page"}],"author":[{"embeddable":true,"href":"https:\/\/www.powertec.fr\/en\/wp-json\/wp\/v2\/users\/1550"}],"replies":[{"embeddable":true,"href":"https:\/\/www.powertec.fr\/en\/wp-json\/wp\/v2\/comments?post=11711"}],"version-history":[{"count":5,"href":"https:\/\/www.powertec.fr\/en\/wp-json\/wp\/v2\/pages\/11711\/revisions"}],"predecessor-version":[{"id":26724,"href":"https:\/\/www.powertec.fr\/en\/wp-json\/wp\/v2\/pages\/11711\/revisions\/26724"}],"wp:featuredmedia":[{"embeddable":true,"href":"https:\/\/www.powertec.fr\/en\/wp-json\/wp\/v2\/media\/11928"}],"wp:attachment":[{"href":"https:\/\/www.powertec.fr\/en\/wp-json\/wp\/v2\/media?parent=11711"}],"curies":[{"name":"wp","href":"https:\/\/api.w.org\/{rel}","templated":true}]}}