{"id":12926,"date":"2020-04-06T10:37:56","date_gmt":"2020-04-06T08:37:56","guid":{"rendered":"https:\/\/www.powertec.fr\/?page_id=12926"},"modified":"2024-10-19T20:18:43","modified_gmt":"2024-10-19T18:18:43","slug":"adventure-trip-team-icarus","status":"publish","type":"page","link":"https:\/\/www.powertec.fr\/en\/adventure-trip-team-icarus\/","title":{"rendered":"ICARUS adventure trip by Loury Lag"},"content":{"rendered":"<p>[vc_row fullwidth=&#8221;yes&#8221; wrap=&#8221;yes&#8221; content_placement=&#8221;middle&#8221; parallax=&#8221;content-moving&#8221; css=&#8221;.vc_custom_1584971447273{padding-top: 100px !important;padding-bottom: 100px !important;background: rgba(0,0,0,0.1) url(https:\/\/www.powertec.fr\/wp-content\/uploads\/2020\/03\/Projet-Icare-Matthieu-Belanger-vise-le-soleil.jpg?id=11135);background-position:center;background-repeat: no-repeat !important;background-size: cover !important;*background-color: rgb(0,0,0) !important;}&#8221;][vc_column][vc_custom_heading text=&#8221;TEAM ICARUS&#8221; font_container=&#8221;tag:h2|font_size:145|text_align:center|color:%23ffffff&#8221; google_fonts=&#8221;font_family:Anton%3Aregular|font_style:400%20regular%3A400%3Anormal&#8221; el_class=&#8221;title-expedition&#8221;][vc_custom_heading text=&#8221;EXPEDITION AVENTURE&#8221; font_container=&#8221;tag:h1|text_align:center|color:%23ffffff&#8221; use_theme_fonts=&#8221;yes&#8221;][\/vc_column][\/vc_row][vc_row content_placement=&#8221;middle&#8221;][vc_column][vc_empty_space][vc_custom_heading text=&#8221;THE EXPEDITION PROJECT&#8221; font_container=&#8221;tag:h2|text_align:center&#8221; google_fonts=&#8221;font_family:Anton%3Aregular|font_style:400%20regular%3A400%3Anormal&#8221;][vc_empty_space][\/vc_column][\/vc_row][vc_row content_placement=&#8221;middle&#8221;][vc_column width=&#8221;1\/2&#8243;][vc_column_text]<\/p>\n<div class=\"page\" title=\"Page 2\">\n<div class=\"section\">\n<div class=\"layoutArea\">\n<div class=\"column\">\n<p>Matthieu Be\u0301langer et Loury Lag se lancent un nouveau de\u0301fi encore jamais re\u0301alise\u0301 :<strong> L\u2019ascension du DENALI 6190 m par le passage du Nord Ouest. Une exp\u00e9dition en autonomie totale&#8230;<\/strong><\/p>\n<p>Anciennement appel\u00e9<strong>McKinley<\/strong> , le DENALI fait partie du Challenge des <a href=\"http:\/\/www.philippegatta.fr\/7summits.htm\">7 Summits<\/a> qui consiste \u00e0 r\u00e9aliser l&#8217;ascension du plus haut sommet de chacun des 7 continents.<\/p>\n<div class=\"section\">\n<div class=\"layoutArea\">\n<div class=\"column\">\n<p>Si le d\u00e9fi des 7 sommets a \u00e9t\u00e9 accompli plusieurs centaines de fois depuis sa cr\u00e9ation, personne n&#8217;a jamais joint chacun des sommet sans v\u00e9hicules \u00e0 moteur.<\/p><\/div>\n<\/div>\n<\/div>\n<div class=\"section\">\n<div class=\"layoutArea\">\n<div class=\"column\">\n<p>ICARUS PROJECT utilisera tous les moyens de locomotion propres et non motorise\u0301s possibles pour parcourir les 100 000 km de son tour du monde !<\/p><\/div>\n<\/div>\n<div class=\"layoutArea\">\n<div class=\"column\">\n<p>A\u0300 pieds, a\u0300 ve\u0301lo, a\u0300 cheval, en kayak, a\u0300 la voile, a\u0300 skis, en hydrospeed etc&#8230;<\/p>\n<div class=\"page\" title=\"Page 2\">\n<div class=\"section\">\n<div class=\"layoutArea\">\n<div class=\"column\">\n<p><strong>Premie\u0300re mondiale !<\/strong><\/div>\n<\/div>\n<\/div>\n<\/div>\n<\/div>\n<\/div>\n<\/div>\n<div class=\"page\" title=\"Page 5\">\n<div class=\"section\">\n<div class=\"section\">\n<div class=\"layoutArea\">\n<div class=\"column\">\n<p>Gravir les 7 sommets, sans guide (quand la loi le permet), en style alpin et joindre les uns aux autres par tous moyens non motorise\u0301s possibles. Le projet sera divise\u0301 en chapitre re\u0301alise\u0301s au fil des anne\u0301es, dont les points GPS de de\u0301part et d\u2019arrive\u0301e seront enregistre\u0301s pour assurer de relier correctement au final toutes les e\u0301tapes et en faire un vrai tour du monde.<\/p><\/div>\n<\/div>\n<\/div>\n<div class=\"section\">\n<div class=\"layoutArea\">\n<div class=\"column\"><\/div>\n<\/div>\n<\/div>\n<div class=\"section\">\n<div class=\"layoutArea\">\n<div class=\"column\">\n<div class=\"page\" title=\"Page 2\">\n<div class=\"section\">\n<div class=\"layoutArea\">\n<div class=\"column\">\n<p><em>Le mat\u00e9riel \u00e9lectronique de cette exp\u00e9dition est charg\u00e9 par les panneaux solaires <strong>Powertec<\/strong> !<\/em><\/div>\n<\/div>\n<\/div>\n<\/div>\n<\/div>\n<\/div>\n<\/div>\n<\/div>\n<\/div>\n<\/div>\n<\/div>\n<\/div>\n<\/div>\n<p>[\/vc_column_text][\/vc_column][vc_column width=&#8221;1\/2&#8243;][vc_single_image image=&#8221;12891&#8243; img_size=&#8221;large&#8221; add_caption=&#8221;yes&#8221; alignment=&#8221;center&#8221; title=&#8221;TEAM ICARUS &#8211; Loury &amp; Matthieu&#8221;][\/vc_column][\/vc_row][vc_row][vc_column][vc_empty_space height=&#8221;60px&#8221;][\/vc_column][\/vc_row][vc_row][vc_column][vc_custom_heading text=&#8221;ELECTRONIC EQUIPMENT&#8221; font_container=&#8221;tag:h2|text_align:center&#8221; google_fonts=&#8221;font_family:Anton%3Aregular|font_style:400%20regular%3A400%3Anormal&#8221;][vc_empty_space][\/vc_column][\/vc_row][vc_row content_placement=&#8221;bottom&#8221;][vc_column][vc_custom_heading text=&#8221;&#8221; font_container=&#8221;tag:h4|text_align:center&#8221; google_fonts=&#8221;font_family:Anton%3Aregular|font_style:400%20regular%3A400%3Anormal&#8221;][vc_empty_space height=&#8221;60px&#8221;][vc_row_inner content_placement=&#8221;bottom&#8221;][vc_column_inner width=&#8221;1\/6&#8243;][\/vc_column_inner][vc_column_inner width=&#8221;1\/6&#8243;][vc_single_image image=&#8221;11145&#8243; img_size=&#8221;medium&#8221; alignment=&#8221;center&#8221;][vc_column_text]<\/p>\n<p style=\"text-align: center;\">2 GO PRO FUSION + 5 Batteries<\/p>\n<p>[\/vc_column_text][\/vc_column_inner][vc_column_inner width=&#8221;1\/6&#8243;][vc_single_image image=&#8221;11141&#8243; img_size=&#8221;medium&#8221; alignment=&#8221;center&#8221;][vc_column_text]<\/p>\n<p style=\"text-align: center;\">5 GO PRO HERO 7 Black + 20 Batteries<\/p>\n<p>[\/vc_column_text][\/vc_column_inner][vc_column_inner width=&#8221;1\/6&#8243;][vc_single_image image=&#8221;11143&#8243; img_size=&#8221;medium&#8221; alignment=&#8221;center&#8221;][vc_column_text]<\/p>\n<p style=\"text-align: center;\">1 DRONE MAVIC PRO 2 + 3 Batteries<\/p>\n<p>[\/vc_column_text][\/vc_column_inner][vc_column_inner width=&#8221;1\/6&#8243;][vc_single_image image=&#8221;11153&#8243; img_size=&#8221;medium&#8221; alignment=&#8221;center&#8221;][vc_column_text]<\/p>\n<p style=\"text-align: center;\">2 TELEPHONES PORTABLES<\/p>\n<p>[\/vc_column_text][\/vc_column_inner][vc_column_inner width=&#8221;1\/6&#8243;][\/vc_column_inner][\/vc_row_inner][vc_row_inner content_placement=&#8221;bottom&#8221;][vc_column_inner width=&#8221;1\/6&#8243;][\/vc_column_inner][vc_column_inner width=&#8221;1\/6&#8243;][vc_single_image image=&#8221;11139&#8243; img_size=&#8221;medium&#8221; alignment=&#8221;center&#8221;][vc_column_text]<\/p>\n<p style=\"text-align: center;\">3 GPS GARMIN INREACH<\/p>\n<p>[\/vc_column_text][\/vc_column_inner][vc_column_inner width=&#8221;1\/6&#8243;][vc_single_image image=&#8221;11149&#8243; img_size=&#8221;medium&#8221; alignment=&#8221;center&#8221;][vc_column_text]<\/p>\n<p style=\"text-align: center;\">1 boitier IRIDIUM GO + 2 Batteries<\/p>\n<p>[\/vc_column_text][\/vc_column_inner][vc_column_inner width=&#8221;1\/6&#8243;][vc_single_image image=&#8221;11151&#8243; img_size=&#8221;medium&#8221; alignment=&#8221;center&#8221;][vc_column_text]<\/p>\n<p style=\"text-align: center;\">1 TELEPHONE SATELLITE + 2 Batteries<\/p>\n<p>[\/vc_column_text][\/vc_column_inner][\/vc_row_inner][\/vc_column][\/vc_row][vc_row][vc_column][vc_empty_space height=&#8221;60px&#8221;][vc_custom_heading text=&#8221;POWERTEC EQUIPMENT USED&#8221; font_container=&#8221;tag:h4|text_align:center&#8221; google_fonts=&#8221;font_family:Anton%3Aregular|font_style:400%20regular%3A400%3Anormal&#8221;][vc_empty_space height=&#8221;60px&#8221;][vc_row_inner content_placement=&#8221;middle&#8221;][vc_column_inner width=&#8221;1\/5&#8243;][\/vc_column_inner][vc_column_inner width=&#8221;1\/5&#8243;][vc_single_image image=&#8221;6240&#8243; img_size=&#8221;medium&#8221; add_caption=&#8221;yes&#8221; alignment=&#8221;center&#8221; onclick=&#8221;custom_link&#8221; img_link_target=&#8221;_blank&#8221; title=&#8221;PT Flap 16 &#8211; Dual Output&#8221; link=&#8221;https:\/\/www.powertec.fr\/chargeur-solaire-portable\/semi-rigide-sunpower\/panneau-solaire-portable-pt-flap-16-dual-output\/&#8221;][\/vc_column_inner][vc_column_inner width=&#8221;1\/5&#8243;][vc_single_image image=&#8221;8253&#8243; img_size=&#8221;medium&#8221; alignment=&#8221;center&#8221; onclick=&#8221;custom_link&#8221; img_link_target=&#8221;_blank&#8221; title=&#8221;Batterie PT 111&#8243; link=&#8221;https:\/\/www.powertec.fr\/batterie-de-secours\/batterie-externe-12v-pt-111-30-000-mah-111wh\/&#8221;][\/vc_column_inner][vc_column_inner width=&#8221;1\/5&#8243;][vc_single_image image=&#8221;6228&#8243; img_size=&#8221;medium&#8221; alignment=&#8221;center&#8221; onclick=&#8221;custom_link&#8221; title=&#8221;Cables and chargers&#8221; link=&#8221;https:\/\/www.powertec.fr\/categorie-produit\/cables-et-chargeurs-usb\/&#8221;][\/vc_column_inner][\/vc_row_inner][\/vc_column][\/vc_row][vc_row][vc_column][vc_empty_space height=&#8221;60px&#8221;][\/vc_column][\/vc_row][vc_row][vc_column][vc_custom_heading text=&#8221;FOLLOW THE SHIPMENT&#8221; font_container=&#8221;tag:h2|text_align:center&#8221; google_fonts=&#8221;font_family:Anton%3Aregular|font_style:400%20regular%3A400%3Anormal&#8221;][vc_empty_space][jas_instagram limit=&#8221;6&#8243; columns=&#8221;2&#8243; user_id=&#8221;973612747&#8243;][\/vc_column][\/vc_row][vc_row][vc_column][vc_gallery interval=&#8221;3&#8243; images=&#8221;24000,23998,23996&#8243; img_size=&#8221;1200*1000&#8243; onclick=&#8221;&#8221; title=&#8221;Icarus Images&#8221;][\/vc_column][\/vc_row][vc_row][vc_column][vc_empty_space height=&#8221;60px&#8221;][\/vc_column][\/vc_row][vc_row][vc_column][vc_empty_space][vc_custom_heading text=&#8221;THE TEAM TESTIFIES&#8221; font_container=&#8221;tag:h2|text_align:center&#8221; google_fonts=&#8221;font_family:Anton%3Aregular|font_style:400%20regular%3A400%3Anormal&#8221;][vc_empty_space][vc_row_inner content_placement=&#8221;middle&#8221;][vc_column_inner width=&#8221;1\/6&#8243;][vc_single_image image=&#8221;12900&#8243; img_size=&#8221;medium&#8221; title=&#8221;Loury&#8221;][\/vc_column_inner][vc_column_inner width=&#8221;5\/6&#8243;][vc_column_text]&#8221;Merci a Powertec de nous avoir accompagn\u00e9 dans notre aventure polaire. Cet \u00e9v\u00e9nement marque le d\u00e9but d\u2019une longue collaboration !&#8221;<br \/>\n<em>Loury Lag &#8211; aventurier Team Icarus<\/em>[\/vc_column_text][\/vc_column_inner][\/vc_row_inner][vc_row_inner content_placement=&#8221;middle&#8221;][vc_column_inner width=&#8221;5\/6&#8243;][vc_column_text]&#8221;Ce fut une premi\u00e8re pour tous. Devoir tester le mat\u00e9riel et voir sa fiabilit\u00e9 dans de telles conditions extr\u00eames fut a la fois une surprise mais une enti\u00e8re satisfaction ! Powertec est d\u00e9finitivement le bon partenaire pour votre exp\u00e9dition en autonomie.&#8221;<br \/>\n<em>Matthieu B\u00e9langer &#8211; aventurier Team Icarus<\/em>[\/vc_column_text][\/vc_column_inner][vc_column_inner width=&#8221;1\/6&#8243;][vc_single_image image=&#8221;12902&#8243; title=&#8221;Matthieu&#8221;][\/vc_column_inner][\/vc_row_inner][\/vc_column][\/vc_row][vc_row][vc_column][vc_custom_heading text=&#8221;PARTNERS OF THE EXPEDITION&#8221; font_container=&#8221;tag:h2|text_align:center&#8221; google_fonts=&#8221;font_family:Anton%3Aregular|font_style:400%20regular%3A400%3Anormal&#8221;][vc_empty_space][\/vc_column][\/vc_row][vc_row][vc_column][vc_empty_space][\/vc_column][\/vc_row][vc_row content_placement=&#8221;middle&#8221;][vc_column width=&#8221;1\/4&#8243;][vc_single_image image=&#8221;11168&#8243; img_size=&#8221;medium&#8221; alignment=&#8221;center&#8221;][\/vc_column][vc_column width=&#8221;1\/4&#8243;][vc_single_image image=&#8221;11170&#8243; img_size=&#8221;medium&#8221; alignment=&#8221;center&#8221;][\/vc_column][vc_column width=&#8221;1\/4&#8243;][vc_single_image image=&#8221;11172&#8243; img_size=&#8221;medium&#8221; alignment=&#8221;center&#8221;][\/vc_column][vc_column width=&#8221;1\/4&#8243;][vc_single_image image=&#8221;11238&#8243; img_size=&#8221;medium&#8221; alignment=&#8221;center&#8221;][\/vc_column][\/vc_row][vc_row content_placement=&#8221;middle&#8221;][vc_column width=&#8221;1\/3&#8243;][vc_single_image image=&#8221;11176&#8243; img_size=&#8221;medium&#8221; alignment=&#8221;center&#8221;][\/vc_column][vc_column width=&#8221;1\/3&#8243;][vc_single_image image=&#8221;11178&#8243; img_size=&#8221;medium&#8221; alignment=&#8221;center&#8221;][\/vc_column][vc_column width=&#8221;1\/3&#8243;][vc_single_image image=&#8221;11174&#8243; img_size=&#8221;medium&#8221; alignment=&#8221;center&#8221;][\/vc_column][\/vc_row][vc_row][vc_column][vc_video link=&#8221;https:\/\/youtu.be\/8SZz-5l11mE&#8221; title=&#8221;Artical charging with Powertec&#8221;][\/vc_column][\/vc_row]<\/p>\n","protected":false},"excerpt":{"rendered":"<p>[vc_row fullwidth=&#8221;yes&#8221; wrap=&#8221;yes&#8221; content_placement=&#8221;middle&#8221; parallax=&#8221;content-moving&#8221; css=&#8221;.vc_custom_1584971447273{padding-top: 100px !important;padding-bottom: 100px !important;background: rgba(0,0,0,0.1) url(https:\/\/www.powertec.fr\/wp-content\/uploads\/2020\/03\/Projet-Icare-Matthieu-Belanger-vise-le-soleil.jpg?id=11135);background-position:center;background-repeat: no-repeat !important;background-size: cover !important;*background-color: rgb(0,0,0) !important;}&#8221;][vc_column][vc_custom_heading text=&#8221;TEAM ICARUS&#8221; font_container=&#8221;tag:h2|font_size:145|text_align:center|color:%23ffffff&#8221; google_fonts=&#8221;font_family:Anton%3Aregular|font_style:400%20regular%3A400%3Anormal&#8221; el_class=&#8221;title-expedition&#8221;][vc_custom_heading text=&#8221;EXPEDITION AVENTURE&#8221; font_container=&#8221;tag:h1|text_align:center|color:%23ffffff&#8221; use_theme_fonts=&#8221;yes&#8221;][\/vc_column][\/vc_row][vc_row content_placement=&#8221;middle&#8221;][vc_column][vc_empty_space][vc_custom_heading text=&#8221;THE EXPEDITION PROJECT&#8221; font_container=&#8221;tag:h2|text_align:center&#8221; google_fonts=&#8221;font_family:Anton%3Aregular|font_style:400%20regular%3A400%3Anormal&#8221;][vc_empty_space][\/vc_column][\/vc_row][vc_row content_placement=&#8221;middle&#8221;][vc_column width=&#8221;1\/2&#8243;][vc_column_text] Matthieu Be\u0301langer et Loury Lag se lancent un nouveau de\u0301fi encore jamais re\u0301alise\u0301 : L\u2019ascension du DENALI 6190 m par [&hellip;]<\/p>\n","protected":false},"author":1550,"featured_media":12900,"parent":0,"menu_order":0,"comment_status":"closed","ping_status":"closed","template":"","meta":{"_et_pb_use_builder":"on","_et_pb_old_content":"","_et_gb_content_width":"","footnotes":""},"class_list":["post-12926","page","type-page","status-publish","has-post-thumbnail","hentry"],"yoast_head":"<!-- This site is optimized with the Yoast SEO plugin v27.6 - https:\/\/yoast.com\/product\/yoast-seo-wordpress\/ -->\n<title>Adventure trip Icarus - autonomy with Powertec solar charger<\/title>\n<meta name=\"description\" content=\"In their adventure trip, Matthieu B\u00e9langer and Loury Lag have attempted to climb the DENALI to start going around the world\" \/>\n<meta name=\"robots\" content=\"index, follow, max-snippet:-1, max-image-preview:large, max-video-preview:-1\" \/>\n<link rel=\"canonical\" href=\"https:\/\/www.powertec.fr\/en\/adventure-trip-team-icarus\/\" \/>\n<meta property=\"og:locale\" content=\"en_US\" \/>\n<meta property=\"og:type\" content=\"article\" \/>\n<meta property=\"og:title\" content=\"Adventure trip Icarus - autonomy with Powertec solar charger\" \/>\n<meta property=\"og:description\" content=\"In their adventure trip, Matthieu B\u00e9langer and Loury Lag have attempted to climb the DENALI to start going around the world\" \/>\n<meta property=\"og:url\" content=\"https:\/\/www.powertec.fr\/en\/adventure-trip-team-icarus\/\" \/>\n<meta property=\"og:site_name\" content=\"Powertec : chargeurs solaires professionnels\" \/>\n<meta property=\"article:publisher\" content=\"https:\/\/www.facebook.com\/pages\/Powertec-Design\/136636319834629\" \/>\n<meta property=\"article:modified_time\" content=\"2024-10-19T18:18:43+00:00\" \/>\n<meta property=\"og:image\" content=\"https:\/\/www.powertec.fr\/wp-content\/uploads\/2017\/05\/apropospowertech.jpg\" \/>\n\t<meta property=\"og:image:width\" content=\"1279\" \/>\n\t<meta property=\"og:image:height\" content=\"1278\" \/>\n\t<meta property=\"og:image:type\" content=\"image\/jpeg\" \/>\n<meta name=\"twitter:card\" content=\"summary_large_image\" \/>\n<meta name=\"twitter:site\" content=\"@PowertecDesign\" \/>\n<meta name=\"twitter:label1\" content=\"Est. reading time\" \/>\n\t<meta name=\"twitter:data1\" content=\"3 minutes\" \/>\n<script type=\"application\/ld+json\" class=\"yoast-schema-graph\">{\"@context\":\"https:\\\/\\\/schema.org\",\"@graph\":[{\"@type\":\"WebPage\",\"@id\":\"https:\\\/\\\/www.powertec.fr\\\/en\\\/adventure-trip-team-icarus\\\/\",\"url\":\"https:\\\/\\\/www.powertec.fr\\\/en\\\/adventure-trip-team-icarus\\\/\",\"name\":\"Adventure trip Icarus - autonomy with Powertec solar charger\",\"isPartOf\":{\"@id\":\"https:\\\/\\\/www.powertec.fr\\\/en\\\/#website\"},\"primaryImageOfPage\":{\"@id\":\"https:\\\/\\\/www.powertec.fr\\\/en\\\/adventure-trip-team-icarus\\\/#primaryimage\"},\"image\":{\"@id\":\"https:\\\/\\\/www.powertec.fr\\\/en\\\/adventure-trip-team-icarus\\\/#primaryimage\"},\"thumbnailUrl\":\"https:\\\/\\\/www.powertec.fr\\\/wp-content\\\/uploads\\\/2020\\\/11\\\/team.icarus_20201115_153938.jpg\",\"datePublished\":\"2020-04-06T08:37:56+00:00\",\"dateModified\":\"2024-10-19T18:18:43+00:00\",\"description\":\"In their adventure trip, Matthieu B\u00e9langer and Loury Lag have attempted to climb the DENALI to start going around the world\",\"breadcrumb\":{\"@id\":\"https:\\\/\\\/www.powertec.fr\\\/en\\\/adventure-trip-team-icarus\\\/#breadcrumb\"},\"inLanguage\":\"en-US\",\"potentialAction\":[{\"@type\":\"ReadAction\",\"target\":[\"https:\\\/\\\/www.powertec.fr\\\/en\\\/adventure-trip-team-icarus\\\/\"]}]},{\"@type\":\"ImageObject\",\"inLanguage\":\"en-US\",\"@id\":\"https:\\\/\\\/www.powertec.fr\\\/en\\\/adventure-trip-team-icarus\\\/#primaryimage\",\"url\":\"https:\\\/\\\/www.powertec.fr\\\/wp-content\\\/uploads\\\/2020\\\/11\\\/team.icarus_20201115_153938.jpg\",\"contentUrl\":\"https:\\\/\\\/www.powertec.fr\\\/wp-content\\\/uploads\\\/2020\\\/11\\\/team.icarus_20201115_153938.jpg\",\"width\":632,\"height\":633,\"caption\":\"Exp\u00e9dition en autonomie Icarus\"},{\"@type\":\"BreadcrumbList\",\"@id\":\"https:\\\/\\\/www.powertec.fr\\\/en\\\/adventure-trip-team-icarus\\\/#breadcrumb\",\"itemListElement\":[{\"@type\":\"ListItem\",\"position\":1,\"name\":\"Accueil\",\"item\":\"https:\\\/\\\/www.powertec.fr\\\/en\\\/\"},{\"@type\":\"ListItem\",\"position\":2,\"name\":\"ICARUS adventure trip by Loury Lag\"}]},{\"@type\":\"WebSite\",\"@id\":\"https:\\\/\\\/www.powertec.fr\\\/en\\\/#website\",\"url\":\"https:\\\/\\\/www.powertec.fr\\\/en\\\/\",\"name\":\"Powertec : chargeurs solaires professionnels\",\"description\":\"Professional Solar chargers, Powerbanks, outdoor Gear\",\"publisher\":{\"@id\":\"https:\\\/\\\/www.powertec.fr\\\/en\\\/#organization\"},\"potentialAction\":[{\"@type\":\"SearchAction\",\"target\":{\"@type\":\"EntryPoint\",\"urlTemplate\":\"https:\\\/\\\/www.powertec.fr\\\/en\\\/?s={search_term_string}\"},\"query-input\":{\"@type\":\"PropertyValueSpecification\",\"valueRequired\":true,\"valueName\":\"search_term_string\"}}],\"inLanguage\":\"en-US\"},{\"@type\":\"Organization\",\"@id\":\"https:\\\/\\\/www.powertec.fr\\\/en\\\/#organization\",\"name\":\"Powertec chargeur solaire\",\"url\":\"https:\\\/\\\/www.powertec.fr\\\/en\\\/\",\"logo\":{\"@type\":\"ImageObject\",\"inLanguage\":\"en-US\",\"@id\":\"https:\\\/\\\/www.powertec.fr\\\/en\\\/#\\\/schema\\\/logo\\\/image\\\/\",\"url\":\"https:\\\/\\\/www.powertec.fr\\\/wp-content\\\/uploads\\\/2025\\\/03\\\/Logo-Powertec.png\",\"contentUrl\":\"https:\\\/\\\/www.powertec.fr\\\/wp-content\\\/uploads\\\/2025\\\/03\\\/Logo-Powertec.png\",\"width\":800,\"height\":231,\"caption\":\"Powertec chargeur solaire\"},\"image\":{\"@id\":\"https:\\\/\\\/www.powertec.fr\\\/en\\\/#\\\/schema\\\/logo\\\/image\\\/\"},\"sameAs\":[\"https:\\\/\\\/www.facebook.com\\\/pages\\\/Powertec-Design\\\/136636319834629\",\"https:\\\/\\\/x.com\\\/PowertecDesign\",\"https:\\\/\\\/www.instagram.com\\\/powertecdesign\\\/\",\"http:\\\/\\\/pinterest.com\\\/PowertecDesign\\\/boards\\\/\",\"https:\\\/\\\/www.youtube.com\\\/channel\\\/UCKPPbn8yFCbV4QukJxSXU8g\\\/feed?filter=2\"]}]}<\/script>\n<!-- \/ Yoast SEO plugin. -->","yoast_head_json":{"title":"Adventure trip Icarus - autonomy with Powertec solar charger","description":"In their adventure trip, Matthieu B\u00e9langer and Loury Lag have attempted to climb the DENALI to start going around the world","robots":{"index":"index","follow":"follow","max-snippet":"max-snippet:-1","max-image-preview":"max-image-preview:large","max-video-preview":"max-video-preview:-1"},"canonical":"https:\/\/www.powertec.fr\/en\/adventure-trip-team-icarus\/","og_locale":"en_US","og_type":"article","og_title":"Adventure trip Icarus - autonomy with Powertec solar charger","og_description":"In their adventure trip, Matthieu B\u00e9langer and Loury Lag have attempted to climb the DENALI to start going around the world","og_url":"https:\/\/www.powertec.fr\/en\/adventure-trip-team-icarus\/","og_site_name":"Powertec : chargeurs solaires professionnels","article_publisher":"https:\/\/www.facebook.com\/pages\/Powertec-Design\/136636319834629","article_modified_time":"2024-10-19T18:18:43+00:00","og_image":[{"width":1279,"height":1278,"url":"https:\/\/www.powertec.fr\/wp-content\/uploads\/2017\/05\/apropospowertech.jpg","type":"image\/jpeg"}],"twitter_card":"summary_large_image","twitter_site":"@PowertecDesign","twitter_misc":{"Est. reading time":"3 minutes"},"schema":{"@context":"https:\/\/schema.org","@graph":[{"@type":"WebPage","@id":"https:\/\/www.powertec.fr\/en\/adventure-trip-team-icarus\/","url":"https:\/\/www.powertec.fr\/en\/adventure-trip-team-icarus\/","name":"Adventure trip Icarus - autonomy with Powertec solar charger","isPartOf":{"@id":"https:\/\/www.powertec.fr\/en\/#website"},"primaryImageOfPage":{"@id":"https:\/\/www.powertec.fr\/en\/adventure-trip-team-icarus\/#primaryimage"},"image":{"@id":"https:\/\/www.powertec.fr\/en\/adventure-trip-team-icarus\/#primaryimage"},"thumbnailUrl":"https:\/\/www.powertec.fr\/wp-content\/uploads\/2020\/11\/team.icarus_20201115_153938.jpg","datePublished":"2020-04-06T08:37:56+00:00","dateModified":"2024-10-19T18:18:43+00:00","description":"In their adventure trip, Matthieu B\u00e9langer and Loury Lag have attempted to climb the DENALI to start going around the world","breadcrumb":{"@id":"https:\/\/www.powertec.fr\/en\/adventure-trip-team-icarus\/#breadcrumb"},"inLanguage":"en-US","potentialAction":[{"@type":"ReadAction","target":["https:\/\/www.powertec.fr\/en\/adventure-trip-team-icarus\/"]}]},{"@type":"ImageObject","inLanguage":"en-US","@id":"https:\/\/www.powertec.fr\/en\/adventure-trip-team-icarus\/#primaryimage","url":"https:\/\/www.powertec.fr\/wp-content\/uploads\/2020\/11\/team.icarus_20201115_153938.jpg","contentUrl":"https:\/\/www.powertec.fr\/wp-content\/uploads\/2020\/11\/team.icarus_20201115_153938.jpg","width":632,"height":633,"caption":"Exp\u00e9dition en autonomie Icarus"},{"@type":"BreadcrumbList","@id":"https:\/\/www.powertec.fr\/en\/adventure-trip-team-icarus\/#breadcrumb","itemListElement":[{"@type":"ListItem","position":1,"name":"Accueil","item":"https:\/\/www.powertec.fr\/en\/"},{"@type":"ListItem","position":2,"name":"ICARUS adventure trip by Loury Lag"}]},{"@type":"WebSite","@id":"https:\/\/www.powertec.fr\/en\/#website","url":"https:\/\/www.powertec.fr\/en\/","name":"Powertec : chargeurs solaires professionnels","description":"Professional Solar chargers, Powerbanks, outdoor Gear","publisher":{"@id":"https:\/\/www.powertec.fr\/en\/#organization"},"potentialAction":[{"@type":"SearchAction","target":{"@type":"EntryPoint","urlTemplate":"https:\/\/www.powertec.fr\/en\/?s={search_term_string}"},"query-input":{"@type":"PropertyValueSpecification","valueRequired":true,"valueName":"search_term_string"}}],"inLanguage":"en-US"},{"@type":"Organization","@id":"https:\/\/www.powertec.fr\/en\/#organization","name":"Powertec chargeur solaire","url":"https:\/\/www.powertec.fr\/en\/","logo":{"@type":"ImageObject","inLanguage":"en-US","@id":"https:\/\/www.powertec.fr\/en\/#\/schema\/logo\/image\/","url":"https:\/\/www.powertec.fr\/wp-content\/uploads\/2025\/03\/Logo-Powertec.png","contentUrl":"https:\/\/www.powertec.fr\/wp-content\/uploads\/2025\/03\/Logo-Powertec.png","width":800,"height":231,"caption":"Powertec chargeur solaire"},"image":{"@id":"https:\/\/www.powertec.fr\/en\/#\/schema\/logo\/image\/"},"sameAs":["https:\/\/www.facebook.com\/pages\/Powertec-Design\/136636319834629","https:\/\/x.com\/PowertecDesign","https:\/\/www.instagram.com\/powertecdesign\/","http:\/\/pinterest.com\/PowertecDesign\/boards\/","https:\/\/www.youtube.com\/channel\/UCKPPbn8yFCbV4QukJxSXU8g\/feed?filter=2"]}]}},"_links":{"self":[{"href":"https:\/\/www.powertec.fr\/en\/wp-json\/wp\/v2\/pages\/12926","targetHints":{"allow":["GET"]}}],"collection":[{"href":"https:\/\/www.powertec.fr\/en\/wp-json\/wp\/v2\/pages"}],"about":[{"href":"https:\/\/www.powertec.fr\/en\/wp-json\/wp\/v2\/types\/page"}],"author":[{"embeddable":true,"href":"https:\/\/www.powertec.fr\/en\/wp-json\/wp\/v2\/users\/1550"}],"replies":[{"embeddable":true,"href":"https:\/\/www.powertec.fr\/en\/wp-json\/wp\/v2\/comments?post=12926"}],"version-history":[{"count":0,"href":"https:\/\/www.powertec.fr\/en\/wp-json\/wp\/v2\/pages\/12926\/revisions"}],"wp:featuredmedia":[{"embeddable":true,"href":"https:\/\/www.powertec.fr\/en\/wp-json\/wp\/v2\/media\/12900"}],"wp:attachment":[{"href":"https:\/\/www.powertec.fr\/en\/wp-json\/wp\/v2\/media?parent=12926"}],"curies":[{"name":"wp","href":"https:\/\/api.w.org\/{rel}","templated":true}]}}