{"id":13193,"date":"2021-02-16T14:58:16","date_gmt":"2021-02-16T13:58:16","guid":{"rendered":"https:\/\/www.powertec.fr\/?page_id=13193"},"modified":"2021-02-23T11:31:42","modified_gmt":"2021-02-23T10:31:42","slug":"legal-notice","status":"publish","type":"page","link":"https:\/\/www.powertec.fr\/en\/legal-notice\/","title":{"rendered":"Legal Notice"},"content":{"rendered":"<p>[vc_row][vc_column][vc_column_text]<strong>The website www.powertec.fr\/en is edited by :<\/strong><br \/>\nTime To Market &#8211; 40, rue Condorcet<br \/>\n75009 Paris &#8211; France<br \/>\nTelephone: +33 9 87 32 98 00<br \/>\nE-mail : contact@powertec.fr<\/p>\n<h3><strong>CREATION &amp; DEVELOPMENT<\/strong><\/h3>\n<p>Studio Face Cach\u00e9e<br \/>\n115 rue Claude Nicolas Ledoux<br \/>\n13290 Aix-en-Provence<\/p>\n<h3><strong>SITE HOST<\/strong><\/h3>\n<p><strong>OVH &#8211; SAS with a capital of \u20ac10,000,000<\/strong><\/p>\n<p>RCS Roubaix &#8211; Tourcoing 424 761 419 00045<br \/>\nCode APE 6202A<br \/>\nN\u00b0VAT: FR 22 424 761 419<br \/>\nHead office : 2 rue Kellermann &#8211; 59100 Roubaix &#8211; France.<br \/>\nDirector of publication : Octave KLABA<\/p>\n<h3><strong>REGISTRATION<\/strong><\/h3>\n<p>Registered with the RCS of Paris under the number: 501 299 820 Company registration number: 501 299 820 00016<br \/>\nAPE or NAF code: 702Z<br \/>\nLimited company with a capital of 10.000\u20ac.<br \/>\nVAT identification number: FR26501299820<\/p>\n<p>This site respects copyright. All the rights of the authors of the protected works reproduced and communicated on this site are reserved. Unless authorised, any use of the Works other than individual and private reproduction and consultation is prohibited.<\/p>\n<p>The websites published by Time To Market have been declared to the CNIL under the following numbers: 1812200<\/p>\n<p><strong>What personal data do we collect and why?<\/strong><\/p>\n<p><strong>Process<\/strong><\/p>\n<p>Time To Market grants the user the right to consult these sites for strictly personal and private use. Any reproduction, redistribution or commercialisation of all or part of the content is prohibited.<br \/>\nBelow you will find our policy on the processing of personal data. The purpose of this text is to inform you about how we use this data and how to proceed if you wish to make a change to it.<\/p>\n<p><strong>1. Nature of the personal data collected<\/strong><\/p>\n<p>The information we collect comes from :<\/p>\n<ul>\n<li>Or the voluntary registration of an e-mail address allowing you to receive one of our newsletters.<\/li>\n<li>Either by entering your full details in our online shop (surname, first name, company, billing and delivery address, telephone number, e-mail address) so that we can process your order.<\/li>\n<\/ul>\n<p><strong>What do we do with the data?<\/strong><br \/>\nThe information you provide us with is never passed on to third parties. Depending on the case, the uses are as follows :<\/p>\n<ul>\n<li>If you have subscribed to one of our newsletters. In this case, your email<br \/>\naddress is strictly used to send out our mailing lists and internal announcements. We never use your contacts to send messages from potential business partners. In addition, you can unsubscribe from our newsletter at any time by clicking on the &#8220;Unsubscribe link&#8221; that appears on each of our newsletters. Or, in the event of an incident, write to: contact@powertec.fr.<br \/>\nIn accordance with the French Data Protection Act of 6 January 1978, you also have the right to access, rectify, modify and delete data concerning you. You can exercise this right by writing to contact@powertec.fr.<\/li>\n<\/ul>\n<p><strong>3. Cookies<br \/>\n<\/strong><br \/>\nIn order to optimise the use of its online services, Time To Market reserves the right to place cookies on the computers of the users of its sites. These cookies are used in particular to facilitate user access to their accounts and to display advertising banners adapted to the way they browse the Internet. These cookies may be delivered by Time To Market or by third party companies. To find out how to refuse or delete these &#8220;Cookies&#8221; or to be notified of their receipt by a message, please consult the help section of your internet browser.[\/vc_column_text][\/vc_column][\/vc_row]<\/p>\n","protected":false},"excerpt":{"rendered":"<p>[vc_row][vc_column][vc_column_text]The website www.powertec.fr\/en is edited by : Time To Market &#8211; 40, rue Condorcet 75009 Paris &#8211; France Telephone: +33 9 87 32 98 00 E-mail : contact@powertec.fr CREATION &amp; DEVELOPMENT Studio Face Cach\u00e9e 115 rue Claude Nicolas Ledoux 13290 Aix-en-Provence SITE HOST OVH &#8211; SAS with a capital of \u20ac10,000,000 RCS Roubaix &#8211; Tourcoing [&hellip;]<\/p>\n","protected":false},"author":1550,"featured_media":6197,"parent":0,"menu_order":0,"comment_status":"closed","ping_status":"closed","template":"","meta":{"_et_pb_use_builder":"on","_et_pb_old_content":"","_et_gb_content_width":"","footnotes":""},"class_list":["post-13193","page","type-page","status-publish","has-post-thumbnail","hentry"],"yoast_head":"<!-- This site is optimized with the Yoast SEO plugin v27.3 - https:\/\/yoast.com\/product\/yoast-seo-wordpress\/ -->\n<title>Legal Notice - Powertec Solaire<\/title>\n<meta name=\"description\" content=\"Sp\u00e9cialiste Fran\u00e7ais du chargeur solaire professionnel depuis 2008 - ultral\u00e9ger, incassable, haute performance.\" \/>\n<meta name=\"robots\" content=\"noindex, nofollow\" \/>\n<meta property=\"og:locale\" content=\"en_US\" \/>\n<meta property=\"og:type\" content=\"article\" \/>\n<meta property=\"og:title\" content=\"Legal Notice - Powertec Solaire\" \/>\n<meta property=\"og:description\" content=\"Sp\u00e9cialiste Fran\u00e7ais du chargeur solaire professionnel depuis 2008 - ultral\u00e9ger, incassable, haute performance.\" \/>\n<meta property=\"og:url\" content=\"https:\/\/www.powertec.fr\/en\/legal-notice\/\" \/>\n<meta property=\"og:site_name\" content=\"Powertec : chargeurs solaires professionnels\" \/>\n<meta property=\"article:publisher\" content=\"https:\/\/www.facebook.com\/pages\/Powertec-Design\/136636319834629\" \/>\n<meta property=\"article:modified_time\" content=\"2021-02-23T10:31:42+00:00\" \/>\n<meta property=\"og:image\" content=\"https:\/\/www.powertec.fr\/wp-content\/uploads\/2017\/06\/shop-banner.jpg\" \/>\n\t<meta property=\"og:image:width\" content=\"1400\" \/>\n\t<meta property=\"og:image:height\" content=\"350\" \/>\n\t<meta property=\"og:image:type\" content=\"image\/jpeg\" \/>\n<meta name=\"twitter:card\" content=\"summary_large_image\" \/>\n<meta name=\"twitter:site\" content=\"@PowertecDesign\" \/>\n<meta name=\"twitter:label1\" content=\"Est. reading time\" \/>\n\t<meta name=\"twitter:data1\" content=\"3 minutes\" \/>\n<script type=\"application\/ld+json\" class=\"yoast-schema-graph\">{\"@context\":\"https:\\\/\\\/schema.org\",\"@graph\":[{\"@type\":\"WebPage\",\"@id\":\"https:\\\/\\\/www.powertec.fr\\\/en\\\/legal-notice\\\/\",\"url\":\"https:\\\/\\\/www.powertec.fr\\\/en\\\/legal-notice\\\/\",\"name\":\"Legal Notice - Powertec Solaire\",\"isPartOf\":{\"@id\":\"https:\\\/\\\/www.powertec.fr\\\/en\\\/#website\"},\"primaryImageOfPage\":{\"@id\":\"https:\\\/\\\/www.powertec.fr\\\/en\\\/legal-notice\\\/#primaryimage\"},\"image\":{\"@id\":\"https:\\\/\\\/www.powertec.fr\\\/en\\\/legal-notice\\\/#primaryimage\"},\"thumbnailUrl\":\"https:\\\/\\\/www.powertec.fr\\\/wp-content\\\/uploads\\\/2017\\\/06\\\/shop-banner.jpg\",\"datePublished\":\"2021-02-16T13:58:16+00:00\",\"dateModified\":\"2021-02-23T10:31:42+00:00\",\"description\":\"Sp\u00e9cialiste Fran\u00e7ais du chargeur solaire professionnel depuis 2008 - ultral\u00e9ger, incassable, haute performance.\",\"breadcrumb\":{\"@id\":\"https:\\\/\\\/www.powertec.fr\\\/en\\\/legal-notice\\\/#breadcrumb\"},\"inLanguage\":\"en-US\",\"potentialAction\":[{\"@type\":\"ReadAction\",\"target\":[\"https:\\\/\\\/www.powertec.fr\\\/en\\\/legal-notice\\\/\"]}]},{\"@type\":\"ImageObject\",\"inLanguage\":\"en-US\",\"@id\":\"https:\\\/\\\/www.powertec.fr\\\/en\\\/legal-notice\\\/#primaryimage\",\"url\":\"https:\\\/\\\/www.powertec.fr\\\/wp-content\\\/uploads\\\/2017\\\/06\\\/shop-banner.jpg\",\"contentUrl\":\"https:\\\/\\\/www.powertec.fr\\\/wp-content\\\/uploads\\\/2017\\\/06\\\/shop-banner.jpg\",\"width\":1400,\"height\":350,\"caption\":\"Bouteilles r\u00e9utilisable pour le quotidien et panneau solaire portable \u00e0 haut rendement\"},{\"@type\":\"BreadcrumbList\",\"@id\":\"https:\\\/\\\/www.powertec.fr\\\/en\\\/legal-notice\\\/#breadcrumb\",\"itemListElement\":[{\"@type\":\"ListItem\",\"position\":1,\"name\":\"Accueil\",\"item\":\"https:\\\/\\\/www.powertec.fr\\\/en\\\/\"},{\"@type\":\"ListItem\",\"position\":2,\"name\":\"Legal Notice\"}]},{\"@type\":\"WebSite\",\"@id\":\"https:\\\/\\\/www.powertec.fr\\\/en\\\/#website\",\"url\":\"https:\\\/\\\/www.powertec.fr\\\/en\\\/\",\"name\":\"Powertec : chargeurs solaires professionnels\",\"description\":\"Professional Solar chargers, Powerbanks, outdoor Gear\",\"publisher\":{\"@id\":\"https:\\\/\\\/www.powertec.fr\\\/en\\\/#organization\"},\"potentialAction\":[{\"@type\":\"SearchAction\",\"target\":{\"@type\":\"EntryPoint\",\"urlTemplate\":\"https:\\\/\\\/www.powertec.fr\\\/en\\\/?s={search_term_string}\"},\"query-input\":{\"@type\":\"PropertyValueSpecification\",\"valueRequired\":true,\"valueName\":\"search_term_string\"}}],\"inLanguage\":\"en-US\"},{\"@type\":\"Organization\",\"@id\":\"https:\\\/\\\/www.powertec.fr\\\/en\\\/#organization\",\"name\":\"Powertec chargeur solaire\",\"url\":\"https:\\\/\\\/www.powertec.fr\\\/en\\\/\",\"logo\":{\"@type\":\"ImageObject\",\"inLanguage\":\"en-US\",\"@id\":\"https:\\\/\\\/www.powertec.fr\\\/en\\\/#\\\/schema\\\/logo\\\/image\\\/\",\"url\":\"https:\\\/\\\/www.powertec.fr\\\/wp-content\\\/uploads\\\/2025\\\/03\\\/Logo-Powertec.png\",\"contentUrl\":\"https:\\\/\\\/www.powertec.fr\\\/wp-content\\\/uploads\\\/2025\\\/03\\\/Logo-Powertec.png\",\"width\":800,\"height\":231,\"caption\":\"Powertec chargeur solaire\"},\"image\":{\"@id\":\"https:\\\/\\\/www.powertec.fr\\\/en\\\/#\\\/schema\\\/logo\\\/image\\\/\"},\"sameAs\":[\"https:\\\/\\\/www.facebook.com\\\/pages\\\/Powertec-Design\\\/136636319834629\",\"https:\\\/\\\/x.com\\\/PowertecDesign\",\"https:\\\/\\\/www.instagram.com\\\/powertecdesign\\\/\",\"http:\\\/\\\/pinterest.com\\\/PowertecDesign\\\/boards\\\/\",\"https:\\\/\\\/www.youtube.com\\\/channel\\\/UCKPPbn8yFCbV4QukJxSXU8g\\\/feed?filter=2\"]}]}<\/script>\n<!-- \/ Yoast SEO plugin. -->","yoast_head_json":{"title":"Legal Notice - Powertec Solaire","description":"Sp\u00e9cialiste Fran\u00e7ais du chargeur solaire professionnel depuis 2008 - ultral\u00e9ger, incassable, haute performance.","robots":{"index":"noindex","follow":"nofollow"},"og_locale":"en_US","og_type":"article","og_title":"Legal Notice - Powertec Solaire","og_description":"Sp\u00e9cialiste Fran\u00e7ais du chargeur solaire professionnel depuis 2008 - ultral\u00e9ger, incassable, haute performance.","og_url":"https:\/\/www.powertec.fr\/en\/legal-notice\/","og_site_name":"Powertec : chargeurs solaires professionnels","article_publisher":"https:\/\/www.facebook.com\/pages\/Powertec-Design\/136636319834629","article_modified_time":"2021-02-23T10:31:42+00:00","og_image":[{"width":1400,"height":350,"url":"https:\/\/www.powertec.fr\/wp-content\/uploads\/2017\/06\/shop-banner.jpg","type":"image\/jpeg"}],"twitter_card":"summary_large_image","twitter_site":"@PowertecDesign","twitter_misc":{"Est. reading time":"3 minutes"},"schema":{"@context":"https:\/\/schema.org","@graph":[{"@type":"WebPage","@id":"https:\/\/www.powertec.fr\/en\/legal-notice\/","url":"https:\/\/www.powertec.fr\/en\/legal-notice\/","name":"Legal Notice - Powertec Solaire","isPartOf":{"@id":"https:\/\/www.powertec.fr\/en\/#website"},"primaryImageOfPage":{"@id":"https:\/\/www.powertec.fr\/en\/legal-notice\/#primaryimage"},"image":{"@id":"https:\/\/www.powertec.fr\/en\/legal-notice\/#primaryimage"},"thumbnailUrl":"https:\/\/www.powertec.fr\/wp-content\/uploads\/2017\/06\/shop-banner.jpg","datePublished":"2021-02-16T13:58:16+00:00","dateModified":"2021-02-23T10:31:42+00:00","description":"Sp\u00e9cialiste Fran\u00e7ais du chargeur solaire professionnel depuis 2008 - ultral\u00e9ger, incassable, haute performance.","breadcrumb":{"@id":"https:\/\/www.powertec.fr\/en\/legal-notice\/#breadcrumb"},"inLanguage":"en-US","potentialAction":[{"@type":"ReadAction","target":["https:\/\/www.powertec.fr\/en\/legal-notice\/"]}]},{"@type":"ImageObject","inLanguage":"en-US","@id":"https:\/\/www.powertec.fr\/en\/legal-notice\/#primaryimage","url":"https:\/\/www.powertec.fr\/wp-content\/uploads\/2017\/06\/shop-banner.jpg","contentUrl":"https:\/\/www.powertec.fr\/wp-content\/uploads\/2017\/06\/shop-banner.jpg","width":1400,"height":350,"caption":"Bouteilles r\u00e9utilisable pour le quotidien et panneau solaire portable \u00e0 haut rendement"},{"@type":"BreadcrumbList","@id":"https:\/\/www.powertec.fr\/en\/legal-notice\/#breadcrumb","itemListElement":[{"@type":"ListItem","position":1,"name":"Accueil","item":"https:\/\/www.powertec.fr\/en\/"},{"@type":"ListItem","position":2,"name":"Legal Notice"}]},{"@type":"WebSite","@id":"https:\/\/www.powertec.fr\/en\/#website","url":"https:\/\/www.powertec.fr\/en\/","name":"Powertec : chargeurs solaires professionnels","description":"Professional Solar chargers, Powerbanks, outdoor Gear","publisher":{"@id":"https:\/\/www.powertec.fr\/en\/#organization"},"potentialAction":[{"@type":"SearchAction","target":{"@type":"EntryPoint","urlTemplate":"https:\/\/www.powertec.fr\/en\/?s={search_term_string}"},"query-input":{"@type":"PropertyValueSpecification","valueRequired":true,"valueName":"search_term_string"}}],"inLanguage":"en-US"},{"@type":"Organization","@id":"https:\/\/www.powertec.fr\/en\/#organization","name":"Powertec chargeur solaire","url":"https:\/\/www.powertec.fr\/en\/","logo":{"@type":"ImageObject","inLanguage":"en-US","@id":"https:\/\/www.powertec.fr\/en\/#\/schema\/logo\/image\/","url":"https:\/\/www.powertec.fr\/wp-content\/uploads\/2025\/03\/Logo-Powertec.png","contentUrl":"https:\/\/www.powertec.fr\/wp-content\/uploads\/2025\/03\/Logo-Powertec.png","width":800,"height":231,"caption":"Powertec chargeur solaire"},"image":{"@id":"https:\/\/www.powertec.fr\/en\/#\/schema\/logo\/image\/"},"sameAs":["https:\/\/www.facebook.com\/pages\/Powertec-Design\/136636319834629","https:\/\/x.com\/PowertecDesign","https:\/\/www.instagram.com\/powertecdesign\/","http:\/\/pinterest.com\/PowertecDesign\/boards\/","https:\/\/www.youtube.com\/channel\/UCKPPbn8yFCbV4QukJxSXU8g\/feed?filter=2"]}]}},"_links":{"self":[{"href":"https:\/\/www.powertec.fr\/en\/wp-json\/wp\/v2\/pages\/13193","targetHints":{"allow":["GET"]}}],"collection":[{"href":"https:\/\/www.powertec.fr\/en\/wp-json\/wp\/v2\/pages"}],"about":[{"href":"https:\/\/www.powertec.fr\/en\/wp-json\/wp\/v2\/types\/page"}],"author":[{"embeddable":true,"href":"https:\/\/www.powertec.fr\/en\/wp-json\/wp\/v2\/users\/1550"}],"replies":[{"embeddable":true,"href":"https:\/\/www.powertec.fr\/en\/wp-json\/wp\/v2\/comments?post=13193"}],"version-history":[{"count":0,"href":"https:\/\/www.powertec.fr\/en\/wp-json\/wp\/v2\/pages\/13193\/revisions"}],"wp:featuredmedia":[{"embeddable":true,"href":"https:\/\/www.powertec.fr\/en\/wp-json\/wp\/v2\/media\/6197"}],"wp:attachment":[{"href":"https:\/\/www.powertec.fr\/en\/wp-json\/wp\/v2\/media?parent=13193"}],"curies":[{"name":"wp","href":"https:\/\/api.w.org\/{rel}","templated":true}]}}