{"id":20848,"date":"2023-07-05T11:48:22","date_gmt":"2023-07-05T09:48:22","guid":{"rendered":"https:\/\/www.powertec.fr\/?page_id=20848"},"modified":"2023-11-20T16:37:25","modified_gmt":"2023-11-20T15:37:25","slug":"can-you-charge-a-macbook-with-usb","status":"publish","type":"page","link":"https:\/\/www.powertec.fr\/en\/can-you-charge-a-macbook-with-usb\/","title":{"rendered":"Can you charge a Macbook with USB?"},"content":{"rendered":"<h1>CHARGE A MAC BOOK WITH USB<\/h1>\n<p>Charging a MacBook via the USB-C ports has been common practice for MacBook Pro and MacBook Air users since 2016 and 2018 respectively. However, there are a few points to consider to ensure that the charging process is efficient and safe.<\/p>\n<p>This article will explain how to properly charge your MacBook using USB-C ports, as well as the use of a<a href=\"https:\/\/www.powertec.fr\/en\/powerbank\/external-powerbank-20000-mah-usb-c-65wh-pd\/\"><strong> 20,000 65W P.D external battery from Powertec<\/strong><\/a>.<\/p>\n<h2><img decoding=\"async\" class=\"aligncenter wp-image-20799 size-large\" src=\"https:\/\/www.powertec.fr\/wp-content\/uploads\/2023\/07\/pexels-peteris-reznikovs-9365238-1024x683.jpg\" alt=\"Charger Macbook par USB-C\" width=\"820\" height=\"547\" \/><\/h2>\n<h2><strong>Charging your MacBook with the USB-C adapter<\/strong><\/h2>\n<h3><strong>Connecting to a mains charger<\/strong><\/h3>\n<p>Pour charger votre MacBook avec l&#8217;adaptateur secteur USB-C, commencez par le brancher sur une prise \u00e9lectrique. Assurez-vous que la prise soit bien fonctionnelle et capable de fournir l&#8217;\u00e9nergie n\u00e9cessaire pour la charge.<\/p>\n<h3><strong>Using the USB-C cable<\/strong><\/h3>\n<p>Once the AC adapter is plugged in, take the end of the USB-C cable and plug it into the AC adapter. The other end of the cable should be plugged into one of your MacBook&#8217;s USB-C ports.<\/p>\n<p>It&#8217;s important to note that your MacBook only charges through one port at a time. So even if you have several power adapters plugged into the USB-C and MagSafe 3 ports (if applicable), your MacBook won&#8217;t charge any faster.<\/p>\n<p>What&#8217;s more, different USB-C charging cables accept different maximum wattages. For example, the Apple USB-C charging cable (1 m) accepts up to 60 W and the Apple USB-C charging cable (2 m) accepts up to 100 W. If you connect several power sources to your MacBook, it will only charge from the charger that provides the most power.<\/p>\n<h3><img decoding=\"async\" class=\"aligncenter wp-image-20807 size-large\" src=\"https:\/\/www.powertec.fr\/wp-content\/uploads\/2023\/07\/BATTERIE-EXTERNE-USB-C-20.000-MAH-\u2013-POWER-DELIVERY-65Wun-sous-titre-1-1024x576.png\" alt=\"Charger Macbook avec BATTERIE EXTERNE USB-C 20.000 MAH \u2013 \" width=\"820\" height=\"461\" srcset=\"https:\/\/www.powertec.fr\/wp-content\/uploads\/2023\/07\/BATTERIE-EXTERNE-USB-C-20.000-MAH-\u2013-POWER-DELIVERY-65Wun-sous-titre-1-1024x576.png 1024w, https:\/\/www.powertec.fr\/wp-content\/uploads\/2023\/07\/BATTERIE-EXTERNE-USB-C-20.000-MAH-\u2013-POWER-DELIVERY-65Wun-sous-titre-1-300x169.png 300w, https:\/\/www.powertec.fr\/wp-content\/uploads\/2023\/07\/BATTERIE-EXTERNE-USB-C-20.000-MAH-\u2013-POWER-DELIVERY-65Wun-sous-titre-1-768x432.png 768w, https:\/\/www.powertec.fr\/wp-content\/uploads\/2023\/07\/BATTERIE-EXTERNE-USB-C-20.000-MAH-\u2013-POWER-DELIVERY-65Wun-sous-titre-1-1536x864.png 1536w, https:\/\/www.powertec.fr\/wp-content\/uploads\/2023\/07\/BATTERIE-EXTERNE-USB-C-20.000-MAH-\u2013-POWER-DELIVERY-65Wun-sous-titre-1-1080x608.png 1080w, https:\/\/www.powertec.fr\/wp-content\/uploads\/2023\/07\/BATTERIE-EXTERNE-USB-C-20.000-MAH-\u2013-POWER-DELIVERY-65Wun-sous-titre-1-1280x720.png 1280w, https:\/\/www.powertec.fr\/wp-content\/uploads\/2023\/07\/BATTERIE-EXTERNE-USB-C-20.000-MAH-\u2013-POWER-DELIVERY-65Wun-sous-titre-1-980x551.png 980w, https:\/\/www.powertec.fr\/wp-content\/uploads\/2023\/07\/BATTERIE-EXTERNE-USB-C-20.000-MAH-\u2013-POWER-DELIVERY-65Wun-sous-titre-1-480x270.png 480w, https:\/\/www.powertec.fr\/wp-content\/uploads\/2023\/07\/BATTERIE-EXTERNE-USB-C-20.000-MAH-\u2013-POWER-DELIVERY-65Wun-sous-titre-1-750x422.png 750w, https:\/\/www.powertec.fr\/wp-content\/uploads\/2023\/07\/BATTERIE-EXTERNE-USB-C-20.000-MAH-\u2013-POWER-DELIVERY-65Wun-sous-titre-1.png 1920w\" sizes=\"(max-width: 820px) 100vw, 820px\" \/><\/h3>\n<h3><strong>Connection to a powered display<\/strong><\/h3>\n<p>Another way to charge your MacBook is to connect it to a USB-C or Thunderbolt display providing power, such as Apple&#8217;s Studio Display. If the display powers your MacBook, you don&#8217;t need to connect a separate USB-C power adapter.<\/p>\n<h2><strong>Using a power bank<\/strong><\/h2>\n<h3><strong>Choosing the right power bank<\/strong><\/h3>\n<p>Another charging option is to use an external charger like Powertec&#8217;s 20,000mAh 65W P.D power bank. This external battery is powerful enough for 1 full charge of your MacBook.<\/p>\n<p><img decoding=\"async\" class=\"aligncenter wp-image-16129 size-full\" src=\"https:\/\/www.powertec.fr\/wp-content\/uploads\/2020\/10\/405184_g-750x638-1.jpg\" alt=\"Batterie PT 20.000 mAh P.D\" width=\"478\" height=\"600\" srcset=\"https:\/\/www.powertec.fr\/wp-content\/uploads\/2020\/10\/405184_g-750x638-1.jpg 478w, https:\/\/www.powertec.fr\/wp-content\/uploads\/2020\/10\/405184_g-750x638-1-239x300.jpg 239w\" sizes=\"(max-width: 478px) 100vw, 478px\" \/><\/p>\n<p style=\"text-align: center;\"><strong><a class=\"sr-button style-1 button-normal\" style=\"background-color: green; color: white;\" href=\"https:\/\/www.powertec.fr\/en\/powerbank\/external-powerbank-20000-mah-usb-c-65wh-pd\/\">Buy a USB-C Power Delivery battery<\/a><\/strong><\/p>\n<div class=\"flex-1 overflow-hidden\">\n<div class=\"react-scroll-to-bottom--css-amkre-79elbk h-full dark:bg-gray-800\">\n<div class=\"react-scroll-to-bottom--css-amkre-1n7m0yu\">\n<div class=\"flex flex-col text-sm dark:bg-gray-800\">\n<div class=\"group w-full text-gray-800 dark:text-gray-100 border-b border-black\/10 dark:border-gray-900\/50 bg-gray-50 dark:bg-[#444654]\">\n<div class=\"flex p-4 gap-4 text-base md:gap-6 md:max-w-2xl lg:max-w-[38rem] xl:max-w-3xl md:py-6 lg:px-0 m-auto\">\n<div class=\"relative flex w-[calc(100%-50px)] flex-col gap-1 md:gap-3 lg:w-[calc(100%-115px)]\">\n<div class=\"flex flex-grow flex-col gap-3\">\n<div class=\"min-h-[20px] flex items-start overflow-x-auto whitespace-pre-wrap break-words flex-col gap-4\">\n<div class=\"markdown prose w-full break-words dark:prose-invert light\">\n<h3><strong>How to use the external battery<\/strong><\/h3>\n<p>To use Powertec&#8217;s external battery, connect it to your MacBook like the main charger, via a USB-C cable. Make sure the external battery is fully charged before using it to charge your MacBook. Please also note that charging speed may vary according to the capacity of the external battery.<\/p>\n<p>In conclusion, charging your MacBook using USB-C ports is simple and convenient. Whether you use an AC adapter or an external battery, you can keep your MacBook charged and ready for use at all times.<\/p>\n<p>A final point on charging the external battery: Powertec designs and manufactures <strong>professional solar chargers capable of charging the external battery even in the middle of the desert.<\/strong>.. For all outdoor enthusiasts and those who want to work remotely, the portable solar panel + external battery is THE SOLUTION for never running out of power on your Macbook.<\/p>\n<h2><strong>FAQ:<\/strong><\/h2>\n<h3><strong>1. How do I charge a Mac with an external battery ?<\/strong><\/h3>\n<p>To charge a Mac with an external battery like the Powertec 20,000mAh 65W PD, you&#8217;ll need to take the following steps:<\/p>\n<ol>\n<li><strong>Check compatibility:<\/strong> Make sure your Mac is compatible with USB-C charging, which is the case for most recent Mac models.<\/li>\n<li><strong>Prepare the hardware:<\/strong> You&#8217;ll need a USB-C to USB-C cable to connect your Mac to the external battery. This cable may be supplied with the battery or with your Mac, or you may need to buy one separately.<\/li>\n<li><strong>Connect your Mac:<\/strong> Plug one end of the USB-C cable into the USB-C port on your Mac, and the other end into the USB-C PD (Power Delivery) output port on the Powertec external battery. Make sure the external battery is sufficiently charged to charge your Mac. Alternatively, you can use a Magsafe to USB-C cable. The Magsafe cable connected to the battery will enable the laptop to be charged.<\/li>\n<li><strong>Charging:<\/strong> Once connected, your Mac should start charging automatically. You should see the battery charge indicator on your Mac increase, indicating that charging is underway.<\/li>\n<li><strong>Monitoring:<\/strong> Continue to monitor your Mac and external battery while charging. If you notice that your Mac isn&#8217;t charging or that the external battery is draining faster than expected, disconnect them and consult the external battery&#8217;s user manual or contact Powertec customer support for assistance.<\/li>\n<\/ol>\n<p>Note that charging speed will depend on several factors, including the capacity of the external battery, the power it can deliver (65W in this case), and the power your Mac can accept.<\/p>\n<p>Some Mac models may require more power for optimal charging, so it&#8217;s possible that charging via the external battery will be slower than charging via the AC adapter supplied with your Mac.<\/p>\n<h3><strong>2. Which power bank charge your laptop?<\/strong><\/h3>\n<p>In short, to charge a laptop, you need an external battery with high capacity (over 20000mAh), high power output (over 60W), and ideally compatible with Power Delivery (PD) technology for fast charging. The <a href=\"http:\/\/In short, to charge a laptop, you need an external battery with high capacity (over 20000mAh), high power output (over 60W), and ideally compatible with Power Delivery (PD) technology for fast charging. The Powertec 20000mAh PD 65W batteries or the PT111 PD111W are the right choice for this.\"><strong>Powertec 20000mAh PD 65W batteries<\/strong> <\/a>or the PT111 PD111W are the right choice for this.<\/p>\n<h3><strong>3. What is Power Delivery?<\/strong><\/h3>\n<p>Power Delivery (PD) is a specification for high-power management and faster charging via USB (Universal Serial Bus). The PD protocol enables devices to negotiate the optimum power level, up to 100W, which is a significant increase on previous USB charging standards.<\/p>\n<p>For example, a smartphone or iPhone might only require 18W of power, while a laptop might require 60W or more. By using Power Delivery, devices can charge faster and more efficiently using a single USB-C cable.<\/p>\n<\/div>\n<\/div>\n<\/div>\n<\/div>\n<\/div>\n<\/div>\n<\/div>\n<\/div>\n<\/div>\n<\/div>\n","protected":false},"excerpt":{"rendered":"<p>CHARGE A MAC BOOK WITH USB Charging a MacBook via the USB-C ports has been common practice for MacBook Pro and MacBook Air users since 2016 and 2018 respectively. However, there are a few points to consider to ensure that the charging process is efficient and safe. This article will explain how to properly charge [&hellip;]<\/p>\n","protected":false},"author":1,"featured_media":20802,"parent":0,"menu_order":0,"comment_status":"closed","ping_status":"closed","template":"","meta":{"_et_pb_use_builder":"on","_et_pb_old_content":"","_et_gb_content_width":"","footnotes":""},"class_list":["post-20848","page","type-page","status-publish","has-post-thumbnail","hentry"],"yoast_head":"<!-- This site is optimized with the Yoast SEO plugin v27.4 - https:\/\/yoast.com\/product\/yoast-seo-wordpress\/ -->\n<title>Can you charge a Macbook with USB?<\/title>\n<meta name=\"description\" content=\"Learn how to efficiently charge your MacBook Pro and Macbook Air using USB-C ports and a Powertec 20,000 65W P.D Power Bank\" \/>\n<meta name=\"robots\" content=\"index, follow, max-snippet:-1, max-image-preview:large, max-video-preview:-1\" \/>\n<link rel=\"canonical\" href=\"https:\/\/www.powertec.fr\/en\/can-you-charge-a-macbook-with-usb\/\" \/>\n<meta property=\"og:locale\" content=\"en_US\" \/>\n<meta property=\"og:type\" content=\"article\" \/>\n<meta property=\"og:title\" content=\"Can you charge a Macbook with USB?\" \/>\n<meta property=\"og:description\" content=\"Learn how to efficiently charge your MacBook Pro and Macbook Air using USB-C ports and a Powertec 20,000 65W P.D Power Bank\" \/>\n<meta property=\"og:url\" content=\"https:\/\/www.powertec.fr\/en\/can-you-charge-a-macbook-with-usb\/\" \/>\n<meta property=\"og:site_name\" content=\"Powertec : chargeurs solaires professionnels\" \/>\n<meta property=\"article:publisher\" content=\"https:\/\/www.facebook.com\/pages\/Powertec-Design\/136636319834629\" \/>\n<meta property=\"article:modified_time\" content=\"2023-11-20T15:37:25+00:00\" \/>\n<meta property=\"og:image\" content=\"https:\/\/www.powertec.fr\/wp-content\/uploads\/2023\/07\/pexels-ekaterina-bolovtsova-4049459-scaled.jpg\" \/>\n\t<meta property=\"og:image:width\" content=\"2560\" \/>\n\t<meta property=\"og:image:height\" content=\"1707\" \/>\n\t<meta property=\"og:image:type\" content=\"image\/jpeg\" \/>\n<meta name=\"twitter:card\" content=\"summary_large_image\" \/>\n<meta name=\"twitter:site\" content=\"@PowertecDesign\" \/>\n<meta name=\"twitter:label1\" content=\"Est. reading time\" \/>\n\t<meta name=\"twitter:data1\" content=\"6 minutes\" \/>\n<script type=\"application\/ld+json\" class=\"yoast-schema-graph\">{\"@context\":\"https:\\\/\\\/schema.org\",\"@graph\":[{\"@type\":\"WebPage\",\"@id\":\"https:\\\/\\\/www.powertec.fr\\\/en\\\/can-you-charge-a-macbook-with-usb\\\/\",\"url\":\"https:\\\/\\\/www.powertec.fr\\\/en\\\/can-you-charge-a-macbook-with-usb\\\/\",\"name\":\"Can you charge a Macbook with USB?\",\"isPartOf\":{\"@id\":\"https:\\\/\\\/www.powertec.fr\\\/en\\\/#website\"},\"primaryImageOfPage\":{\"@id\":\"https:\\\/\\\/www.powertec.fr\\\/en\\\/can-you-charge-a-macbook-with-usb\\\/#primaryimage\"},\"image\":{\"@id\":\"https:\\\/\\\/www.powertec.fr\\\/en\\\/can-you-charge-a-macbook-with-usb\\\/#primaryimage\"},\"thumbnailUrl\":\"https:\\\/\\\/www.powertec.fr\\\/wp-content\\\/uploads\\\/2023\\\/07\\\/pexels-ekaterina-bolovtsova-4049459-scaled.jpg\",\"datePublished\":\"2023-07-05T09:48:22+00:00\",\"dateModified\":\"2023-11-20T15:37:25+00:00\",\"description\":\"Learn how to efficiently charge your MacBook Pro and Macbook Air using USB-C ports and a Powertec 20,000 65W P.D Power Bank\",\"breadcrumb\":{\"@id\":\"https:\\\/\\\/www.powertec.fr\\\/en\\\/can-you-charge-a-macbook-with-usb\\\/#breadcrumb\"},\"inLanguage\":\"en-US\",\"potentialAction\":[{\"@type\":\"ReadAction\",\"target\":[\"https:\\\/\\\/www.powertec.fr\\\/en\\\/can-you-charge-a-macbook-with-usb\\\/\"]}]},{\"@type\":\"ImageObject\",\"inLanguage\":\"en-US\",\"@id\":\"https:\\\/\\\/www.powertec.fr\\\/en\\\/can-you-charge-a-macbook-with-usb\\\/#primaryimage\",\"url\":\"https:\\\/\\\/www.powertec.fr\\\/wp-content\\\/uploads\\\/2023\\\/07\\\/pexels-ekaterina-bolovtsova-4049459-scaled.jpg\",\"contentUrl\":\"https:\\\/\\\/www.powertec.fr\\\/wp-content\\\/uploads\\\/2023\\\/07\\\/pexels-ekaterina-bolovtsova-4049459-scaled.jpg\",\"width\":2560,\"height\":1707,\"caption\":\"macbook charger\"},{\"@type\":\"BreadcrumbList\",\"@id\":\"https:\\\/\\\/www.powertec.fr\\\/en\\\/can-you-charge-a-macbook-with-usb\\\/#breadcrumb\",\"itemListElement\":[{\"@type\":\"ListItem\",\"position\":1,\"name\":\"Accueil\",\"item\":\"https:\\\/\\\/www.powertec.fr\\\/en\\\/\"},{\"@type\":\"ListItem\",\"position\":2,\"name\":\"Can you charge a Macbook with USB?\"}]},{\"@type\":\"WebSite\",\"@id\":\"https:\\\/\\\/www.powertec.fr\\\/en\\\/#website\",\"url\":\"https:\\\/\\\/www.powertec.fr\\\/en\\\/\",\"name\":\"Powertec : chargeurs solaires professionnels\",\"description\":\"Professional Solar chargers, Powerbanks, outdoor Gear\",\"publisher\":{\"@id\":\"https:\\\/\\\/www.powertec.fr\\\/en\\\/#organization\"},\"potentialAction\":[{\"@type\":\"SearchAction\",\"target\":{\"@type\":\"EntryPoint\",\"urlTemplate\":\"https:\\\/\\\/www.powertec.fr\\\/en\\\/?s={search_term_string}\"},\"query-input\":{\"@type\":\"PropertyValueSpecification\",\"valueRequired\":true,\"valueName\":\"search_term_string\"}}],\"inLanguage\":\"en-US\"},{\"@type\":\"Organization\",\"@id\":\"https:\\\/\\\/www.powertec.fr\\\/en\\\/#organization\",\"name\":\"Powertec chargeur solaire\",\"url\":\"https:\\\/\\\/www.powertec.fr\\\/en\\\/\",\"logo\":{\"@type\":\"ImageObject\",\"inLanguage\":\"en-US\",\"@id\":\"https:\\\/\\\/www.powertec.fr\\\/en\\\/#\\\/schema\\\/logo\\\/image\\\/\",\"url\":\"https:\\\/\\\/www.powertec.fr\\\/wp-content\\\/uploads\\\/2025\\\/03\\\/Logo-Powertec.png\",\"contentUrl\":\"https:\\\/\\\/www.powertec.fr\\\/wp-content\\\/uploads\\\/2025\\\/03\\\/Logo-Powertec.png\",\"width\":800,\"height\":231,\"caption\":\"Powertec chargeur solaire\"},\"image\":{\"@id\":\"https:\\\/\\\/www.powertec.fr\\\/en\\\/#\\\/schema\\\/logo\\\/image\\\/\"},\"sameAs\":[\"https:\\\/\\\/www.facebook.com\\\/pages\\\/Powertec-Design\\\/136636319834629\",\"https:\\\/\\\/x.com\\\/PowertecDesign\",\"https:\\\/\\\/www.instagram.com\\\/powertecdesign\\\/\",\"http:\\\/\\\/pinterest.com\\\/PowertecDesign\\\/boards\\\/\",\"https:\\\/\\\/www.youtube.com\\\/channel\\\/UCKPPbn8yFCbV4QukJxSXU8g\\\/feed?filter=2\"]}]}<\/script>\n<!-- \/ Yoast SEO plugin. -->","yoast_head_json":{"title":"Can you charge a Macbook with USB?","description":"Learn how to efficiently charge your MacBook Pro and Macbook Air using USB-C ports and a Powertec 20,000 65W P.D Power Bank","robots":{"index":"index","follow":"follow","max-snippet":"max-snippet:-1","max-image-preview":"max-image-preview:large","max-video-preview":"max-video-preview:-1"},"canonical":"https:\/\/www.powertec.fr\/en\/can-you-charge-a-macbook-with-usb\/","og_locale":"en_US","og_type":"article","og_title":"Can you charge a Macbook with USB?","og_description":"Learn how to efficiently charge your MacBook Pro and Macbook Air using USB-C ports and a Powertec 20,000 65W P.D Power Bank","og_url":"https:\/\/www.powertec.fr\/en\/can-you-charge-a-macbook-with-usb\/","og_site_name":"Powertec : chargeurs solaires professionnels","article_publisher":"https:\/\/www.facebook.com\/pages\/Powertec-Design\/136636319834629","article_modified_time":"2023-11-20T15:37:25+00:00","og_image":[{"width":2560,"height":1707,"url":"https:\/\/www.powertec.fr\/wp-content\/uploads\/2023\/07\/pexels-ekaterina-bolovtsova-4049459-scaled.jpg","type":"image\/jpeg"}],"twitter_card":"summary_large_image","twitter_site":"@PowertecDesign","twitter_misc":{"Est. reading time":"6 minutes"},"schema":{"@context":"https:\/\/schema.org","@graph":[{"@type":"WebPage","@id":"https:\/\/www.powertec.fr\/en\/can-you-charge-a-macbook-with-usb\/","url":"https:\/\/www.powertec.fr\/en\/can-you-charge-a-macbook-with-usb\/","name":"Can you charge a Macbook with USB?","isPartOf":{"@id":"https:\/\/www.powertec.fr\/en\/#website"},"primaryImageOfPage":{"@id":"https:\/\/www.powertec.fr\/en\/can-you-charge-a-macbook-with-usb\/#primaryimage"},"image":{"@id":"https:\/\/www.powertec.fr\/en\/can-you-charge-a-macbook-with-usb\/#primaryimage"},"thumbnailUrl":"https:\/\/www.powertec.fr\/wp-content\/uploads\/2023\/07\/pexels-ekaterina-bolovtsova-4049459-scaled.jpg","datePublished":"2023-07-05T09:48:22+00:00","dateModified":"2023-11-20T15:37:25+00:00","description":"Learn how to efficiently charge your MacBook Pro and Macbook Air using USB-C ports and a Powertec 20,000 65W P.D Power Bank","breadcrumb":{"@id":"https:\/\/www.powertec.fr\/en\/can-you-charge-a-macbook-with-usb\/#breadcrumb"},"inLanguage":"en-US","potentialAction":[{"@type":"ReadAction","target":["https:\/\/www.powertec.fr\/en\/can-you-charge-a-macbook-with-usb\/"]}]},{"@type":"ImageObject","inLanguage":"en-US","@id":"https:\/\/www.powertec.fr\/en\/can-you-charge-a-macbook-with-usb\/#primaryimage","url":"https:\/\/www.powertec.fr\/wp-content\/uploads\/2023\/07\/pexels-ekaterina-bolovtsova-4049459-scaled.jpg","contentUrl":"https:\/\/www.powertec.fr\/wp-content\/uploads\/2023\/07\/pexels-ekaterina-bolovtsova-4049459-scaled.jpg","width":2560,"height":1707,"caption":"macbook charger"},{"@type":"BreadcrumbList","@id":"https:\/\/www.powertec.fr\/en\/can-you-charge-a-macbook-with-usb\/#breadcrumb","itemListElement":[{"@type":"ListItem","position":1,"name":"Accueil","item":"https:\/\/www.powertec.fr\/en\/"},{"@type":"ListItem","position":2,"name":"Can you charge a Macbook with USB?"}]},{"@type":"WebSite","@id":"https:\/\/www.powertec.fr\/en\/#website","url":"https:\/\/www.powertec.fr\/en\/","name":"Powertec : chargeurs solaires professionnels","description":"Professional Solar chargers, Powerbanks, outdoor Gear","publisher":{"@id":"https:\/\/www.powertec.fr\/en\/#organization"},"potentialAction":[{"@type":"SearchAction","target":{"@type":"EntryPoint","urlTemplate":"https:\/\/www.powertec.fr\/en\/?s={search_term_string}"},"query-input":{"@type":"PropertyValueSpecification","valueRequired":true,"valueName":"search_term_string"}}],"inLanguage":"en-US"},{"@type":"Organization","@id":"https:\/\/www.powertec.fr\/en\/#organization","name":"Powertec chargeur solaire","url":"https:\/\/www.powertec.fr\/en\/","logo":{"@type":"ImageObject","inLanguage":"en-US","@id":"https:\/\/www.powertec.fr\/en\/#\/schema\/logo\/image\/","url":"https:\/\/www.powertec.fr\/wp-content\/uploads\/2025\/03\/Logo-Powertec.png","contentUrl":"https:\/\/www.powertec.fr\/wp-content\/uploads\/2025\/03\/Logo-Powertec.png","width":800,"height":231,"caption":"Powertec chargeur solaire"},"image":{"@id":"https:\/\/www.powertec.fr\/en\/#\/schema\/logo\/image\/"},"sameAs":["https:\/\/www.facebook.com\/pages\/Powertec-Design\/136636319834629","https:\/\/x.com\/PowertecDesign","https:\/\/www.instagram.com\/powertecdesign\/","http:\/\/pinterest.com\/PowertecDesign\/boards\/","https:\/\/www.youtube.com\/channel\/UCKPPbn8yFCbV4QukJxSXU8g\/feed?filter=2"]}]}},"_links":{"self":[{"href":"https:\/\/www.powertec.fr\/en\/wp-json\/wp\/v2\/pages\/20848","targetHints":{"allow":["GET"]}}],"collection":[{"href":"https:\/\/www.powertec.fr\/en\/wp-json\/wp\/v2\/pages"}],"about":[{"href":"https:\/\/www.powertec.fr\/en\/wp-json\/wp\/v2\/types\/page"}],"author":[{"embeddable":true,"href":"https:\/\/www.powertec.fr\/en\/wp-json\/wp\/v2\/users\/1"}],"replies":[{"embeddable":true,"href":"https:\/\/www.powertec.fr\/en\/wp-json\/wp\/v2\/comments?post=20848"}],"version-history":[{"count":0,"href":"https:\/\/www.powertec.fr\/en\/wp-json\/wp\/v2\/pages\/20848\/revisions"}],"wp:featuredmedia":[{"embeddable":true,"href":"https:\/\/www.powertec.fr\/en\/wp-json\/wp\/v2\/media\/20802"}],"wp:attachment":[{"href":"https:\/\/www.powertec.fr\/en\/wp-json\/wp\/v2\/media?parent=20848"}],"curies":[{"name":"wp","href":"https:\/\/api.w.org\/{rel}","templated":true}]}}