{"id":6439,"date":"2016-04-03T18:10:14","date_gmt":"2016-04-03T18:10:14","guid":{"rendered":"https:\/\/www.powertec.fr\/faqs\/"},"modified":"2020-01-30T14:36:10","modified_gmt":"2020-01-30T13:36:10","slug":"faqs","status":"publish","type":"page","link":"https:\/\/www.powertec.fr\/en\/faqs\/","title":{"rendered":"FAQs"},"content":{"rendered":"<p>[vc_row][vc_column width=&#8221;1\/6&#8243;][\/vc_column][vc_column width=&#8221;2\/3&#8243;][vc_tta_accordion style=&#8221;modern&#8221; shape=&#8221;square&#8221; spacing=&#8221;10&#8243; gap=&#8221;10&#8243; c_align=&#8221;center&#8221; active_section=&#8221;1&#8243; no_fill=&#8221;true&#8221;][vc_tta_section title=&#8221;COMMENT LES BOUTEILLES KOR SONT-ELLES FABRIQUEES ?&#8221; tab_id=&#8221;modpo-5bdec0d1-d362&#8243;][vc_column_text]KOR a \u00e9tabli un partenariat avec Nypro, une des plus grandes manufactures des \u00c9tats-Unis,\u00a0pour produire et assembler la KOR ONE et les produits KOR Special Edition. Celles-ci sont\u00a0produites au Mexique, dans l\u2019usine de Monterrey. Nypro poss\u00e8de et exploite pr\u00e8s de 30 usines \u00e0\u00a0travers le monde. L&#8217;usine de Monterrey, au Mexique a \u00e9t\u00e9 choisie en raison de sa proximit\u00e9 avec\u00a0l\u2019entrep\u00f4t KOR en Californie du Sud, de son de l&#8217;expertise dans le moulage des mati\u00e8res\u00a0plastiques et de sa <strong>certification environnementale ISO 14001<\/strong>. Les bouteilles KOR KOR Delta et\u00a0Aura sont fabriqu\u00e9es par <strong>une usine hautement respect\u00e9e et respectueuse de l&#8217;environnement<\/strong> en\u00a0Chine a appel\u00e9 \u00ab King\u2019s Flair \u00bb. Ces deux usines ont \u00e9t\u00e9 inspect\u00e9s par KOR afin de s&#8217;assurer\u00a0qu&#8217;elles appliquent ce qu\u2019elles pr\u00eachent.[\/vc_column_text][\/vc_tta_section][vc_tta_section title=&#8221;EN QUOI LES BOUTEILLES KOR SONT-ELLES FAITES ?&#8221; tab_id=&#8221;modpo-e71bb71e-a7bf&#8221;][vc_column_text]Les bouteilles utilisent <strong>des mat\u00e9riaux s\u00fbrs pour la sant\u00e9<\/strong>, tels que l\u2019acier inoxydable et le Tritan,\u00a0<strong>sans BPA<\/strong>. Aucun produit chimique ne s&#8217;infiltre dans l\u2019eau.\u00a0Le <strong>Tritan<\/strong> est un copolyester innovant (Eastman Tritan \u2013 marque d\u00e9pos\u00e9e). Il est naturel de\u00a0comparer Eastman Tritan \u2122 avec le polycarbonate (PC) en raison de sa plus <strong>grande r\u00e9sistance\u00a0\u00e0 la chaleur<\/strong> par rapport aux copolyesters traditionnels. Mais,<strong> Tritan <\/strong>offre une vari\u00e9t\u00e9 d<strong>&#8216;avantages\u00a0de transformation, de performance et de durabilit\u00e9<\/strong>.[\/vc_column_text][\/vc_tta_section][vc_tta_section title=&#8221;LES BOUTEILLES KOR, SONT-ELLES DURABLES?&#8221; tab_id=&#8221;modpo-6e313ed4-54dd&#8221;][vc_column_text]Le<strong> Tritan \u2122<\/strong>\u00a0a \u00e9t\u00e9 test\u00e9 pour r\u00e9sister \u00e0 <strong>500 lavages<\/strong> sans d\u00e9gradation\u00a0visible (contrairement au plastique classique qui ne d\u00e9grade a bout de 30). Cela signifie qu\u2019une\u00a0bouteille KOR lav\u00e9e une fois par semaine dure une <strong>10 d\u2019ann\u00e9es<\/strong>.[\/vc_column_text][\/vc_tta_section][vc_tta_section title=&#8221;ET LES ASPECTS SOCIAUX : THIRST FOR GIVING&#8221; tab_id=&#8221;modpo-ffbc57c7-cd17&#8243;][vc_column_text]En plus de construire des produits innovants qui r\u00e9duisent l&#8217;impact environnemental, KOR prend\u00a0sa mission tr\u00e8s au s\u00e9rieux. <strong>La responsabilit\u00e9 sociale est primordiale<\/strong>. Acheter une bouteille KOR\u00a0permet de reverser 1% \u00e0 des associations qui se concentrent sur les questions li\u00e9es \u00e0\u00a0l&#8217;eau de la plan\u00e8te. L\u2019objectif de KOR est non seulement de fournir des fonds n\u00e9cessaires \u00e0 ces organisations,\u00a0mais aussi de faire participer ses clients sur des questions telles que <strong>le recyclage<\/strong>, <strong>la protection\u00a0de l\u2019eau<\/strong> et <strong>la crise mondiale de l&#8217;eau<\/strong>.[\/vc_column_text][\/vc_tta_section][\/vc_tta_accordion][\/vc_column][vc_column width=&#8221;1\/6&#8243;][\/vc_column][\/vc_row][vc_row][vc_column][vc_empty_space][\/vc_column][\/vc_row][vc_row fullwidth=&#8221;yes&#8221; wrap=&#8221;yes&#8221; content_placement=&#8221;middle&#8221; css=&#8221;.vc_custom_1496848482151{margin-bottom: 0px !important;border-top-width: 1px !important;padding-top: 30px !important;background-color: #6cbcc8 !important;background-position: center !important;background-repeat: no-repeat !important;background-size: cover !important;border-top-color: #338bbb !important;border-top-style: solid !important;}&#8221;][vc_column width=&#8221;1\/2&#8243;][vc_column_text]<\/p>\n<h3><span style=\"color: #ffffff;\">S&#8217;inscrire \u00e0 notre Newsletter pour recevoir nos derni\u00e8re offres<\/span><\/h3>\n<p>[\/vc_column_text][\/vc_column][vc_column width=&#8221;1\/2&#8243;][vc_empty_space height=&#8221;20px&#8221;][vc_raw_html]PGRpdiBzdHlsZT0idGV4dC1hbGlnbjogY2VudGVyOyI+IDxkaXYgY2xhc3M9InNpZ251cC1uZXdzbGV0dGVyLWZvcm0gZGliIG1iX18xNSI+PGlucHV0IHN0eWxlPSJjb2xvcjojZmZmOyIgY2xhc3M9ImlucHV0LXRleHQiIG5hbWU9IkVNQUlMIiByZXF1aXJlZD0iIiB0eXBlPSJlbWFpbCIgcGxhY2Vob2xkZXI9IllvdXIgZW1haWwgYWRkcmVzcyIgLz48aW5wdXQgY2xhc3M9InN1Ym1pdC1idG4iIHR5cGU9InN1Ym1pdCIgdmFsdWU9IlJlZ2lzdGVyIiAvPjwvZGl2PiA8L2Rpdj4g[\/vc_raw_html][\/vc_column][\/vc_row]<\/p>\n","protected":false},"excerpt":{"rendered":"<p>[vc_row][vc_column width=&#8221;1\/6&#8243;][\/vc_column][vc_column width=&#8221;2\/3&#8243;][vc_tta_accordion style=&#8221;modern&#8221; shape=&#8221;square&#8221; spacing=&#8221;10&#8243; gap=&#8221;10&#8243; c_align=&#8221;center&#8221; active_section=&#8221;1&#8243; no_fill=&#8221;true&#8221;][vc_tta_section title=&#8221;COMMENT LES BOUTEILLES KOR SONT-ELLES FABRIQUEES ?&#8221; tab_id=&#8221;modpo-5bdec0d1-d362&#8243;][vc_column_text]KOR a \u00e9tabli un partenariat avec Nypro, une des plus grandes manufactures des \u00c9tats-Unis,\u00a0pour produire et assembler la KOR ONE et les produits KOR Special Edition. Celles-ci sont\u00a0produites au Mexique, dans l\u2019usine de Monterrey. Nypro poss\u00e8de et exploite [&hellip;]<\/p>\n","protected":false},"author":1,"featured_media":0,"parent":0,"menu_order":0,"comment_status":"closed","ping_status":"closed","template":"","meta":{"_et_pb_use_builder":"","_et_pb_old_content":"","_et_gb_content_width":"","footnotes":""},"class_list":["post-6439","page","type-page","status-publish","hentry"],"yoast_head":"<!-- This site is optimized with the Yoast SEO plugin v27.4 - https:\/\/yoast.com\/product\/yoast-seo-wordpress\/ -->\n<title>FAQs - Powertec Solaire<\/title>\n<meta name=\"description\" content=\"Sp\u00e9cialiste Fran\u00e7ais du chargeur solaire professionnel depuis 2008 - ultral\u00e9ger, incassable, haute performance.\" \/>\n<meta name=\"robots\" content=\"index, follow, max-snippet:-1, max-image-preview:large, max-video-preview:-1\" \/>\n<link rel=\"canonical\" href=\"https:\/\/www.powertec.fr\/en\/faqs\/\" \/>\n<meta property=\"og:locale\" content=\"en_US\" \/>\n<meta property=\"og:type\" content=\"article\" \/>\n<meta property=\"og:title\" content=\"FAQs - Powertec Solaire\" \/>\n<meta property=\"og:description\" content=\"Sp\u00e9cialiste Fran\u00e7ais du chargeur solaire professionnel depuis 2008 - ultral\u00e9ger, incassable, haute performance.\" \/>\n<meta property=\"og:url\" content=\"https:\/\/www.powertec.fr\/en\/faqs\/\" \/>\n<meta property=\"og:site_name\" content=\"Powertec : chargeurs solaires professionnels\" \/>\n<meta property=\"article:publisher\" content=\"https:\/\/www.facebook.com\/pages\/Powertec-Design\/136636319834629\" \/>\n<meta property=\"article:modified_time\" content=\"2020-01-30T13:36:10+00:00\" \/>\n<meta property=\"og:image\" content=\"https:\/\/www.powertec.fr\/wp-content\/uploads\/2017\/05\/apropospowertech.jpg\" \/>\n\t<meta property=\"og:image:width\" content=\"1279\" \/>\n\t<meta property=\"og:image:height\" content=\"1278\" \/>\n\t<meta property=\"og:image:type\" content=\"image\/jpeg\" \/>\n<meta name=\"twitter:card\" content=\"summary_large_image\" \/>\n<meta name=\"twitter:site\" content=\"@PowertecDesign\" \/>\n<meta name=\"twitter:label1\" content=\"Est. reading time\" \/>\n\t<meta name=\"twitter:data1\" content=\"3 minutes\" \/>\n<script type=\"application\/ld+json\" class=\"yoast-schema-graph\">{\"@context\":\"https:\\\/\\\/schema.org\",\"@graph\":[{\"@type\":\"WebPage\",\"@id\":\"https:\\\/\\\/www.powertec.fr\\\/en\\\/faqs\\\/\",\"url\":\"https:\\\/\\\/www.powertec.fr\\\/en\\\/faqs\\\/\",\"name\":\"FAQs - Powertec Solaire\",\"isPartOf\":{\"@id\":\"https:\\\/\\\/www.powertec.fr\\\/en\\\/#website\"},\"datePublished\":\"2016-04-03T18:10:14+00:00\",\"dateModified\":\"2020-01-30T13:36:10+00:00\",\"description\":\"Sp\u00e9cialiste Fran\u00e7ais du chargeur solaire professionnel depuis 2008 - ultral\u00e9ger, incassable, haute performance.\",\"breadcrumb\":{\"@id\":\"https:\\\/\\\/www.powertec.fr\\\/en\\\/faqs\\\/#breadcrumb\"},\"inLanguage\":\"en-US\",\"potentialAction\":[{\"@type\":\"ReadAction\",\"target\":[\"https:\\\/\\\/www.powertec.fr\\\/en\\\/faqs\\\/\"]}]},{\"@type\":\"BreadcrumbList\",\"@id\":\"https:\\\/\\\/www.powertec.fr\\\/en\\\/faqs\\\/#breadcrumb\",\"itemListElement\":[{\"@type\":\"ListItem\",\"position\":1,\"name\":\"Accueil\",\"item\":\"https:\\\/\\\/www.powertec.fr\\\/en\\\/\"},{\"@type\":\"ListItem\",\"position\":2,\"name\":\"FAQs\"}]},{\"@type\":\"WebSite\",\"@id\":\"https:\\\/\\\/www.powertec.fr\\\/en\\\/#website\",\"url\":\"https:\\\/\\\/www.powertec.fr\\\/en\\\/\",\"name\":\"Powertec : chargeurs solaires professionnels\",\"description\":\"Professional Solar chargers, Powerbanks, outdoor Gear\",\"publisher\":{\"@id\":\"https:\\\/\\\/www.powertec.fr\\\/en\\\/#organization\"},\"potentialAction\":[{\"@type\":\"SearchAction\",\"target\":{\"@type\":\"EntryPoint\",\"urlTemplate\":\"https:\\\/\\\/www.powertec.fr\\\/en\\\/?s={search_term_string}\"},\"query-input\":{\"@type\":\"PropertyValueSpecification\",\"valueRequired\":true,\"valueName\":\"search_term_string\"}}],\"inLanguage\":\"en-US\"},{\"@type\":\"Organization\",\"@id\":\"https:\\\/\\\/www.powertec.fr\\\/en\\\/#organization\",\"name\":\"Powertec chargeur solaire\",\"url\":\"https:\\\/\\\/www.powertec.fr\\\/en\\\/\",\"logo\":{\"@type\":\"ImageObject\",\"inLanguage\":\"en-US\",\"@id\":\"https:\\\/\\\/www.powertec.fr\\\/en\\\/#\\\/schema\\\/logo\\\/image\\\/\",\"url\":\"https:\\\/\\\/www.powertec.fr\\\/wp-content\\\/uploads\\\/2025\\\/03\\\/Logo-Powertec.png\",\"contentUrl\":\"https:\\\/\\\/www.powertec.fr\\\/wp-content\\\/uploads\\\/2025\\\/03\\\/Logo-Powertec.png\",\"width\":800,\"height\":231,\"caption\":\"Powertec chargeur solaire\"},\"image\":{\"@id\":\"https:\\\/\\\/www.powertec.fr\\\/en\\\/#\\\/schema\\\/logo\\\/image\\\/\"},\"sameAs\":[\"https:\\\/\\\/www.facebook.com\\\/pages\\\/Powertec-Design\\\/136636319834629\",\"https:\\\/\\\/x.com\\\/PowertecDesign\",\"https:\\\/\\\/www.instagram.com\\\/powertecdesign\\\/\",\"http:\\\/\\\/pinterest.com\\\/PowertecDesign\\\/boards\\\/\",\"https:\\\/\\\/www.youtube.com\\\/channel\\\/UCKPPbn8yFCbV4QukJxSXU8g\\\/feed?filter=2\"]}]}<\/script>\n<!-- \/ Yoast SEO plugin. -->","yoast_head_json":{"title":"FAQs - Powertec Solaire","description":"Sp\u00e9cialiste Fran\u00e7ais du chargeur solaire professionnel depuis 2008 - ultral\u00e9ger, incassable, haute performance.","robots":{"index":"index","follow":"follow","max-snippet":"max-snippet:-1","max-image-preview":"max-image-preview:large","max-video-preview":"max-video-preview:-1"},"canonical":"https:\/\/www.powertec.fr\/en\/faqs\/","og_locale":"en_US","og_type":"article","og_title":"FAQs - Powertec Solaire","og_description":"Sp\u00e9cialiste Fran\u00e7ais du chargeur solaire professionnel depuis 2008 - ultral\u00e9ger, incassable, haute performance.","og_url":"https:\/\/www.powertec.fr\/en\/faqs\/","og_site_name":"Powertec : chargeurs solaires professionnels","article_publisher":"https:\/\/www.facebook.com\/pages\/Powertec-Design\/136636319834629","article_modified_time":"2020-01-30T13:36:10+00:00","og_image":[{"width":1279,"height":1278,"url":"https:\/\/www.powertec.fr\/wp-content\/uploads\/2017\/05\/apropospowertech.jpg","type":"image\/jpeg"}],"twitter_card":"summary_large_image","twitter_site":"@PowertecDesign","twitter_misc":{"Est. reading time":"3 minutes"},"schema":{"@context":"https:\/\/schema.org","@graph":[{"@type":"WebPage","@id":"https:\/\/www.powertec.fr\/en\/faqs\/","url":"https:\/\/www.powertec.fr\/en\/faqs\/","name":"FAQs - Powertec Solaire","isPartOf":{"@id":"https:\/\/www.powertec.fr\/en\/#website"},"datePublished":"2016-04-03T18:10:14+00:00","dateModified":"2020-01-30T13:36:10+00:00","description":"Sp\u00e9cialiste Fran\u00e7ais du chargeur solaire professionnel depuis 2008 - ultral\u00e9ger, incassable, haute performance.","breadcrumb":{"@id":"https:\/\/www.powertec.fr\/en\/faqs\/#breadcrumb"},"inLanguage":"en-US","potentialAction":[{"@type":"ReadAction","target":["https:\/\/www.powertec.fr\/en\/faqs\/"]}]},{"@type":"BreadcrumbList","@id":"https:\/\/www.powertec.fr\/en\/faqs\/#breadcrumb","itemListElement":[{"@type":"ListItem","position":1,"name":"Accueil","item":"https:\/\/www.powertec.fr\/en\/"},{"@type":"ListItem","position":2,"name":"FAQs"}]},{"@type":"WebSite","@id":"https:\/\/www.powertec.fr\/en\/#website","url":"https:\/\/www.powertec.fr\/en\/","name":"Powertec : chargeurs solaires professionnels","description":"Professional Solar chargers, Powerbanks, outdoor Gear","publisher":{"@id":"https:\/\/www.powertec.fr\/en\/#organization"},"potentialAction":[{"@type":"SearchAction","target":{"@type":"EntryPoint","urlTemplate":"https:\/\/www.powertec.fr\/en\/?s={search_term_string}"},"query-input":{"@type":"PropertyValueSpecification","valueRequired":true,"valueName":"search_term_string"}}],"inLanguage":"en-US"},{"@type":"Organization","@id":"https:\/\/www.powertec.fr\/en\/#organization","name":"Powertec chargeur solaire","url":"https:\/\/www.powertec.fr\/en\/","logo":{"@type":"ImageObject","inLanguage":"en-US","@id":"https:\/\/www.powertec.fr\/en\/#\/schema\/logo\/image\/","url":"https:\/\/www.powertec.fr\/wp-content\/uploads\/2025\/03\/Logo-Powertec.png","contentUrl":"https:\/\/www.powertec.fr\/wp-content\/uploads\/2025\/03\/Logo-Powertec.png","width":800,"height":231,"caption":"Powertec chargeur solaire"},"image":{"@id":"https:\/\/www.powertec.fr\/en\/#\/schema\/logo\/image\/"},"sameAs":["https:\/\/www.facebook.com\/pages\/Powertec-Design\/136636319834629","https:\/\/x.com\/PowertecDesign","https:\/\/www.instagram.com\/powertecdesign\/","http:\/\/pinterest.com\/PowertecDesign\/boards\/","https:\/\/www.youtube.com\/channel\/UCKPPbn8yFCbV4QukJxSXU8g\/feed?filter=2"]}]}},"_links":{"self":[{"href":"https:\/\/www.powertec.fr\/en\/wp-json\/wp\/v2\/pages\/6439","targetHints":{"allow":["GET"]}}],"collection":[{"href":"https:\/\/www.powertec.fr\/en\/wp-json\/wp\/v2\/pages"}],"about":[{"href":"https:\/\/www.powertec.fr\/en\/wp-json\/wp\/v2\/types\/page"}],"author":[{"embeddable":true,"href":"https:\/\/www.powertec.fr\/en\/wp-json\/wp\/v2\/users\/1"}],"replies":[{"embeddable":true,"href":"https:\/\/www.powertec.fr\/en\/wp-json\/wp\/v2\/comments?post=6439"}],"version-history":[{"count":0,"href":"https:\/\/www.powertec.fr\/en\/wp-json\/wp\/v2\/pages\/6439\/revisions"}],"wp:attachment":[{"href":"https:\/\/www.powertec.fr\/en\/wp-json\/wp\/v2\/media?parent=6439"}],"curies":[{"name":"wp","href":"https:\/\/api.w.org\/{rel}","templated":true}]}}