{"id":12932,"date":"2020-10-14T16:15:18","date_gmt":"2020-10-14T14:15:18","guid":{"rendered":"https:\/\/www.powertec.fr\/?post_type=product&#038;p=12932"},"modified":"2026-04-15T21:49:30","modified_gmt":"2026-04-15T19:49:30","slug":"dual-usb-a-usb-c-cigar-lighter-adapter","status":"publish","type":"product","link":"https:\/\/www.powertec.fr\/en\/shop\/dual-usb-a-usb-c-cigar-lighter-adapter\/","title":{"rendered":"Dual USB-A &#038; USB-C cigar lighter adapter"},"content":{"rendered":"<p>[vc_row fullwidth=&#8221;yes&#8221; wrap=&#8221;yes&#8221; gap=&#8221;35&#8243;][vc_column][vc_empty_space height=&#8221;50px&#8221;][vc_column_text]<strong>Chargeur allume cigare<\/strong> triple \u00e9quip\u00e9 de 3 ports USB-A d&#8217;une puissance totale de 6,3A.<br \/>\nRechargez 3 appareils en m\u00eame temps deux smartphones + 1 tablette en m\u00eame temps.<br \/>\nConvient aussi pour d\u2019autres appareils USB.<br \/>\nPuissant et bon rapport temps-\u00e9nergie.<\/p>\n<ul class=\"disc\">\n<li>Sortie: 3 ports USB (2* USB-A 2,4A + 1 USB-A 1,5A)<\/li>\n<li>Connectez \u00e0 la prise allume cigare 12V de la voiture ou de votre <a href=\"https:\/\/www.powertec.fr\/chargeur-solaire-portable\/semi-rigide-sunpower\/chargeur-solaire-ultra-puissant-pt-flap-21w-triple-output-usb-a-usb-c-12v\/\">PTFlap21<\/a> &amp; <a href=\"https:\/\/www.powertec.fr\/boutique\/chargeur-solaire-portable\/chargeur-solaire-portable-pt-flap-16-dual-usb-sunpower-copie\/\">PTFlap24<\/a><\/li>\n<li>Tous les dispositifs de s\u00e9curit\u00e9 n\u00e9cessaires<\/li>\n<\/ul>\n<p>[\/vc_column_text][\/vc_column][\/vc_row]<\/p>\n","protected":false},"excerpt":{"rendered":"<p>Dual Cigar Charger Adapter with plug &#8211; USB-C 3A + USB 2.4A.<br \/>\nCharge all your devices in car, boat or via your solar charger 12V &#8211; PTFlap16 Dual Output .<\/p>\n","protected":false},"featured_media":20382,"template":"","meta":{"_et_pb_use_builder":"","_et_pb_old_content":"","_et_gb_content_width":""},"product_brand":[],"product_cat":[267],"product_tag":[],"class_list":{"0":"post-12932","1":"product","2":"type-product","3":"status-publish","4":"has-post-thumbnail","6":"product_cat-cables-and-chargers","7":"product_shipping_class-supplyweb","9":"first","10":"instock","11":"taxable","12":"shipping-taxable","13":"purchasable","14":"product-type-simple"},"yoast_head":"<!-- This site is optimized with the Yoast SEO plugin v27.4 - https:\/\/yoast.com\/product\/yoast-seo-wordpress\/ -->\n<title>Dual USB-A &amp; USB-C cigar lighter adapter - Powertec Design<\/title>\n<meta name=\"description\" content=\"Chargeurs et batteries solaires, accessoires et \u00e9quipement outdoor fran\u00e7ais\" \/>\n<meta name=\"robots\" content=\"index, follow, max-snippet:-1, max-image-preview:large, max-video-preview:-1\" \/>\n<link rel=\"canonical\" href=\"https:\/\/www.powertec.fr\/en\/shop\/dual-usb-a-usb-c-cigar-lighter-adapter\/\" \/>\n<meta property=\"og:locale\" content=\"en_US\" \/>\n<meta property=\"og:type\" content=\"article\" \/>\n<meta property=\"og:title\" content=\"Dual USB-A &amp; USB-C cigar lighter adapter - Powertec Design\" \/>\n<meta property=\"og:description\" content=\"Chargeurs et batteries solaires, accessoires et \u00e9quipement outdoor fran\u00e7ais\" \/>\n<meta property=\"og:url\" content=\"https:\/\/www.powertec.fr\/en\/shop\/dual-usb-a-usb-c-cigar-lighter-adapter\/\" \/>\n<meta property=\"og:site_name\" content=\"Powertec : chargeurs solaires professionnels\" \/>\n<meta property=\"article:publisher\" content=\"https:\/\/www.facebook.com\/pages\/Powertec-Design\/136636319834629\" \/>\n<meta property=\"article:modified_time\" content=\"2026-04-15T19:49:30+00:00\" \/>\n<meta property=\"og:image\" content=\"https:\/\/www.powertec.fr\/wp-content\/uploads\/2020\/10\/405148_CAR-CHARGER.jpg\" \/>\n\t<meta property=\"og:image:width\" content=\"700\" \/>\n\t<meta property=\"og:image:height\" content=\"700\" \/>\n\t<meta property=\"og:image:type\" content=\"image\/jpeg\" \/>\n<meta name=\"twitter:card\" content=\"summary_large_image\" \/>\n<meta name=\"twitter:site\" content=\"@PowertecDesign\" \/>\n<script type=\"application\/ld+json\" class=\"yoast-schema-graph\">{\"@context\":\"https:\\\/\\\/schema.org\",\"@graph\":[{\"@type\":\"WebPage\",\"@id\":\"https:\\\/\\\/www.powertec.fr\\\/en\\\/shop\\\/dual-usb-a-usb-c-cigar-lighter-adapter\\\/\",\"url\":\"https:\\\/\\\/www.powertec.fr\\\/en\\\/shop\\\/dual-usb-a-usb-c-cigar-lighter-adapter\\\/\",\"name\":\"Dual USB-A & USB-C cigar lighter adapter - Powertec Design\",\"isPartOf\":{\"@id\":\"https:\\\/\\\/www.powertec.fr\\\/en\\\/#website\"},\"primaryImageOfPage\":{\"@id\":\"https:\\\/\\\/www.powertec.fr\\\/en\\\/shop\\\/dual-usb-a-usb-c-cigar-lighter-adapter\\\/#primaryimage\"},\"image\":{\"@id\":\"https:\\\/\\\/www.powertec.fr\\\/en\\\/shop\\\/dual-usb-a-usb-c-cigar-lighter-adapter\\\/#primaryimage\"},\"thumbnailUrl\":\"https:\\\/\\\/www.powertec.fr\\\/wp-content\\\/uploads\\\/2020\\\/10\\\/405148_CAR-CHARGER.jpg\",\"datePublished\":\"2020-10-14T14:15:18+00:00\",\"dateModified\":\"2026-04-15T19:49:30+00:00\",\"description\":\"Chargeurs et batteries solaires, accessoires et \u00e9quipement outdoor fran\u00e7ais\",\"breadcrumb\":{\"@id\":\"https:\\\/\\\/www.powertec.fr\\\/en\\\/shop\\\/dual-usb-a-usb-c-cigar-lighter-adapter\\\/#breadcrumb\"},\"inLanguage\":\"en-US\",\"potentialAction\":[{\"@type\":\"ReadAction\",\"target\":[\"https:\\\/\\\/www.powertec.fr\\\/en\\\/shop\\\/dual-usb-a-usb-c-cigar-lighter-adapter\\\/\"]}]},{\"@type\":\"ImageObject\",\"inLanguage\":\"en-US\",\"@id\":\"https:\\\/\\\/www.powertec.fr\\\/en\\\/shop\\\/dual-usb-a-usb-c-cigar-lighter-adapter\\\/#primaryimage\",\"url\":\"https:\\\/\\\/www.powertec.fr\\\/wp-content\\\/uploads\\\/2020\\\/10\\\/405148_CAR-CHARGER.jpg\",\"contentUrl\":\"https:\\\/\\\/www.powertec.fr\\\/wp-content\\\/uploads\\\/2020\\\/10\\\/405148_CAR-CHARGER.jpg\",\"width\":700,\"height\":700,\"caption\":\"chargeur allume cigare 3 USB\"},{\"@type\":\"BreadcrumbList\",\"@id\":\"https:\\\/\\\/www.powertec.fr\\\/en\\\/shop\\\/dual-usb-a-usb-c-cigar-lighter-adapter\\\/#breadcrumb\",\"itemListElement\":[{\"@type\":\"ListItem\",\"position\":1,\"name\":\"Accueil\",\"item\":\"https:\\\/\\\/www.powertec.fr\\\/en\\\/\"},{\"@type\":\"ListItem\",\"position\":2,\"name\":\"Store\",\"item\":\"https:\\\/\\\/www.powertec.fr\\\/en\\\/shop\\\/\"},{\"@type\":\"ListItem\",\"position\":3,\"name\":\"Essential hiking equipment\",\"item\":\"https:\\\/\\\/www.powertec.fr\\\/en\\\/product-category\\\/outdoor-gear\\\/\"},{\"@type\":\"ListItem\",\"position\":4,\"name\":\"Best Cable and USB-C Charger\",\"item\":\"https:\\\/\\\/www.powertec.fr\\\/en\\\/product-category\\\/outdoor-gear\\\/cables-and-chargers\\\/\"},{\"@type\":\"ListItem\",\"position\":5,\"name\":\"Dual USB-A &#038; USB-C cigar lighter adapter\"}]},{\"@type\":\"WebSite\",\"@id\":\"https:\\\/\\\/www.powertec.fr\\\/en\\\/#website\",\"url\":\"https:\\\/\\\/www.powertec.fr\\\/en\\\/\",\"name\":\"Powertec : chargeurs solaires professionnels\",\"description\":\"Professional Solar chargers, Powerbanks, outdoor Gear\",\"publisher\":{\"@id\":\"https:\\\/\\\/www.powertec.fr\\\/en\\\/#organization\"},\"potentialAction\":[{\"@type\":\"SearchAction\",\"target\":{\"@type\":\"EntryPoint\",\"urlTemplate\":\"https:\\\/\\\/www.powertec.fr\\\/en\\\/?s={search_term_string}\"},\"query-input\":{\"@type\":\"PropertyValueSpecification\",\"valueRequired\":true,\"valueName\":\"search_term_string\"}}],\"inLanguage\":\"en-US\"},{\"@type\":\"Organization\",\"@id\":\"https:\\\/\\\/www.powertec.fr\\\/en\\\/#organization\",\"name\":\"Powertec chargeur solaire\",\"url\":\"https:\\\/\\\/www.powertec.fr\\\/en\\\/\",\"logo\":{\"@type\":\"ImageObject\",\"inLanguage\":\"en-US\",\"@id\":\"https:\\\/\\\/www.powertec.fr\\\/en\\\/#\\\/schema\\\/logo\\\/image\\\/\",\"url\":\"https:\\\/\\\/www.powertec.fr\\\/wp-content\\\/uploads\\\/2025\\\/03\\\/Logo-Powertec.png\",\"contentUrl\":\"https:\\\/\\\/www.powertec.fr\\\/wp-content\\\/uploads\\\/2025\\\/03\\\/Logo-Powertec.png\",\"width\":800,\"height\":231,\"caption\":\"Powertec chargeur solaire\"},\"image\":{\"@id\":\"https:\\\/\\\/www.powertec.fr\\\/en\\\/#\\\/schema\\\/logo\\\/image\\\/\"},\"sameAs\":[\"https:\\\/\\\/www.facebook.com\\\/pages\\\/Powertec-Design\\\/136636319834629\",\"https:\\\/\\\/x.com\\\/PowertecDesign\",\"https:\\\/\\\/www.instagram.com\\\/powertecdesign\\\/\",\"http:\\\/\\\/pinterest.com\\\/PowertecDesign\\\/boards\\\/\",\"https:\\\/\\\/www.youtube.com\\\/channel\\\/UCKPPbn8yFCbV4QukJxSXU8g\\\/feed?filter=2\"]}]}<\/script>\n<!-- \/ Yoast SEO plugin. -->","yoast_head_json":{"title":"Dual USB-A & USB-C cigar lighter adapter - Powertec Design","description":"Chargeurs et batteries solaires, accessoires et \u00e9quipement outdoor fran\u00e7ais","robots":{"index":"index","follow":"follow","max-snippet":"max-snippet:-1","max-image-preview":"max-image-preview:large","max-video-preview":"max-video-preview:-1"},"canonical":"https:\/\/www.powertec.fr\/en\/shop\/dual-usb-a-usb-c-cigar-lighter-adapter\/","og_locale":"en_US","og_type":"article","og_title":"Dual USB-A & USB-C cigar lighter adapter - Powertec Design","og_description":"Chargeurs et batteries solaires, accessoires et \u00e9quipement outdoor fran\u00e7ais","og_url":"https:\/\/www.powertec.fr\/en\/shop\/dual-usb-a-usb-c-cigar-lighter-adapter\/","og_site_name":"Powertec : chargeurs solaires professionnels","article_publisher":"https:\/\/www.facebook.com\/pages\/Powertec-Design\/136636319834629","article_modified_time":"2026-04-15T19:49:30+00:00","og_image":[{"width":700,"height":700,"url":"https:\/\/www.powertec.fr\/wp-content\/uploads\/2020\/10\/405148_CAR-CHARGER.jpg","type":"image\/jpeg"}],"twitter_card":"summary_large_image","twitter_site":"@PowertecDesign","schema":{"@context":"https:\/\/schema.org","@graph":[{"@type":"WebPage","@id":"https:\/\/www.powertec.fr\/en\/shop\/dual-usb-a-usb-c-cigar-lighter-adapter\/","url":"https:\/\/www.powertec.fr\/en\/shop\/dual-usb-a-usb-c-cigar-lighter-adapter\/","name":"Dual USB-A & USB-C cigar lighter adapter - Powertec Design","isPartOf":{"@id":"https:\/\/www.powertec.fr\/en\/#website"},"primaryImageOfPage":{"@id":"https:\/\/www.powertec.fr\/en\/shop\/dual-usb-a-usb-c-cigar-lighter-adapter\/#primaryimage"},"image":{"@id":"https:\/\/www.powertec.fr\/en\/shop\/dual-usb-a-usb-c-cigar-lighter-adapter\/#primaryimage"},"thumbnailUrl":"https:\/\/www.powertec.fr\/wp-content\/uploads\/2020\/10\/405148_CAR-CHARGER.jpg","datePublished":"2020-10-14T14:15:18+00:00","dateModified":"2026-04-15T19:49:30+00:00","description":"Chargeurs et batteries solaires, accessoires et \u00e9quipement outdoor fran\u00e7ais","breadcrumb":{"@id":"https:\/\/www.powertec.fr\/en\/shop\/dual-usb-a-usb-c-cigar-lighter-adapter\/#breadcrumb"},"inLanguage":"en-US","potentialAction":[{"@type":"ReadAction","target":["https:\/\/www.powertec.fr\/en\/shop\/dual-usb-a-usb-c-cigar-lighter-adapter\/"]}]},{"@type":"ImageObject","inLanguage":"en-US","@id":"https:\/\/www.powertec.fr\/en\/shop\/dual-usb-a-usb-c-cigar-lighter-adapter\/#primaryimage","url":"https:\/\/www.powertec.fr\/wp-content\/uploads\/2020\/10\/405148_CAR-CHARGER.jpg","contentUrl":"https:\/\/www.powertec.fr\/wp-content\/uploads\/2020\/10\/405148_CAR-CHARGER.jpg","width":700,"height":700,"caption":"chargeur allume cigare 3 USB"},{"@type":"BreadcrumbList","@id":"https:\/\/www.powertec.fr\/en\/shop\/dual-usb-a-usb-c-cigar-lighter-adapter\/#breadcrumb","itemListElement":[{"@type":"ListItem","position":1,"name":"Accueil","item":"https:\/\/www.powertec.fr\/en\/"},{"@type":"ListItem","position":2,"name":"Store","item":"https:\/\/www.powertec.fr\/en\/shop\/"},{"@type":"ListItem","position":3,"name":"Essential hiking equipment","item":"https:\/\/www.powertec.fr\/en\/product-category\/outdoor-gear\/"},{"@type":"ListItem","position":4,"name":"Best Cable and USB-C Charger","item":"https:\/\/www.powertec.fr\/en\/product-category\/outdoor-gear\/cables-and-chargers\/"},{"@type":"ListItem","position":5,"name":"Dual USB-A &#038; USB-C cigar lighter adapter"}]},{"@type":"WebSite","@id":"https:\/\/www.powertec.fr\/en\/#website","url":"https:\/\/www.powertec.fr\/en\/","name":"Powertec : chargeurs solaires professionnels","description":"Professional Solar chargers, Powerbanks, outdoor Gear","publisher":{"@id":"https:\/\/www.powertec.fr\/en\/#organization"},"potentialAction":[{"@type":"SearchAction","target":{"@type":"EntryPoint","urlTemplate":"https:\/\/www.powertec.fr\/en\/?s={search_term_string}"},"query-input":{"@type":"PropertyValueSpecification","valueRequired":true,"valueName":"search_term_string"}}],"inLanguage":"en-US"},{"@type":"Organization","@id":"https:\/\/www.powertec.fr\/en\/#organization","name":"Powertec chargeur solaire","url":"https:\/\/www.powertec.fr\/en\/","logo":{"@type":"ImageObject","inLanguage":"en-US","@id":"https:\/\/www.powertec.fr\/en\/#\/schema\/logo\/image\/","url":"https:\/\/www.powertec.fr\/wp-content\/uploads\/2025\/03\/Logo-Powertec.png","contentUrl":"https:\/\/www.powertec.fr\/wp-content\/uploads\/2025\/03\/Logo-Powertec.png","width":800,"height":231,"caption":"Powertec chargeur solaire"},"image":{"@id":"https:\/\/www.powertec.fr\/en\/#\/schema\/logo\/image\/"},"sameAs":["https:\/\/www.facebook.com\/pages\/Powertec-Design\/136636319834629","https:\/\/x.com\/PowertecDesign","https:\/\/www.instagram.com\/powertecdesign\/","http:\/\/pinterest.com\/PowertecDesign\/boards\/","https:\/\/www.youtube.com\/channel\/UCKPPbn8yFCbV4QukJxSXU8g\/feed?filter=2"]}]}},"_links":{"self":[{"href":"https:\/\/www.powertec.fr\/en\/wp-json\/wp\/v2\/product\/12932","targetHints":{"allow":["GET"]}}],"collection":[{"href":"https:\/\/www.powertec.fr\/en\/wp-json\/wp\/v2\/product"}],"about":[{"href":"https:\/\/www.powertec.fr\/en\/wp-json\/wp\/v2\/types\/product"}],"wp:featuredmedia":[{"embeddable":true,"href":"https:\/\/www.powertec.fr\/en\/wp-json\/wp\/v2\/media\/20382"}],"wp:attachment":[{"href":"https:\/\/www.powertec.fr\/en\/wp-json\/wp\/v2\/media?parent=12932"}],"wp:term":[{"taxonomy":"product_brand","embeddable":true,"href":"https:\/\/www.powertec.fr\/en\/wp-json\/wp\/v2\/product_brand?post=12932"},{"taxonomy":"product_cat","embeddable":true,"href":"https:\/\/www.powertec.fr\/en\/wp-json\/wp\/v2\/product_cat?post=12932"},{"taxonomy":"product_tag","embeddable":true,"href":"https:\/\/www.powertec.fr\/en\/wp-json\/wp\/v2\/product_tag?post=12932"}],"curies":[{"name":"wp","href":"https:\/\/api.w.org\/{rel}","templated":true}]}}