{"id":12934,"date":"2020-10-12T17:13:22","date_gmt":"2020-10-12T15:13:22","guid":{"rendered":"https:\/\/www.powertec.fr\/?post_type=product&#038;p=12934"},"modified":"2026-04-04T21:49:05","modified_gmt":"2026-04-04T19:49:05","slug":"accu-charger-powerbank","status":"publish","type":"product","link":"https:\/\/www.powertec.fr\/en\/shop\/accu-charger-powerbank\/","title":{"rendered":"Accu charger &#038; Powerbank"},"content":{"rendered":"<p>[vc_row fullwidth=&#8221;yes&#8221; wrap=&#8221;yes&#8221; gap=&#8221;35&#8243;][vc_column][vc_column_text]<\/p>\n<table id=\"product-attribute-specs-table\" class=\"data-table\">\n<tbody>\n<tr class=\"odd\">\n<th class=\"label\">Temps de charge<\/th>\n<td class=\"data\">6hrs<\/td>\n<\/tr>\n<tr class=\"even\">\n<th class=\"label\">Pistes de charge<\/th>\n<td class=\"data\">4<\/td>\n<\/tr>\n<tr class=\"odd\">\n<th class=\"label\">Entr\u00e9e<\/th>\n<td class=\"data\">DC5V 0.5-1A<\/td>\n<\/tr>\n<tr class=\"even\">\n<th class=\"label\">Sortie<\/th>\n<td class=\"data\">DC5V 1.0A<\/td>\n<\/tr>\n<\/tbody>\n<\/table>\n<table id=\"product-attribute-specs-table\" class=\"data-table\">\n<tbody>\n<tr class=\"even\">\n<th class=\"label\">Batteries inclues<\/th>\n<td class=\"data\">4 x AA NiMH (2600 mAh)<\/td>\n<\/tr>\n<\/tbody>\n<\/table>\n<ul class=\"disc\">\n<li>Chargeur de piles et batterie externe 10.000mAh<\/li>\n<li><strong>Inclut 4 piles rechargeables GP ReCyko\u00a0 de 2 600 mAh<\/strong><\/li>\n<li>Chargement rapide (4-5 h) avec fonctions de s\u00e9curit\u00e9 int\u00e9gr\u00e9es<\/li>\n<li>Chargeur sans lithium<\/li>\n<li>Possibilit\u00e9 d&#8217;utiliser des piles alcalines standard pour alimenter la batterie externe<\/li>\n<li>4 rainures de chargement s\u00e9par\u00e9es<\/li>\n<li>Design compact et net<\/li>\n<li>Rechargement de piles AA et AAA, et de dispositifs USB de type Smartphones, GPS, enceintes portables ou casques sans c\u00e2ble.<\/li>\n<\/ul>\n<p>[\/vc_column_text][\/vc_column][\/vc_row]<\/p>\n","protected":false},"excerpt":{"rendered":"<p>GP Charge AnyWay is a small 4 cell battery charger that converts to a powerbank making it very useful when you are travelling as an external battery backup<br \/>\n<em><strong>Its USB charging works with all the Powertec solar chargers.<\/strong><\/em><\/p>\n","protected":false},"featured_media":28308,"template":"","meta":{"_et_pb_use_builder":"","_et_pb_old_content":"","_et_gb_content_width":""},"product_brand":[],"product_cat":[],"product_tag":[],"class_list":{"0":"post-12934","1":"product","2":"type-product","3":"status-publish","4":"has-post-thumbnail","6":"product_shipping_class-supplyweb","8":"first","9":"instock","10":"taxable","11":"shipping-taxable","12":"purchasable","13":"product-type-simple"},"yoast_head":"<!-- This site is optimized with the Yoast SEO plugin v27.3 - https:\/\/yoast.com\/product\/yoast-seo-wordpress\/ -->\n<title>Accu charger &amp; Powerbank - Powertec Design<\/title>\n<meta name=\"description\" content=\"Chargeurs et batteries solaires, accessoires et \u00e9quipement outdoor fran\u00e7ais\" \/>\n<meta name=\"robots\" content=\"index, follow, max-snippet:-1, max-image-preview:large, max-video-preview:-1\" \/>\n<link rel=\"canonical\" href=\"https:\/\/www.powertec.fr\/en\/shop\/accu-charger-powerbank\/\" \/>\n<meta property=\"og:locale\" content=\"en_US\" \/>\n<meta property=\"og:type\" content=\"article\" \/>\n<meta property=\"og:title\" content=\"Accu charger &amp; Powerbank - Powertec Design\" \/>\n<meta property=\"og:description\" content=\"Chargeurs et batteries solaires, accessoires et \u00e9quipement outdoor fran\u00e7ais\" \/>\n<meta property=\"og:url\" content=\"https:\/\/www.powertec.fr\/en\/shop\/accu-charger-powerbank\/\" \/>\n<meta property=\"og:site_name\" content=\"Powertec : chargeurs solaires professionnels\" \/>\n<meta property=\"article:publisher\" content=\"https:\/\/www.facebook.com\/pages\/Powertec-Design\/136636319834629\" \/>\n<meta property=\"article:modified_time\" content=\"2026-04-04T19:49:05+00:00\" \/>\n<meta property=\"og:image\" content=\"https:\/\/www.powertec.fr\/wp-content\/uploads\/2020\/10\/B631.webp\" \/>\n\t<meta property=\"og:image:width\" content=\"1000\" \/>\n\t<meta property=\"og:image:height\" content=\"1131\" \/>\n\t<meta property=\"og:image:type\" content=\"image\/webp\" \/>\n<meta name=\"twitter:card\" content=\"summary_large_image\" \/>\n<meta name=\"twitter:site\" content=\"@PowertecDesign\" \/>\n<meta name=\"twitter:label1\" content=\"Est. reading time\" \/>\n\t<meta name=\"twitter:data1\" content=\"1 minute\" \/>\n<script type=\"application\/ld+json\" class=\"yoast-schema-graph\">{\"@context\":\"https:\\\/\\\/schema.org\",\"@graph\":[{\"@type\":\"WebPage\",\"@id\":\"https:\\\/\\\/www.powertec.fr\\\/en\\\/shop\\\/accu-charger-powerbank\\\/\",\"url\":\"https:\\\/\\\/www.powertec.fr\\\/en\\\/shop\\\/accu-charger-powerbank\\\/\",\"name\":\"Accu charger & Powerbank - Powertec Design\",\"isPartOf\":{\"@id\":\"https:\\\/\\\/www.powertec.fr\\\/en\\\/#website\"},\"primaryImageOfPage\":{\"@id\":\"https:\\\/\\\/www.powertec.fr\\\/en\\\/shop\\\/accu-charger-powerbank\\\/#primaryimage\"},\"image\":{\"@id\":\"https:\\\/\\\/www.powertec.fr\\\/en\\\/shop\\\/accu-charger-powerbank\\\/#primaryimage\"},\"thumbnailUrl\":\"https:\\\/\\\/www.powertec.fr\\\/wp-content\\\/uploads\\\/2020\\\/10\\\/B631-e1771317181726.webp\",\"datePublished\":\"2020-10-12T15:13:22+00:00\",\"dateModified\":\"2026-04-04T19:49:05+00:00\",\"description\":\"Chargeurs et batteries solaires, accessoires et \u00e9quipement outdoor fran\u00e7ais\",\"breadcrumb\":{\"@id\":\"https:\\\/\\\/www.powertec.fr\\\/en\\\/shop\\\/accu-charger-powerbank\\\/#breadcrumb\"},\"inLanguage\":\"en-US\",\"potentialAction\":[{\"@type\":\"ReadAction\",\"target\":[\"https:\\\/\\\/www.powertec.fr\\\/en\\\/shop\\\/accu-charger-powerbank\\\/\"]}]},{\"@type\":\"ImageObject\",\"inLanguage\":\"en-US\",\"@id\":\"https:\\\/\\\/www.powertec.fr\\\/en\\\/shop\\\/accu-charger-powerbank\\\/#primaryimage\",\"url\":\"https:\\\/\\\/www.powertec.fr\\\/wp-content\\\/uploads\\\/2020\\\/10\\\/B631-e1771317181726.webp\",\"contentUrl\":\"https:\\\/\\\/www.powertec.fr\\\/wp-content\\\/uploads\\\/2020\\\/10\\\/B631-e1771317181726.webp\",\"width\":1000,\"height\":1131,\"caption\":\"Chargeur universel de piles USB\"},{\"@type\":\"BreadcrumbList\",\"@id\":\"https:\\\/\\\/www.powertec.fr\\\/en\\\/shop\\\/accu-charger-powerbank\\\/#breadcrumb\",\"itemListElement\":[{\"@type\":\"ListItem\",\"position\":1,\"name\":\"Accueil\",\"item\":\"https:\\\/\\\/www.powertec.fr\\\/en\\\/\"},{\"@type\":\"ListItem\",\"position\":2,\"name\":\"Store\",\"item\":\"https:\\\/\\\/www.powertec.fr\\\/en\\\/shop\\\/\"},{\"@type\":\"ListItem\",\"position\":3,\"name\":\"Aqiila\",\"item\":\"https:\\\/\\\/www.powertec.fr\\\/categorie-produit\\\/aqiila\\\/\"},{\"@type\":\"ListItem\",\"position\":4,\"name\":\"Accessoires outdoor\",\"item\":\"https:\\\/\\\/www.powertec.fr\\\/categorie-produit\\\/aqiila\\\/accessoires-outdoor\\\/\"},{\"@type\":\"ListItem\",\"position\":5,\"name\":\"Accu charger &#038; Powerbank\"}]},{\"@type\":\"WebSite\",\"@id\":\"https:\\\/\\\/www.powertec.fr\\\/en\\\/#website\",\"url\":\"https:\\\/\\\/www.powertec.fr\\\/en\\\/\",\"name\":\"Powertec : chargeurs solaires professionnels\",\"description\":\"Professional Solar chargers, Powerbanks, outdoor Gear\",\"publisher\":{\"@id\":\"https:\\\/\\\/www.powertec.fr\\\/en\\\/#organization\"},\"potentialAction\":[{\"@type\":\"SearchAction\",\"target\":{\"@type\":\"EntryPoint\",\"urlTemplate\":\"https:\\\/\\\/www.powertec.fr\\\/en\\\/?s={search_term_string}\"},\"query-input\":{\"@type\":\"PropertyValueSpecification\",\"valueRequired\":true,\"valueName\":\"search_term_string\"}}],\"inLanguage\":\"en-US\"},{\"@type\":\"Organization\",\"@id\":\"https:\\\/\\\/www.powertec.fr\\\/en\\\/#organization\",\"name\":\"Powertec chargeur solaire\",\"url\":\"https:\\\/\\\/www.powertec.fr\\\/en\\\/\",\"logo\":{\"@type\":\"ImageObject\",\"inLanguage\":\"en-US\",\"@id\":\"https:\\\/\\\/www.powertec.fr\\\/en\\\/#\\\/schema\\\/logo\\\/image\\\/\",\"url\":\"https:\\\/\\\/www.powertec.fr\\\/wp-content\\\/uploads\\\/2025\\\/03\\\/Logo-Powertec.png\",\"contentUrl\":\"https:\\\/\\\/www.powertec.fr\\\/wp-content\\\/uploads\\\/2025\\\/03\\\/Logo-Powertec.png\",\"width\":800,\"height\":231,\"caption\":\"Powertec chargeur solaire\"},\"image\":{\"@id\":\"https:\\\/\\\/www.powertec.fr\\\/en\\\/#\\\/schema\\\/logo\\\/image\\\/\"},\"sameAs\":[\"https:\\\/\\\/www.facebook.com\\\/pages\\\/Powertec-Design\\\/136636319834629\",\"https:\\\/\\\/x.com\\\/PowertecDesign\",\"https:\\\/\\\/www.instagram.com\\\/powertecdesign\\\/\",\"http:\\\/\\\/pinterest.com\\\/PowertecDesign\\\/boards\\\/\",\"https:\\\/\\\/www.youtube.com\\\/channel\\\/UCKPPbn8yFCbV4QukJxSXU8g\\\/feed?filter=2\"]}]}<\/script>\n<!-- \/ Yoast SEO plugin. -->","yoast_head_json":{"title":"Accu charger & Powerbank - Powertec Design","description":"Chargeurs et batteries solaires, accessoires et \u00e9quipement outdoor fran\u00e7ais","robots":{"index":"index","follow":"follow","max-snippet":"max-snippet:-1","max-image-preview":"max-image-preview:large","max-video-preview":"max-video-preview:-1"},"canonical":"https:\/\/www.powertec.fr\/en\/shop\/accu-charger-powerbank\/","og_locale":"en_US","og_type":"article","og_title":"Accu charger & Powerbank - Powertec Design","og_description":"Chargeurs et batteries solaires, accessoires et \u00e9quipement outdoor fran\u00e7ais","og_url":"https:\/\/www.powertec.fr\/en\/shop\/accu-charger-powerbank\/","og_site_name":"Powertec : chargeurs solaires professionnels","article_publisher":"https:\/\/www.facebook.com\/pages\/Powertec-Design\/136636319834629","article_modified_time":"2026-04-04T19:49:05+00:00","og_image":[{"width":1000,"height":1131,"url":"https:\/\/www.powertec.fr\/wp-content\/uploads\/2020\/10\/B631.webp","type":"image\/webp"}],"twitter_card":"summary_large_image","twitter_site":"@PowertecDesign","twitter_misc":{"Est. reading time":"1 minute"},"schema":{"@context":"https:\/\/schema.org","@graph":[{"@type":"WebPage","@id":"https:\/\/www.powertec.fr\/en\/shop\/accu-charger-powerbank\/","url":"https:\/\/www.powertec.fr\/en\/shop\/accu-charger-powerbank\/","name":"Accu charger & Powerbank - Powertec Design","isPartOf":{"@id":"https:\/\/www.powertec.fr\/en\/#website"},"primaryImageOfPage":{"@id":"https:\/\/www.powertec.fr\/en\/shop\/accu-charger-powerbank\/#primaryimage"},"image":{"@id":"https:\/\/www.powertec.fr\/en\/shop\/accu-charger-powerbank\/#primaryimage"},"thumbnailUrl":"https:\/\/www.powertec.fr\/wp-content\/uploads\/2020\/10\/B631-e1771317181726.webp","datePublished":"2020-10-12T15:13:22+00:00","dateModified":"2026-04-04T19:49:05+00:00","description":"Chargeurs et batteries solaires, accessoires et \u00e9quipement outdoor fran\u00e7ais","breadcrumb":{"@id":"https:\/\/www.powertec.fr\/en\/shop\/accu-charger-powerbank\/#breadcrumb"},"inLanguage":"en-US","potentialAction":[{"@type":"ReadAction","target":["https:\/\/www.powertec.fr\/en\/shop\/accu-charger-powerbank\/"]}]},{"@type":"ImageObject","inLanguage":"en-US","@id":"https:\/\/www.powertec.fr\/en\/shop\/accu-charger-powerbank\/#primaryimage","url":"https:\/\/www.powertec.fr\/wp-content\/uploads\/2020\/10\/B631-e1771317181726.webp","contentUrl":"https:\/\/www.powertec.fr\/wp-content\/uploads\/2020\/10\/B631-e1771317181726.webp","width":1000,"height":1131,"caption":"Chargeur universel de piles USB"},{"@type":"BreadcrumbList","@id":"https:\/\/www.powertec.fr\/en\/shop\/accu-charger-powerbank\/#breadcrumb","itemListElement":[{"@type":"ListItem","position":1,"name":"Accueil","item":"https:\/\/www.powertec.fr\/en\/"},{"@type":"ListItem","position":2,"name":"Store","item":"https:\/\/www.powertec.fr\/en\/shop\/"},{"@type":"ListItem","position":3,"name":"Aqiila","item":"https:\/\/www.powertec.fr\/categorie-produit\/aqiila\/"},{"@type":"ListItem","position":4,"name":"Accessoires outdoor","item":"https:\/\/www.powertec.fr\/categorie-produit\/aqiila\/accessoires-outdoor\/"},{"@type":"ListItem","position":5,"name":"Accu charger &#038; Powerbank"}]},{"@type":"WebSite","@id":"https:\/\/www.powertec.fr\/en\/#website","url":"https:\/\/www.powertec.fr\/en\/","name":"Powertec : chargeurs solaires professionnels","description":"Professional Solar chargers, Powerbanks, outdoor Gear","publisher":{"@id":"https:\/\/www.powertec.fr\/en\/#organization"},"potentialAction":[{"@type":"SearchAction","target":{"@type":"EntryPoint","urlTemplate":"https:\/\/www.powertec.fr\/en\/?s={search_term_string}"},"query-input":{"@type":"PropertyValueSpecification","valueRequired":true,"valueName":"search_term_string"}}],"inLanguage":"en-US"},{"@type":"Organization","@id":"https:\/\/www.powertec.fr\/en\/#organization","name":"Powertec chargeur solaire","url":"https:\/\/www.powertec.fr\/en\/","logo":{"@type":"ImageObject","inLanguage":"en-US","@id":"https:\/\/www.powertec.fr\/en\/#\/schema\/logo\/image\/","url":"https:\/\/www.powertec.fr\/wp-content\/uploads\/2025\/03\/Logo-Powertec.png","contentUrl":"https:\/\/www.powertec.fr\/wp-content\/uploads\/2025\/03\/Logo-Powertec.png","width":800,"height":231,"caption":"Powertec chargeur solaire"},"image":{"@id":"https:\/\/www.powertec.fr\/en\/#\/schema\/logo\/image\/"},"sameAs":["https:\/\/www.facebook.com\/pages\/Powertec-Design\/136636319834629","https:\/\/x.com\/PowertecDesign","https:\/\/www.instagram.com\/powertecdesign\/","http:\/\/pinterest.com\/PowertecDesign\/boards\/","https:\/\/www.youtube.com\/channel\/UCKPPbn8yFCbV4QukJxSXU8g\/feed?filter=2"]}]}},"_links":{"self":[{"href":"https:\/\/www.powertec.fr\/en\/wp-json\/wp\/v2\/product\/12934","targetHints":{"allow":["GET"]}}],"collection":[{"href":"https:\/\/www.powertec.fr\/en\/wp-json\/wp\/v2\/product"}],"about":[{"href":"https:\/\/www.powertec.fr\/en\/wp-json\/wp\/v2\/types\/product"}],"wp:featuredmedia":[{"embeddable":true,"href":"https:\/\/www.powertec.fr\/en\/wp-json\/wp\/v2\/media\/28308"}],"wp:attachment":[{"href":"https:\/\/www.powertec.fr\/en\/wp-json\/wp\/v2\/media?parent=12934"}],"wp:term":[{"taxonomy":"product_brand","embeddable":true,"href":"https:\/\/www.powertec.fr\/en\/wp-json\/wp\/v2\/product_brand?post=12934"},{"taxonomy":"product_cat","embeddable":true,"href":"https:\/\/www.powertec.fr\/en\/wp-json\/wp\/v2\/product_cat?post=12934"},{"taxonomy":"product_tag","embeddable":true,"href":"https:\/\/www.powertec.fr\/en\/wp-json\/wp\/v2\/product_tag?post=12934"}],"curies":[{"name":"wp","href":"https:\/\/api.w.org\/{rel}","templated":true}]}}