{"id":12935,"date":"2020-10-12T17:12:17","date_gmt":"2020-10-12T15:12:17","guid":{"rendered":"https:\/\/www.powertec.fr\/?post_type=product&#038;p=12935"},"modified":"2025-04-07T21:35:28","modified_gmt":"2025-04-07T19:35:28","slug":"wireless-induction-usb-charger","status":"publish","type":"product","link":"https:\/\/www.powertec.fr\/en\/shop\/wireless-induction-usb-charger\/","title":{"rendered":"Wireless Induction USB charger"},"content":{"rendered":"<p>[vc_row fullwidth=&#8221;yes&#8221; wrap=&#8221;yes&#8221; gap=&#8221;35&#8243;][vc_column][vc_column_text]<\/p>\n<div class=\"short-description\">\n<div class=\"std\">\n<h3>Chargeur sans fil \u00e0 induction<\/h3>\n<p>Charge rapide:<\/p>\n<ul>\n<li>Entr\u00e9e : 5V \/ 2A ou 9V \/ 1.67A via Micro USB<\/li>\n<li>Sortie sans fil : 10 W (max.)<\/li>\n<li>Charge via les \u00e9tuis de t\u00e9l\u00e9phone (max. 5 mm)<\/li>\n<\/ul>\n<h3>Apparence:<\/h3>\n<ul>\n<li>Seulement 7 mm d&#8217;\u00e9paisseur<\/li>\n<li>Pied et rev\u00eatement en caoutchouc antid\u00e9rapant<\/li>\n<\/ul>\n<\/div>\n<\/div>\n<p>[\/vc_column_text][\/vc_column][\/vc_row][vc_row content_placement=&#8221;middle&#8221;][vc_column][vc_empty_space height=&#8221;50px&#8221;][vc_column_text]<\/p>\n<h3 style=\"text-align: center;\">Built-in security features<\/h3>\n<p>[\/vc_column_text][vc_empty_space height=&#8221;50px&#8221;][\/vc_column][vc_column][\/vc_column][\/vc_row][vc_row fullwidth=&#8221;yes&#8221; wrap=&#8221;yes&#8221; gap=&#8221;35&#8243; equal_height=&#8221;yes&#8221; content_placement=&#8221;middle&#8221;][vc_column width=&#8221;1\/2&#8243;][vc_row_inner equal_height=&#8221;yes&#8221; content_placement=&#8221;middle&#8221;][vc_column_inner width=&#8221;1\/2&#8243; background_position=&#8221;center center&#8221;][vc_column_text]<\/p>\n<h4 style=\"text-align: center;\"><img decoding=\"async\" src=\"https:\/\/www.gpbmfrance.fr\/media\/wysiwyg\/gpbm\/productinfo\/_verstr_msskydd.jpg\" alt=\"\" width=\"80\" height=\"80\" \/><\/h4>\n<p>[\/vc_column_text][\/vc_column_inner][vc_column_inner width=&#8221;1\/2&#8243;][vc_column_text]<\/p>\n<h4><strong>Foreign object detection<\/strong><\/h4>\n<p>[\/vc_column_text][\/vc_column_inner][\/vc_row_inner][\/vc_column][vc_column width=&#8221;1\/2&#8243;][\/vc_column][\/vc_row][vc_row fullwidth=&#8221;yes&#8221; wrap=&#8221;yes&#8221; gap=&#8221;35&#8243; equal_height=&#8221;yes&#8221; content_placement=&#8221;middle&#8221;][vc_column width=&#8221;1\/2&#8243;][vc_row_inner equal_height=&#8221;yes&#8221; content_placement=&#8221;middle&#8221;][vc_column_inner width=&#8221;1\/2&#8243; background_position=&#8221;center center&#8221;][vc_column_text]<\/p>\n<h4><img decoding=\"async\" class=\"alignnone size-full wp-image-12753 aligncenter\" src=\"https:\/\/www.powertec.fr\/wp-content\/uploads\/2020\/10\/ic-hot-tub-48px.jpg\" alt=\"\" width=\"80\" height=\"80\" \/><\/h4>\n<p>[\/vc_column_text][\/vc_column_inner][vc_column_inner width=&#8221;1\/2&#8243;][vc_column_text]<\/p>\n<h4><strong>Overheating protection<\/strong><\/h4>\n<p>[\/vc_column_text][\/vc_column_inner][\/vc_row_inner][\/vc_column][vc_column width=&#8221;1\/2&#8243;][vc_column_text]If too much current is flowing through the battery or if conditions are unfavorable, the charger may overheat. That is why we have installed an overheating protection, to ensure that the battery works safely and to avoid all the risks associated with overheating.[\/vc_column_text][\/vc_column][\/vc_row][vc_row fullwidth=&#8221;yes&#8221; wrap=&#8221;yes&#8221; gap=&#8221;35&#8243; equal_height=&#8221;yes&#8221; content_placement=&#8221;middle&#8221;][vc_column width=&#8221;1\/2&#8243;][vc_row_inner equal_height=&#8221;yes&#8221; content_placement=&#8221;middle&#8221;][vc_column_inner width=&#8221;1\/2&#8243; background_position=&#8221;center center&#8221;][vc_column_text]<img decoding=\"async\" class=\"alignnone size-full wp-image-12760 aligncenter\" src=\"https:\/\/www.powertec.fr\/wp-content\/uploads\/2020\/10\/ic-gavel-48px.jpg\" alt=\"\" width=\"80\" height=\"80\" \/>[\/vc_column_text][\/vc_column_inner][vc_column_inner width=&#8221;1\/2&#8243;][vc_column_text]<\/p>\n<h4><strong> Shock resistant <\/strong><\/h4>\n<p>[\/vc_column_text][\/vc_column_inner][\/vc_row_inner][\/vc_column][vc_column width=&#8221;1\/2&#8243;][vc_column_text]Dropping can cause serious damage to the battery, which in turn can damage the charger and the USB device. If luck is really not on your side, it can also happen that the battery catches fire or explodes. That\u2019s why GP PowerBank has protection that prevents damage that could result from an impact or a fall.[\/vc_column_text][\/vc_column][\/vc_row]<\/p>\n","protected":false},"excerpt":{"rendered":"<p>10W TURQUOISE wireless charger &#8211; with micro USB cable<\/p>\n<div class=\"short-description\">\n<div class=\"std\">\n<p>Lightweight (58g), fast and stylish. A 10W wireless charger with foot and non-slip rubber coating. The travel companion while charging your smartphone easier than ever with a Powertec solar charger<\/p>\n<ul class=\"disc\">\n<li>Wireless output: 10 W (max.)<\/li>\n<li>Charging via phone cases (max. 5 mm)<\/li>\n<li>Foreign object detection<\/li>\n<li>Non-slip rubber foot and cover<\/li>\n<li>Includes micro-USB cable<\/li>\n<\/ul>\n<\/div>\n<\/div>\n","protected":false},"featured_media":12726,"template":"","meta":{"_et_pb_use_builder":"","_et_pb_old_content":"","_et_gb_content_width":""},"product_brand":[],"product_cat":[267],"product_tag":[],"class_list":{"0":"post-12935","1":"product","2":"type-product","3":"status-publish","4":"has-post-thumbnail","6":"product_cat-cables-and-chargers","7":"product_shipping_class-supplyweb","9":"first","10":"onbackorder","11":"taxable","12":"shipping-taxable","13":"purchasable","14":"product-type-simple"},"yoast_head":"<!-- This site is optimized with the Yoast SEO plugin v27.4 - https:\/\/yoast.com\/product\/yoast-seo-wordpress\/ -->\n<title>Wireless Induction USB charger - Powertec Design<\/title>\n<meta name=\"description\" content=\"Chargeurs et batteries solaires, accessoires et \u00e9quipement outdoor fran\u00e7ais\" \/>\n<meta name=\"robots\" content=\"index, follow, max-snippet:-1, max-image-preview:large, max-video-preview:-1\" \/>\n<link rel=\"canonical\" href=\"https:\/\/www.powertec.fr\/en\/shop\/wireless-induction-usb-charger\/\" \/>\n<meta property=\"og:locale\" content=\"en_US\" \/>\n<meta property=\"og:type\" content=\"article\" \/>\n<meta property=\"og:title\" content=\"Wireless Induction USB charger - Powertec Design\" \/>\n<meta property=\"og:description\" content=\"Chargeurs et batteries solaires, accessoires et \u00e9quipement outdoor fran\u00e7ais\" \/>\n<meta property=\"og:url\" content=\"https:\/\/www.powertec.fr\/en\/shop\/wireless-induction-usb-charger\/\" \/>\n<meta property=\"og:site_name\" content=\"Powertec : chargeurs solaires professionnels\" \/>\n<meta property=\"article:publisher\" content=\"https:\/\/www.facebook.com\/pages\/Powertec-Design\/136636319834629\" \/>\n<meta property=\"article:modified_time\" content=\"2025-04-07T19:35:28+00:00\" \/>\n<meta property=\"og:image\" content=\"https:\/\/www.powertec.fr\/wp-content\/uploads\/2020\/10\/Chargeur-sans-fil-induction-USB.jpg\" \/>\n\t<meta property=\"og:image:width\" content=\"478\" \/>\n\t<meta property=\"og:image:height\" content=\"600\" \/>\n\t<meta property=\"og:image:type\" content=\"image\/jpeg\" \/>\n<meta name=\"twitter:card\" content=\"summary_large_image\" \/>\n<meta name=\"twitter:site\" content=\"@PowertecDesign\" \/>\n<meta name=\"twitter:label1\" content=\"Est. reading time\" \/>\n\t<meta name=\"twitter:data1\" content=\"2 minutes\" \/>\n<script type=\"application\/ld+json\" class=\"yoast-schema-graph\">{\"@context\":\"https:\\\/\\\/schema.org\",\"@graph\":[{\"@type\":\"WebPage\",\"@id\":\"https:\\\/\\\/www.powertec.fr\\\/en\\\/shop\\\/wireless-induction-usb-charger\\\/\",\"url\":\"https:\\\/\\\/www.powertec.fr\\\/en\\\/shop\\\/wireless-induction-usb-charger\\\/\",\"name\":\"Wireless Induction USB charger - Powertec Design\",\"isPartOf\":{\"@id\":\"https:\\\/\\\/www.powertec.fr\\\/en\\\/#website\"},\"primaryImageOfPage\":{\"@id\":\"https:\\\/\\\/www.powertec.fr\\\/en\\\/shop\\\/wireless-induction-usb-charger\\\/#primaryimage\"},\"image\":{\"@id\":\"https:\\\/\\\/www.powertec.fr\\\/en\\\/shop\\\/wireless-induction-usb-charger\\\/#primaryimage\"},\"thumbnailUrl\":\"https:\\\/\\\/www.powertec.fr\\\/wp-content\\\/uploads\\\/2020\\\/10\\\/Chargeur-sans-fil-induction-USB.jpg\",\"datePublished\":\"2020-10-12T15:12:17+00:00\",\"dateModified\":\"2025-04-07T19:35:28+00:00\",\"description\":\"Chargeurs et batteries solaires, accessoires et \u00e9quipement outdoor fran\u00e7ais\",\"breadcrumb\":{\"@id\":\"https:\\\/\\\/www.powertec.fr\\\/en\\\/shop\\\/wireless-induction-usb-charger\\\/#breadcrumb\"},\"inLanguage\":\"en-US\",\"potentialAction\":[{\"@type\":\"ReadAction\",\"target\":[\"https:\\\/\\\/www.powertec.fr\\\/en\\\/shop\\\/wireless-induction-usb-charger\\\/\"]}]},{\"@type\":\"ImageObject\",\"inLanguage\":\"en-US\",\"@id\":\"https:\\\/\\\/www.powertec.fr\\\/en\\\/shop\\\/wireless-induction-usb-charger\\\/#primaryimage\",\"url\":\"https:\\\/\\\/www.powertec.fr\\\/wp-content\\\/uploads\\\/2020\\\/10\\\/Chargeur-sans-fil-induction-USB.jpg\",\"contentUrl\":\"https:\\\/\\\/www.powertec.fr\\\/wp-content\\\/uploads\\\/2020\\\/10\\\/Chargeur-sans-fil-induction-USB.jpg\",\"width\":478,\"height\":600,\"caption\":\"chargeur sans fil a induction\"},{\"@type\":\"BreadcrumbList\",\"@id\":\"https:\\\/\\\/www.powertec.fr\\\/en\\\/shop\\\/wireless-induction-usb-charger\\\/#breadcrumb\",\"itemListElement\":[{\"@type\":\"ListItem\",\"position\":1,\"name\":\"Accueil\",\"item\":\"https:\\\/\\\/www.powertec.fr\\\/en\\\/\"},{\"@type\":\"ListItem\",\"position\":2,\"name\":\"Store\",\"item\":\"https:\\\/\\\/www.powertec.fr\\\/en\\\/shop\\\/\"},{\"@type\":\"ListItem\",\"position\":3,\"name\":\"Essential hiking equipment\",\"item\":\"https:\\\/\\\/www.powertec.fr\\\/en\\\/product-category\\\/outdoor-gear\\\/\"},{\"@type\":\"ListItem\",\"position\":4,\"name\":\"Best Cable and USB-C Charger\",\"item\":\"https:\\\/\\\/www.powertec.fr\\\/en\\\/product-category\\\/outdoor-gear\\\/cables-and-chargers\\\/\"},{\"@type\":\"ListItem\",\"position\":5,\"name\":\"Wireless Induction USB charger\"}]},{\"@type\":\"WebSite\",\"@id\":\"https:\\\/\\\/www.powertec.fr\\\/en\\\/#website\",\"url\":\"https:\\\/\\\/www.powertec.fr\\\/en\\\/\",\"name\":\"Powertec : chargeurs solaires professionnels\",\"description\":\"Professional Solar chargers, Powerbanks, outdoor Gear\",\"publisher\":{\"@id\":\"https:\\\/\\\/www.powertec.fr\\\/en\\\/#organization\"},\"potentialAction\":[{\"@type\":\"SearchAction\",\"target\":{\"@type\":\"EntryPoint\",\"urlTemplate\":\"https:\\\/\\\/www.powertec.fr\\\/en\\\/?s={search_term_string}\"},\"query-input\":{\"@type\":\"PropertyValueSpecification\",\"valueRequired\":true,\"valueName\":\"search_term_string\"}}],\"inLanguage\":\"en-US\"},{\"@type\":\"Organization\",\"@id\":\"https:\\\/\\\/www.powertec.fr\\\/en\\\/#organization\",\"name\":\"Powertec chargeur solaire\",\"url\":\"https:\\\/\\\/www.powertec.fr\\\/en\\\/\",\"logo\":{\"@type\":\"ImageObject\",\"inLanguage\":\"en-US\",\"@id\":\"https:\\\/\\\/www.powertec.fr\\\/en\\\/#\\\/schema\\\/logo\\\/image\\\/\",\"url\":\"https:\\\/\\\/www.powertec.fr\\\/wp-content\\\/uploads\\\/2025\\\/03\\\/Logo-Powertec.png\",\"contentUrl\":\"https:\\\/\\\/www.powertec.fr\\\/wp-content\\\/uploads\\\/2025\\\/03\\\/Logo-Powertec.png\",\"width\":800,\"height\":231,\"caption\":\"Powertec chargeur solaire\"},\"image\":{\"@id\":\"https:\\\/\\\/www.powertec.fr\\\/en\\\/#\\\/schema\\\/logo\\\/image\\\/\"},\"sameAs\":[\"https:\\\/\\\/www.facebook.com\\\/pages\\\/Powertec-Design\\\/136636319834629\",\"https:\\\/\\\/x.com\\\/PowertecDesign\",\"https:\\\/\\\/www.instagram.com\\\/powertecdesign\\\/\",\"http:\\\/\\\/pinterest.com\\\/PowertecDesign\\\/boards\\\/\",\"https:\\\/\\\/www.youtube.com\\\/channel\\\/UCKPPbn8yFCbV4QukJxSXU8g\\\/feed?filter=2\"]}]}<\/script>\n<!-- \/ Yoast SEO plugin. -->","yoast_head_json":{"title":"Wireless Induction USB charger - Powertec Design","description":"Chargeurs et batteries solaires, accessoires et \u00e9quipement outdoor fran\u00e7ais","robots":{"index":"index","follow":"follow","max-snippet":"max-snippet:-1","max-image-preview":"max-image-preview:large","max-video-preview":"max-video-preview:-1"},"canonical":"https:\/\/www.powertec.fr\/en\/shop\/wireless-induction-usb-charger\/","og_locale":"en_US","og_type":"article","og_title":"Wireless Induction USB charger - Powertec Design","og_description":"Chargeurs et batteries solaires, accessoires et \u00e9quipement outdoor fran\u00e7ais","og_url":"https:\/\/www.powertec.fr\/en\/shop\/wireless-induction-usb-charger\/","og_site_name":"Powertec : chargeurs solaires professionnels","article_publisher":"https:\/\/www.facebook.com\/pages\/Powertec-Design\/136636319834629","article_modified_time":"2025-04-07T19:35:28+00:00","og_image":[{"width":478,"height":600,"url":"https:\/\/www.powertec.fr\/wp-content\/uploads\/2020\/10\/Chargeur-sans-fil-induction-USB.jpg","type":"image\/jpeg"}],"twitter_card":"summary_large_image","twitter_site":"@PowertecDesign","twitter_misc":{"Est. reading time":"2 minutes"},"schema":{"@context":"https:\/\/schema.org","@graph":[{"@type":"WebPage","@id":"https:\/\/www.powertec.fr\/en\/shop\/wireless-induction-usb-charger\/","url":"https:\/\/www.powertec.fr\/en\/shop\/wireless-induction-usb-charger\/","name":"Wireless Induction USB charger - Powertec Design","isPartOf":{"@id":"https:\/\/www.powertec.fr\/en\/#website"},"primaryImageOfPage":{"@id":"https:\/\/www.powertec.fr\/en\/shop\/wireless-induction-usb-charger\/#primaryimage"},"image":{"@id":"https:\/\/www.powertec.fr\/en\/shop\/wireless-induction-usb-charger\/#primaryimage"},"thumbnailUrl":"https:\/\/www.powertec.fr\/wp-content\/uploads\/2020\/10\/Chargeur-sans-fil-induction-USB.jpg","datePublished":"2020-10-12T15:12:17+00:00","dateModified":"2025-04-07T19:35:28+00:00","description":"Chargeurs et batteries solaires, accessoires et \u00e9quipement outdoor fran\u00e7ais","breadcrumb":{"@id":"https:\/\/www.powertec.fr\/en\/shop\/wireless-induction-usb-charger\/#breadcrumb"},"inLanguage":"en-US","potentialAction":[{"@type":"ReadAction","target":["https:\/\/www.powertec.fr\/en\/shop\/wireless-induction-usb-charger\/"]}]},{"@type":"ImageObject","inLanguage":"en-US","@id":"https:\/\/www.powertec.fr\/en\/shop\/wireless-induction-usb-charger\/#primaryimage","url":"https:\/\/www.powertec.fr\/wp-content\/uploads\/2020\/10\/Chargeur-sans-fil-induction-USB.jpg","contentUrl":"https:\/\/www.powertec.fr\/wp-content\/uploads\/2020\/10\/Chargeur-sans-fil-induction-USB.jpg","width":478,"height":600,"caption":"chargeur sans fil a induction"},{"@type":"BreadcrumbList","@id":"https:\/\/www.powertec.fr\/en\/shop\/wireless-induction-usb-charger\/#breadcrumb","itemListElement":[{"@type":"ListItem","position":1,"name":"Accueil","item":"https:\/\/www.powertec.fr\/en\/"},{"@type":"ListItem","position":2,"name":"Store","item":"https:\/\/www.powertec.fr\/en\/shop\/"},{"@type":"ListItem","position":3,"name":"Essential hiking equipment","item":"https:\/\/www.powertec.fr\/en\/product-category\/outdoor-gear\/"},{"@type":"ListItem","position":4,"name":"Best Cable and USB-C Charger","item":"https:\/\/www.powertec.fr\/en\/product-category\/outdoor-gear\/cables-and-chargers\/"},{"@type":"ListItem","position":5,"name":"Wireless Induction USB charger"}]},{"@type":"WebSite","@id":"https:\/\/www.powertec.fr\/en\/#website","url":"https:\/\/www.powertec.fr\/en\/","name":"Powertec : chargeurs solaires professionnels","description":"Professional Solar chargers, Powerbanks, outdoor Gear","publisher":{"@id":"https:\/\/www.powertec.fr\/en\/#organization"},"potentialAction":[{"@type":"SearchAction","target":{"@type":"EntryPoint","urlTemplate":"https:\/\/www.powertec.fr\/en\/?s={search_term_string}"},"query-input":{"@type":"PropertyValueSpecification","valueRequired":true,"valueName":"search_term_string"}}],"inLanguage":"en-US"},{"@type":"Organization","@id":"https:\/\/www.powertec.fr\/en\/#organization","name":"Powertec chargeur solaire","url":"https:\/\/www.powertec.fr\/en\/","logo":{"@type":"ImageObject","inLanguage":"en-US","@id":"https:\/\/www.powertec.fr\/en\/#\/schema\/logo\/image\/","url":"https:\/\/www.powertec.fr\/wp-content\/uploads\/2025\/03\/Logo-Powertec.png","contentUrl":"https:\/\/www.powertec.fr\/wp-content\/uploads\/2025\/03\/Logo-Powertec.png","width":800,"height":231,"caption":"Powertec chargeur solaire"},"image":{"@id":"https:\/\/www.powertec.fr\/en\/#\/schema\/logo\/image\/"},"sameAs":["https:\/\/www.facebook.com\/pages\/Powertec-Design\/136636319834629","https:\/\/x.com\/PowertecDesign","https:\/\/www.instagram.com\/powertecdesign\/","http:\/\/pinterest.com\/PowertecDesign\/boards\/","https:\/\/www.youtube.com\/channel\/UCKPPbn8yFCbV4QukJxSXU8g\/feed?filter=2"]}]}},"_links":{"self":[{"href":"https:\/\/www.powertec.fr\/en\/wp-json\/wp\/v2\/product\/12935","targetHints":{"allow":["GET"]}}],"collection":[{"href":"https:\/\/www.powertec.fr\/en\/wp-json\/wp\/v2\/product"}],"about":[{"href":"https:\/\/www.powertec.fr\/en\/wp-json\/wp\/v2\/types\/product"}],"wp:featuredmedia":[{"embeddable":true,"href":"https:\/\/www.powertec.fr\/en\/wp-json\/wp\/v2\/media\/12726"}],"wp:attachment":[{"href":"https:\/\/www.powertec.fr\/en\/wp-json\/wp\/v2\/media?parent=12935"}],"wp:term":[{"taxonomy":"product_brand","embeddable":true,"href":"https:\/\/www.powertec.fr\/en\/wp-json\/wp\/v2\/product_brand?post=12935"},{"taxonomy":"product_cat","embeddable":true,"href":"https:\/\/www.powertec.fr\/en\/wp-json\/wp\/v2\/product_cat?post=12935"},{"taxonomy":"product_tag","embeddable":true,"href":"https:\/\/www.powertec.fr\/en\/wp-json\/wp\/v2\/product_tag?post=12935"}],"curies":[{"name":"wp","href":"https:\/\/api.w.org\/{rel}","templated":true}]}}