{"id":13917,"date":"2021-04-30T16:53:40","date_gmt":"2021-04-30T14:53:40","guid":{"rendered":"https:\/\/www.powertec.fr\/?post_type=product&#038;p=13917"},"modified":"2025-12-31T16:38:40","modified_gmt":"2025-12-31T15:38:40","slug":"adventurersolarkit","status":"publish","type":"product","link":"https:\/\/www.powertec.fr\/en\/shop\/adventurersolarkit\/","title":{"rendered":"Kit Baroudeur &#8211; 16W panel + 10,000mAh battery"},"content":{"rendered":"<p>[et_pb_section fb_built=&#8221;1&#8243; _builder_version=&#8221;4.16&#8243; custom_padding=&#8221;0px||||false|false&#8221; collapsed=&#8221;on&#8221; global_colors_info=&#8221;{}&#8221;][et_pb_row _builder_version=&#8221;4.16&#8243; background_size=&#8221;initial&#8221; background_position=&#8221;top_left&#8221; background_repeat=&#8221;repeat&#8221; width=&#8221;100%&#8221; custom_padding=&#8221;0px||0px||false|false&#8221; global_colors_info=&#8221;{}&#8221;][et_pb_column type=&#8221;4_4&#8243; _builder_version=&#8221;4.16&#8243; custom_padding=&#8221;|||&#8221; global_colors_info=&#8221;{}&#8221; custom_padding__hover=&#8221;|||&#8221;][et_pb_wc_breadcrumb _builder_version=&#8221;4.16&#8243; global_colors_info=&#8221;{}&#8221;][\/et_pb_wc_breadcrumb][et_pb_wc_cart_notice _builder_version=&#8221;4.16&#8243; global_colors_info=&#8221;{}&#8221;][\/et_pb_wc_cart_notice][\/et_pb_column][\/et_pb_row][et_pb_row column_structure=&#8221;1_2,1_2&#8243; _builder_version=&#8221;4.16&#8243; background_size=&#8221;initial&#8221; background_position=&#8221;top_left&#8221; background_repeat=&#8221;repeat&#8221; width=&#8221;100%&#8221; custom_padding=&#8221;0px||||false|false&#8221; global_colors_info=&#8221;{}&#8221;][et_pb_column type=&#8221;1_2&#8243; _builder_version=&#8221;4.16&#8243; custom_padding=&#8221;|||&#8221; global_colors_info=&#8221;{}&#8221; custom_padding__hover=&#8221;|||&#8221;][et_pb_wc_images _builder_version=&#8221;4.16&#8243; global_colors_info=&#8221;{}&#8221;][\/et_pb_wc_images][\/et_pb_column][et_pb_column type=&#8221;1_2&#8243; _builder_version=&#8221;4.16&#8243; custom_padding=&#8221;|||&#8221; global_colors_info=&#8221;{}&#8221; custom_padding__hover=&#8221;|||&#8221;][et_pb_wc_title _builder_version=&#8221;4.16&#8243; global_colors_info=&#8221;{}&#8221;][\/et_pb_wc_title][et_pb_wc_rating _builder_version=&#8221;4.16&#8243; global_colors_info=&#8221;{}&#8221;][\/et_pb_wc_rating][et_pb_wc_price _builder_version=&#8221;4.16&#8243; global_colors_info=&#8221;{}&#8221;][\/et_pb_wc_price][et_pb_wc_description _builder_version=&#8221;4.16&#8243; global_colors_info=&#8221;{}&#8221;][\/et_pb_wc_description][et_pb_wc_add_to_cart _builder_version=&#8221;4.16&#8243; global_colors_info=&#8221;{}&#8221;][\/et_pb_wc_add_to_cart][et_pb_wc_meta _builder_version=&#8221;4.16&#8243; global_colors_info=&#8221;{}&#8221;][\/et_pb_wc_meta][\/et_pb_column][\/et_pb_row][et_pb_row _builder_version=&#8221;4.16&#8243; background_size=&#8221;initial&#8221; background_position=&#8221;top_left&#8221; background_repeat=&#8221;repeat&#8221; width=&#8221;100%&#8221; global_colors_info=&#8221;{}&#8221;][et_pb_column type=&#8221;4_4&#8243; _builder_version=&#8221;4.16&#8243; custom_padding=&#8221;|||&#8221; global_colors_info=&#8221;{}&#8221; custom_padding__hover=&#8221;|||&#8221;][et_pb_wc_tabs _builder_version=&#8221;4.16&#8243; global_colors_info=&#8221;{}&#8221;]\t\t\t\t\t[\/et_pb_wc_tabs][et_pb_wc_upsells columns_number=&#8221;3&#8243; _builder_version=&#8221;4.16&#8243; global_colors_info=&#8221;{}&#8221;][\/et_pb_wc_upsells][et_pb_wc_related_products columns_number=&#8221;3&#8243; _builder_version=&#8221;4.16&#8243; global_colors_info=&#8221;{}&#8221;][\/et_pb_wc_related_products][\/et_pb_column][\/et_pb_row][\/et_pb_section]<\/p>\n","protected":false},"excerpt":{"rendered":"<p><strong>The Solar Baroudeur Kit is a set<br \/>\n<\/strong> &#8211; <strong>16W panel with 2<\/strong> foldable <strong>USB ports<\/strong>, very high efficiency and ultra light<br \/>\n+ <strong><a href=\"https:\/\/www.powertec.fr\/batterie-de-secours\/powerbank-power-delivery10000-mah\/\">10,000mAh external battery<\/a> <\/strong> Power Delivery 22.5W supplied with a USB-A \/ USB-C cord for charging via the solar panel (transfer mode).<br \/>\nIdeal for recharging all your USB devices outdoors. Extremely compact and lightweight (460+220 = 680g) <\/p>\n<p><em>Panel: <\/em> 5V &#8211; USB<br \/>\n<strong>Power:<\/strong> 2* 2.400mA+2.100mA<br \/>\n<em>Battery: <\/em> 5V &#8211; 1* USB-A + 2* USB-C Power Delivery 22.5W<br \/>\n<strong>Capacity:<\/strong> 10,000mAh<br \/>\nLed display showing % charge remaining<\/p>\n<p><strong>The set charges all your devices:<\/strong> Smartphones, iPhones, GPS running watches, MP3 players, GoPro, Drones, USB Boomboxes, Powerbanks, etc.<\/p>\n<p><a href=\"https:\/\/www.powertec.fr\/wp-content\/uploads\/2023\/04\/Fiche-produit-PTFLAP16-dec22-F.pdf\">Product sheet-PTFLAP16-Dual<\/a><\/p>\n<p>&nbsp;<\/p>\n<p>&nbsp;<\/p>\n","protected":false},"featured_media":22516,"template":"","meta":{"_et_pb_use_builder":"on","_et_pb_old_content":"<h3>Le kit baroudeur solaire est un ensemble chargeur solaire + batterie USB-C\u00a0 puissant et tr\u00e8s l\u00e9ger !<\/h3>\r\nLe<strong> PT 16 SunPower<\/strong> est un chargeur solaire portable pliable ultrapuissant : 2 ports USB de <strong>2000 mA et 2400 mA @5V pour 450g.<\/strong>\r\n\r\nDe forme ultraplate (2mm) , il\u00a0 est\u00a0 peu encombrant et utilise les cellules solaires semi flexibles SunPower Grade A de derni\u00e8re g\u00e9n\u00e9ration \u00e0 tr\u00e8s haut rendement (efficacit\u00e9 &gt;24%) qui marchent aux UV de la lumi\u00e8re.\r\n\r\nSon encapsulation dans un mat\u00e9riel ETFE de haute qualit\u00e9 optimise son rendement par forte chaleur et rallonge sa r\u00e9sistance \u00e0 l'usure.\r\n\r\nIl transforme directement la lumi\u00e8re en \u00e9lectricit\u00e9 5V et charge en quelques heures tous les appareils capable d'\u00eatre recharg\u00e9s via un port USB (iPhone, iPad, Smartphones, montres GPS running &amp; Trackers, Boombox, Camera Sport, Drones, Powerbank, etc.).\r\nLe PT16 vous accompagnera lors de tous vos exploits sportifs (Trail, running, Outdoor ) !\r\n<ul>\r\n \t<li>Livr\u00e9 avec 2 mousquetons \"S\" ultral\u00e9gers de 7g pour l\u2019accrocher \u00e0 un\u00a0 un sac \u00e0 dos<\/li>\r\n \t<li>Id\u00e9al pour un usage quotidien, pour les loisirs et randonn\u00e9es Outdoor<\/li>\r\n \t<li>Charge tous les appareils 5V munis d'un c\u00e2ble chargeur USB (y compris iPhone)<\/li>\r\n \t<li>Se pose ou se fixe sur n'importe quel support<\/li>\r\n \t<li><strong>Dimensions :<\/strong> 35 x16 x 0.1 cm<\/li>\r\n<\/ul>\r\n<span style=\"color: #a7a903\"><strong><img class=\"alignleft size-full wp-image-9388\" src=\"https:\/\/www.powertec.fr\/wp-content\/uploads\/2018\/03\/incassable.png\" alt=\"\" width=\"80\" height=\"80\" \/>Chargeur incassable<\/strong><\/span>\r\n\r\nMat\u00e9riaux haut de gamme, ultra-haute r\u00e9sistance aux chocs. R\u00e9siste aux conditions extr\u00eames. <span style=\"color: #a7a903\"><strong><img class=\"alignleft size-full wp-image-9382\" src=\"https:\/\/www.powertec.fr\/wp-content\/uploads\/2018\/03\/waterproof.png\" alt=\"\" width=\"80\" height=\"80\" \/>R\u00e9sistant \u00e0 l'eau<\/strong> <\/span>\r\n\r\nChargeur solaire 100% \u00e9tanche, \u00e9claboussures et immersion dans l'eau. <span style=\"color: #a7a903\"><strong><img class=\"alignleft size-full wp-image-9390\" src=\"https:\/\/www.powertec.fr\/wp-content\/uploads\/2018\/03\/haut-rendement.png\" alt=\"\" width=\"80\" height=\"80\" \/>Tr\u00e8s haut rendement<\/strong><\/span>\r\n\r\nCellules monocristallines semi-rigides vous garantissant une charge performante. <span style=\"color: #a7a903\"><strong><img class=\"alignleft size-full wp-image-9386\" src=\"https:\/\/www.powertec.fr\/wp-content\/uploads\/2018\/03\/garantie.png\" alt=\"\" width=\"80\" height=\"80\" \/>Garantie 3 ans<\/strong><\/span>\r\n\r\nTous nos chargeurs solaires vous garantissent un haut un niveau de qualit\u00e9 et de performances <span style=\"color: #a7a903\"><strong><img class=\"alignleft size-full wp-image-9384\" src=\"https:\/\/www.powertec.fr\/wp-content\/uploads\/2018\/03\/poids-plume.png\" alt=\"\" width=\"80\" height=\"80\" \/>Ultra-l\u00e9ger et pratique<\/strong><\/span>\r\n\r\nRapport poids puissance in\u00e9galable.\u00a0 Kit Baroudeur solaire compact et pesant environ 680g ! <span style=\"color: #a7a903\"><strong><img class=\"alignleft size-full wp-image-9392\" src=\"https:\/\/www.powertec.fr\/wp-content\/uploads\/2018\/03\/led.png\" alt=\"\" width=\"80\" height=\"80\" \/>T\u00e9moin de charge<\/strong><\/span>\r\n\r\nTechnologie LED int\u00e9gr\u00e9e au boitier USB afin de contr\u00f4ler l\u2019exposition au soleil et la puissance de charge.\r\n\r\n<a href=\"https:\/\/www.powertec.fr\/rechargez-vos-appareils\/#leds\">En savoir +<\/a>","_et_gb_content_width":""},"product_brand":[],"product_cat":[181,178],"product_tag":[],"class_list":{"0":"post-13917","1":"product","2":"type-product","3":"status-publish","4":"has-post-thumbnail","6":"product_cat-semi-rigid-sunpower","7":"product_cat-solar-chargers","9":"first","10":"onbackorder","11":"sold-individually","12":"taxable","13":"shipping-taxable","14":"purchasable","15":"product-type-woosb"},"yoast_head":"<!-- This site is optimized with the Yoast SEO plugin v27.3 - https:\/\/yoast.com\/product\/yoast-seo-wordpress\/ -->\n<title>Solar kit PTFlap 16W + battery 10.000mAh P.D 22,5W<\/title>\n<meta name=\"description\" content=\"Rugged solar kit - panel +battery - compact and powerful for USB &amp; USB-C charging - of all 5V electronic devices!\" \/>\n<meta name=\"robots\" content=\"index, follow, max-snippet:-1, max-image-preview:large, max-video-preview:-1\" \/>\n<link rel=\"canonical\" href=\"https:\/\/www.powertec.fr\/en\/shop\/adventurersolarkit\/\" \/>\n<meta property=\"og:locale\" content=\"en_US\" \/>\n<meta property=\"og:type\" content=\"article\" \/>\n<meta property=\"og:title\" content=\"Solar kit PTFlap 16W + battery 10.000mAh P.D 22,5W\" \/>\n<meta property=\"og:description\" content=\"Rugged solar kit - panel +battery - compact and powerful for USB &amp; USB-C charging - of all 5V electronic devices!\" \/>\n<meta property=\"og:url\" content=\"https:\/\/www.powertec.fr\/en\/shop\/adventurersolarkit\/\" \/>\n<meta property=\"og:site_name\" content=\"Powertec : chargeurs solaires professionnels\" \/>\n<meta property=\"article:publisher\" content=\"https:\/\/www.facebook.com\/pages\/Powertec-Design\/136636319834629\" \/>\n<meta property=\"article:modified_time\" content=\"2025-12-31T15:38:40+00:00\" \/>\n<meta property=\"og:image\" content=\"https:\/\/www.powertec.fr\/wp-content\/uploads\/2021\/04\/kit-baroudeur-2024-500x500-1.png\" \/>\n\t<meta property=\"og:image:width\" content=\"500\" \/>\n\t<meta property=\"og:image:height\" content=\"500\" \/>\n\t<meta property=\"og:image:type\" content=\"image\/png\" \/>\n<meta name=\"twitter:card\" content=\"summary_large_image\" \/>\n<meta name=\"twitter:site\" content=\"@PowertecDesign\" \/>\n<meta name=\"twitter:label1\" content=\"Est. reading time\" \/>\n\t<meta name=\"twitter:data1\" content=\"3 minutes\" \/>\n<script type=\"application\/ld+json\" class=\"yoast-schema-graph\">{\"@context\":\"https:\\\/\\\/schema.org\",\"@graph\":[{\"@type\":\"WebPage\",\"@id\":\"https:\\\/\\\/www.powertec.fr\\\/en\\\/shop\\\/adventurersolarkit\\\/\",\"url\":\"https:\\\/\\\/www.powertec.fr\\\/en\\\/shop\\\/adventurersolarkit\\\/\",\"name\":\"Solar kit PTFlap 16W + battery 10.000mAh P.D 22,5W\",\"isPartOf\":{\"@id\":\"https:\\\/\\\/www.powertec.fr\\\/en\\\/#website\"},\"primaryImageOfPage\":{\"@id\":\"https:\\\/\\\/www.powertec.fr\\\/en\\\/shop\\\/adventurersolarkit\\\/#primaryimage\"},\"image\":{\"@id\":\"https:\\\/\\\/www.powertec.fr\\\/en\\\/shop\\\/adventurersolarkit\\\/#primaryimage\"},\"thumbnailUrl\":\"https:\\\/\\\/www.powertec.fr\\\/wp-content\\\/uploads\\\/2021\\\/04\\\/kit-baroudeur-2024-500x500-1.png\",\"datePublished\":\"2021-04-30T14:53:40+00:00\",\"dateModified\":\"2025-12-31T15:38:40+00:00\",\"description\":\"Rugged solar kit - panel +battery - compact and powerful for USB & USB-C charging - of all 5V electronic devices!\",\"breadcrumb\":{\"@id\":\"https:\\\/\\\/www.powertec.fr\\\/en\\\/shop\\\/adventurersolarkit\\\/#breadcrumb\"},\"inLanguage\":\"en-US\",\"potentialAction\":[{\"@type\":\"ReadAction\",\"target\":[\"https:\\\/\\\/www.powertec.fr\\\/en\\\/shop\\\/adventurersolarkit\\\/\"]}]},{\"@type\":\"ImageObject\",\"inLanguage\":\"en-US\",\"@id\":\"https:\\\/\\\/www.powertec.fr\\\/en\\\/shop\\\/adventurersolarkit\\\/#primaryimage\",\"url\":\"https:\\\/\\\/www.powertec.fr\\\/wp-content\\\/uploads\\\/2021\\\/04\\\/kit-baroudeur-2024-500x500-1.png\",\"contentUrl\":\"https:\\\/\\\/www.powertec.fr\\\/wp-content\\\/uploads\\\/2021\\\/04\\\/kit-baroudeur-2024-500x500-1.png\",\"width\":500,\"height\":500,\"caption\":\"Kit baroudeur solaire Powertec solar power bank\"},{\"@type\":\"BreadcrumbList\",\"@id\":\"https:\\\/\\\/www.powertec.fr\\\/en\\\/shop\\\/adventurersolarkit\\\/#breadcrumb\",\"itemListElement\":[{\"@type\":\"ListItem\",\"position\":1,\"name\":\"Accueil\",\"item\":\"https:\\\/\\\/www.powertec.fr\\\/en\\\/\"},{\"@type\":\"ListItem\",\"position\":2,\"name\":\"Store\",\"item\":\"https:\\\/\\\/www.powertec.fr\\\/en\\\/shop\\\/\"},{\"@type\":\"ListItem\",\"position\":3,\"name\":\"Essential hiking equipment\",\"item\":\"https:\\\/\\\/www.powertec.fr\\\/en\\\/product-category\\\/outdoor-gear\\\/\"},{\"@type\":\"ListItem\",\"position\":4,\"name\":\"Sunpower semi-rigid solar charger\",\"item\":\"https:\\\/\\\/www.powertec.fr\\\/en\\\/product-category\\\/outdoor-gear\\\/semi-rigid-sunpower\\\/\"},{\"@type\":\"ListItem\",\"position\":5,\"name\":\"Kit Baroudeur &#8211; 16W panel + 10,000mAh battery\"}]},{\"@type\":\"WebSite\",\"@id\":\"https:\\\/\\\/www.powertec.fr\\\/en\\\/#website\",\"url\":\"https:\\\/\\\/www.powertec.fr\\\/en\\\/\",\"name\":\"Powertec : chargeurs solaires professionnels\",\"description\":\"Professional Solar chargers, Powerbanks, outdoor Gear\",\"publisher\":{\"@id\":\"https:\\\/\\\/www.powertec.fr\\\/en\\\/#organization\"},\"potentialAction\":[{\"@type\":\"SearchAction\",\"target\":{\"@type\":\"EntryPoint\",\"urlTemplate\":\"https:\\\/\\\/www.powertec.fr\\\/en\\\/?s={search_term_string}\"},\"query-input\":{\"@type\":\"PropertyValueSpecification\",\"valueRequired\":true,\"valueName\":\"search_term_string\"}}],\"inLanguage\":\"en-US\"},{\"@type\":\"Organization\",\"@id\":\"https:\\\/\\\/www.powertec.fr\\\/en\\\/#organization\",\"name\":\"Powertec chargeur solaire\",\"url\":\"https:\\\/\\\/www.powertec.fr\\\/en\\\/\",\"logo\":{\"@type\":\"ImageObject\",\"inLanguage\":\"en-US\",\"@id\":\"https:\\\/\\\/www.powertec.fr\\\/en\\\/#\\\/schema\\\/logo\\\/image\\\/\",\"url\":\"https:\\\/\\\/www.powertec.fr\\\/wp-content\\\/uploads\\\/2025\\\/03\\\/Logo-Powertec.png\",\"contentUrl\":\"https:\\\/\\\/www.powertec.fr\\\/wp-content\\\/uploads\\\/2025\\\/03\\\/Logo-Powertec.png\",\"width\":800,\"height\":231,\"caption\":\"Powertec chargeur solaire\"},\"image\":{\"@id\":\"https:\\\/\\\/www.powertec.fr\\\/en\\\/#\\\/schema\\\/logo\\\/image\\\/\"},\"sameAs\":[\"https:\\\/\\\/www.facebook.com\\\/pages\\\/Powertec-Design\\\/136636319834629\",\"https:\\\/\\\/x.com\\\/PowertecDesign\",\"https:\\\/\\\/www.instagram.com\\\/powertecdesign\\\/\",\"http:\\\/\\\/pinterest.com\\\/PowertecDesign\\\/boards\\\/\",\"https:\\\/\\\/www.youtube.com\\\/channel\\\/UCKPPbn8yFCbV4QukJxSXU8g\\\/feed?filter=2\"]}]}<\/script>\n<!-- \/ Yoast SEO plugin. -->","yoast_head_json":{"title":"Solar kit PTFlap 16W + battery 10.000mAh P.D 22,5W","description":"Rugged solar kit - panel +battery - compact and powerful for USB & USB-C charging - of all 5V electronic devices!","robots":{"index":"index","follow":"follow","max-snippet":"max-snippet:-1","max-image-preview":"max-image-preview:large","max-video-preview":"max-video-preview:-1"},"canonical":"https:\/\/www.powertec.fr\/en\/shop\/adventurersolarkit\/","og_locale":"en_US","og_type":"article","og_title":"Solar kit PTFlap 16W + battery 10.000mAh P.D 22,5W","og_description":"Rugged solar kit - panel +battery - compact and powerful for USB & USB-C charging - of all 5V electronic devices!","og_url":"https:\/\/www.powertec.fr\/en\/shop\/adventurersolarkit\/","og_site_name":"Powertec : chargeurs solaires professionnels","article_publisher":"https:\/\/www.facebook.com\/pages\/Powertec-Design\/136636319834629","article_modified_time":"2025-12-31T15:38:40+00:00","og_image":[{"width":500,"height":500,"url":"https:\/\/www.powertec.fr\/wp-content\/uploads\/2021\/04\/kit-baroudeur-2024-500x500-1.png","type":"image\/png"}],"twitter_card":"summary_large_image","twitter_site":"@PowertecDesign","twitter_misc":{"Est. reading time":"3 minutes"},"schema":{"@context":"https:\/\/schema.org","@graph":[{"@type":"WebPage","@id":"https:\/\/www.powertec.fr\/en\/shop\/adventurersolarkit\/","url":"https:\/\/www.powertec.fr\/en\/shop\/adventurersolarkit\/","name":"Solar kit PTFlap 16W + battery 10.000mAh P.D 22,5W","isPartOf":{"@id":"https:\/\/www.powertec.fr\/en\/#website"},"primaryImageOfPage":{"@id":"https:\/\/www.powertec.fr\/en\/shop\/adventurersolarkit\/#primaryimage"},"image":{"@id":"https:\/\/www.powertec.fr\/en\/shop\/adventurersolarkit\/#primaryimage"},"thumbnailUrl":"https:\/\/www.powertec.fr\/wp-content\/uploads\/2021\/04\/kit-baroudeur-2024-500x500-1.png","datePublished":"2021-04-30T14:53:40+00:00","dateModified":"2025-12-31T15:38:40+00:00","description":"Rugged solar kit - panel +battery - compact and powerful for USB & USB-C charging - of all 5V electronic devices!","breadcrumb":{"@id":"https:\/\/www.powertec.fr\/en\/shop\/adventurersolarkit\/#breadcrumb"},"inLanguage":"en-US","potentialAction":[{"@type":"ReadAction","target":["https:\/\/www.powertec.fr\/en\/shop\/adventurersolarkit\/"]}]},{"@type":"ImageObject","inLanguage":"en-US","@id":"https:\/\/www.powertec.fr\/en\/shop\/adventurersolarkit\/#primaryimage","url":"https:\/\/www.powertec.fr\/wp-content\/uploads\/2021\/04\/kit-baroudeur-2024-500x500-1.png","contentUrl":"https:\/\/www.powertec.fr\/wp-content\/uploads\/2021\/04\/kit-baroudeur-2024-500x500-1.png","width":500,"height":500,"caption":"Kit baroudeur solaire Powertec solar power bank"},{"@type":"BreadcrumbList","@id":"https:\/\/www.powertec.fr\/en\/shop\/adventurersolarkit\/#breadcrumb","itemListElement":[{"@type":"ListItem","position":1,"name":"Accueil","item":"https:\/\/www.powertec.fr\/en\/"},{"@type":"ListItem","position":2,"name":"Store","item":"https:\/\/www.powertec.fr\/en\/shop\/"},{"@type":"ListItem","position":3,"name":"Essential hiking equipment","item":"https:\/\/www.powertec.fr\/en\/product-category\/outdoor-gear\/"},{"@type":"ListItem","position":4,"name":"Sunpower semi-rigid solar charger","item":"https:\/\/www.powertec.fr\/en\/product-category\/outdoor-gear\/semi-rigid-sunpower\/"},{"@type":"ListItem","position":5,"name":"Kit Baroudeur &#8211; 16W panel + 10,000mAh battery"}]},{"@type":"WebSite","@id":"https:\/\/www.powertec.fr\/en\/#website","url":"https:\/\/www.powertec.fr\/en\/","name":"Powertec : chargeurs solaires professionnels","description":"Professional Solar chargers, Powerbanks, outdoor Gear","publisher":{"@id":"https:\/\/www.powertec.fr\/en\/#organization"},"potentialAction":[{"@type":"SearchAction","target":{"@type":"EntryPoint","urlTemplate":"https:\/\/www.powertec.fr\/en\/?s={search_term_string}"},"query-input":{"@type":"PropertyValueSpecification","valueRequired":true,"valueName":"search_term_string"}}],"inLanguage":"en-US"},{"@type":"Organization","@id":"https:\/\/www.powertec.fr\/en\/#organization","name":"Powertec chargeur solaire","url":"https:\/\/www.powertec.fr\/en\/","logo":{"@type":"ImageObject","inLanguage":"en-US","@id":"https:\/\/www.powertec.fr\/en\/#\/schema\/logo\/image\/","url":"https:\/\/www.powertec.fr\/wp-content\/uploads\/2025\/03\/Logo-Powertec.png","contentUrl":"https:\/\/www.powertec.fr\/wp-content\/uploads\/2025\/03\/Logo-Powertec.png","width":800,"height":231,"caption":"Powertec chargeur solaire"},"image":{"@id":"https:\/\/www.powertec.fr\/en\/#\/schema\/logo\/image\/"},"sameAs":["https:\/\/www.facebook.com\/pages\/Powertec-Design\/136636319834629","https:\/\/x.com\/PowertecDesign","https:\/\/www.instagram.com\/powertecdesign\/","http:\/\/pinterest.com\/PowertecDesign\/boards\/","https:\/\/www.youtube.com\/channel\/UCKPPbn8yFCbV4QukJxSXU8g\/feed?filter=2"]}]}},"_links":{"self":[{"href":"https:\/\/www.powertec.fr\/en\/wp-json\/wp\/v2\/product\/13917","targetHints":{"allow":["GET"]}}],"collection":[{"href":"https:\/\/www.powertec.fr\/en\/wp-json\/wp\/v2\/product"}],"about":[{"href":"https:\/\/www.powertec.fr\/en\/wp-json\/wp\/v2\/types\/product"}],"wp:featuredmedia":[{"embeddable":true,"href":"https:\/\/www.powertec.fr\/en\/wp-json\/wp\/v2\/media\/22516"}],"wp:attachment":[{"href":"https:\/\/www.powertec.fr\/en\/wp-json\/wp\/v2\/media?parent=13917"}],"wp:term":[{"taxonomy":"product_brand","embeddable":true,"href":"https:\/\/www.powertec.fr\/en\/wp-json\/wp\/v2\/product_brand?post=13917"},{"taxonomy":"product_cat","embeddable":true,"href":"https:\/\/www.powertec.fr\/en\/wp-json\/wp\/v2\/product_cat?post=13917"},{"taxonomy":"product_tag","embeddable":true,"href":"https:\/\/www.powertec.fr\/en\/wp-json\/wp\/v2\/product_tag?post=13917"}],"curies":[{"name":"wp","href":"https:\/\/api.w.org\/{rel}","templated":true}]}}