{"id":6524,"date":"2017-06-14T09:27:07","date_gmt":"2017-06-14T07:27:07","guid":{"rendered":"https:\/\/www.powertec.fr\/boutique\/non%20class\u00e9\/panneau-sun-flex-6w\/"},"modified":"2026-04-14T21:50:45","modified_gmt":"2026-04-14T19:50:45","slug":"solar-charger-ptflap8","status":"publish","type":"product","link":"https:\/\/www.powertec.fr\/en\/shop\/solar-charger-ptflap8\/","title":{"rendered":"Solar charger PT FLAP 8W SunPower"},"content":{"rendered":"<p>[vc_row][vc_column][vc_column_text]<\/p>\n<h2>La nouvelle g\u00e9n\u00e9ration de chargeur solaire nomade &#8211; cellules Sunpower +50% d&#8217;efficacit\u00e9 !<\/h2>\n<p>L&#8217;encapsulation dans un mat\u00e9riel ETFE de haute qualit\u00e9 optimise son rendement par forte chaleur et rallonge sa r\u00e9sistance \u00e0 l&#8217;usure.<\/p>\n<p>Ce chargeur solaire portable ultral\u00e9ger transforme directement la lumi\u00e8re du soleil (fonctionne principalement \u00e0 l&#8217;UV) en \u00e9lectricit\u00e9 5V. Il charge en quelques heures tous les appareils capable d&#8217;\u00eatre recharg\u00e9s via un port USB (iPhone, Smartphones, GPS, Boombox, Camera Sport, Drones, <a href=\"https:\/\/www.powertec.fr\/categorie-produit\/batterie-de-secours\/batteries-externes-usb-c-power-delivery\/\">Powerbank<\/a>\u2026etc.).<br \/>\nLe PTFlap8 vous accompagnera lors de tous vos exploits sportifs (Trail, escalade, randonn\u00e9es, bikepacking, running, Outdoor &#8230; ) et vous garantit la s\u00e9curit\u00e9 d&#8217;avoir toujours acc\u00e8s \u00e0 l&#8217;\u00e9nergie en cas d&#8217;impr\u00e9vu.<br \/>\nCoupl\u00e9 \u00e0 une batterie externe de type 10.000mAh, il la recharge en 6h\u00a0 et <strong>vous rend ainsi autonome avec 1 Smartphone , 1 GPS et une frontale .<\/strong><\/p>\n<p>Tous les chargeurs solaires portables Powertec sont garantis 3 ans contre les d\u00e9fauts de fabrication et les pannes subies lors d&#8217;un usage &#8220;normal&#8221;.[\/vc_column_text][\/vc_column][\/vc_row][vc_row][vc_column width=&#8221;1\/2&#8243;][vc_column_text]<strong>Caract\u00e9ristiques \u00a0<\/strong><br \/>\n\u2022 Ultral\u00e9ger, r\u00e9sistant \u00e0 l&#8217;eau, semi rigide et incassable<br \/>\n\u2022 S\u2019accroche sur un sac \u00e0 dos gr\u00e2ce \u00e0 ses 4 \u0153illets en coin<br \/>\n\u2022 Id\u00e9al pour un usage quotidien, pour les loisirs et randonn\u00e9es Outdoor<br \/>\n\u2022 Charge tous les appareils 5V munis d&#8217;un c\u00e2ble chargeur USB (y compris iPhone)<br \/>\n\u2022 Se pose ou se fixe sur n&#8217;importe quel support[\/vc_column_text][\/vc_column][vc_column width=&#8221;1\/2&#8243;][vc_column_text]<strong>Sp\u00e9cifications<\/strong><br \/>\n\u2022 Dimensions: 35 x16 x 0.1 cm<br \/>\n\u2022 Poids: 200g<br \/>\n\u2022 Voltage nominal Sortie USB: 5,2V<br \/>\n\u2022 <b>Intensit\u00e9 Sortie USB: 1500 mA<\/b><br \/>\n<b>\u2022 <\/b>Contr\u00f4le\u00a0de charge<b> par Led bleu <\/b>sur le boitier<br \/>\n\u2022 4 \u0153illets pour fixation simple et robuste[\/vc_column_text][\/vc_column][\/vc_row][vc_row content_placement=&#8221;middle&#8221;][vc_column width=&#8221;1\/3&#8243;][vc_column_text]<span style=\"color: #a7a903;\"><strong><img decoding=\"async\" class=\"alignleft size-full wp-image-9388\" src=\"https:\/\/www.powertec.fr\/wp-content\/uploads\/2018\/03\/incassable.png\" alt=\"\" width=\"80\" height=\"80\" \/>Chargeur solaire nomade incassable<\/strong><\/span><\/p>\n<p>Mat\u00e9riaux haut de gamme, ultra-haute r\u00e9sistance aux chocs. R\u00e9siste aux conditions extr\u00eames.[\/vc_column_text][\/vc_column][vc_column width=&#8221;1\/3&#8243;][vc_column_text]<span style=\"color: #a7a903;\"><strong><img decoding=\"async\" class=\"alignleft size-full wp-image-9382\" src=\"https:\/\/www.powertec.fr\/wp-content\/uploads\/2018\/03\/waterproof.png\" alt=\"\" width=\"80\" height=\"80\" \/>R\u00e9sistant \u00e0 l&#8217;eau<\/strong> <\/span><\/p>\n<p>Chargeur solaire nomade 100% \u00e9tanche, \u00e9claboussures et immersion dans l&#8217;eau.[\/vc_column_text][\/vc_column][vc_column width=&#8221;1\/3&#8243;][vc_column_text]<span style=\"color: #a7a903;\"><strong><img decoding=\"async\" class=\"alignleft size-full wp-image-9390\" src=\"https:\/\/www.powertec.fr\/wp-content\/uploads\/2018\/03\/haut-rendement.png\" alt=\"\" width=\"80\" height=\"80\" \/>Tr\u00e8s haut rendement<\/strong><\/span><\/p>\n<p>Cellules monocristallines SunPower nouvelle g\u00e9n\u00e9ration\u00a0 garantissant 24% d&#8217;\u00e9fficacit\u00e9.[\/vc_column_text][\/vc_column][\/vc_row][vc_row content_placement=&#8221;middle&#8221;][vc_column width=&#8221;1\/3&#8243;][vc_column_text]<span style=\"color: #a7a903;\"><strong><img decoding=\"async\" class=\"alignleft size-full wp-image-9386\" src=\"https:\/\/www.powertec.fr\/wp-content\/uploads\/2018\/03\/garantie.png\" alt=\"\" width=\"80\" height=\"80\" \/>Garantie 3 ans<\/strong><\/span><\/p>\n<p>Tous nos chargeurs solaires nomades vous garantissent un haut un niveau de qualit\u00e9 et de performances[\/vc_column_text][\/vc_column][vc_column width=&#8221;1\/3&#8243;][vc_column_text]<span style=\"color: #a7a903;\"><b style=\"color: #a7a903;\"><img decoding=\"async\" class=\"alignleft size-full wp-image-9384\" src=\"https:\/\/www.powertec.fr\/wp-content\/uploads\/2018\/03\/poids-plume.png\" alt=\"\" width=\"80\" height=\"80\" \/><\/b><span style=\"color: #a7a903;\"><b>Ultral\u00e9ger<\/b><\/span><b style=\"color: #a7a903;\"> et pratique<\/b><\/span><\/p>\n<p>Rapport poids puissance in\u00e9galable. Tr\u00e8s compact et 200g ![\/vc_column_text][\/vc_column][vc_column width=&#8221;1\/3&#8243;][vc_column_text]<span style=\"color: #a7a903;\"><strong><img decoding=\"async\" class=\"alignleft size-full wp-image-9392\" src=\"https:\/\/www.powertec.fr\/wp-content\/uploads\/2018\/03\/led.png\" alt=\"\" width=\"80\" height=\"80\" \/>T\u00e9moin de charge<\/strong><\/span><\/p>\n<p>Technologie LED int\u00e9gr\u00e9e au boitier USB afin de contr\u00f4ler l\u2019exposition au soleil et la puissance de charge.<\/p>\n<p><a href=\"https:\/\/www.powertec.fr\/rechargez-vos-appareils\/\">En savoir +<\/a>[\/vc_column_text][\/vc_column][\/vc_row][vc_row][vc_column][vc_video link=&#8221;https:\/\/youtu.be\/fJMnSMI0TsA&#8221; el_width=&#8221;80&#8243; align=&#8221;center&#8221;][\/vc_column][\/vc_row]<\/p>\n","protected":false},"excerpt":{"rendered":"<p>The PTFlap8 is a portable solar charger using <strong>new generation Sunpower semi flexible cells<\/strong> with very high efficiency (&gt;24%).<br \/>\nWith its ultra-thin (2mm) shape, it is very compact!<\/p>\n<p>It is delivered with no packaging but its <strong>reusable &#8220;upcycled&#8221; nylon bag &#8211; OekoTex 100 &#8211; .<\/strong><\/p>\n<p>Output: 5V &#8211; USB Power: 1500mA<br \/>\nPower control by blue LED indicator.<\/p>\n<p>Recharge all your 5V devices: Smartphones, iPhone, GPS, GoPro, Drones, USB Boombox, Powerbank, &#8230;<\/p>\n","protected":false},"featured_media":25260,"template":"","meta":{"_et_pb_use_builder":"","_et_pb_old_content":"","_et_gb_content_width":""},"product_brand":[],"product_cat":[181,178],"product_tag":[],"class_list":{"0":"post-6524","1":"product","2":"type-product","3":"status-publish","4":"has-post-thumbnail","6":"product_cat-semi-rigid-sunpower","7":"product_cat-solar-chargers","8":"product_shipping_class-supplyweb","10":"first","11":"outofstock","12":"featured","13":"taxable","14":"shipping-taxable","15":"purchasable","16":"product-type-simple"},"yoast_head":"<!-- This site is optimized with the Yoast SEO plugin v27.4 - https:\/\/yoast.com\/product\/yoast-seo-wordpress\/ -->\n<title>PT FLAP 6W SunPower semi-rigid solar charger - 1000mA@5,2V<\/title>\n<meta name=\"description\" content=\"Ultra-thin (2mm) ultra-light 140g portable solar charger, semi-flexible SunPower cells with very high efficiency (&gt;20%) designed for outdoor use\" \/>\n<meta name=\"robots\" content=\"index, follow, max-snippet:-1, max-image-preview:large, max-video-preview:-1\" \/>\n<link rel=\"canonical\" href=\"https:\/\/www.powertec.fr\/en\/shop\/solar-charger-ptflap8\/\" \/>\n<meta property=\"og:locale\" content=\"en_US\" \/>\n<meta property=\"og:type\" content=\"article\" \/>\n<meta property=\"og:title\" content=\"PT FLAP 6W SunPower semi-rigid solar charger - 1000mA@5,2V\" \/>\n<meta property=\"og:description\" content=\"Ultra-thin (2mm) ultra-light 140g portable solar charger, semi-flexible SunPower cells with very high efficiency (&gt;20%) designed for outdoor use\" \/>\n<meta property=\"og:url\" content=\"https:\/\/www.powertec.fr\/en\/shop\/solar-charger-ptflap8\/\" \/>\n<meta property=\"og:site_name\" content=\"Powertec : chargeurs solaires professionnels\" \/>\n<meta property=\"article:publisher\" content=\"https:\/\/www.facebook.com\/pages\/Powertec-Design\/136636319834629\" \/>\n<meta property=\"article:modified_time\" content=\"2026-04-14T19:50:45+00:00\" \/>\n<meta property=\"og:image\" content=\"https:\/\/www.powertec.fr\/wp-content\/uploads\/2017\/06\/flap8-TROISQUARTS.png\" \/>\n\t<meta property=\"og:image:width\" content=\"500\" \/>\n\t<meta property=\"og:image:height\" content=\"500\" \/>\n\t<meta property=\"og:image:type\" content=\"image\/png\" \/>\n<meta name=\"twitter:card\" content=\"summary_large_image\" \/>\n<meta name=\"twitter:site\" content=\"@PowertecDesign\" \/>\n<meta name=\"twitter:label1\" content=\"Est. reading time\" \/>\n\t<meta name=\"twitter:data1\" content=\"4 minutes\" \/>\n<script type=\"application\/ld+json\" class=\"yoast-schema-graph\">{\"@context\":\"https:\\\/\\\/schema.org\",\"@graph\":[{\"@type\":\"WebPage\",\"@id\":\"https:\\\/\\\/www.powertec.fr\\\/en\\\/shop\\\/solar-charger-ptflap8\\\/\",\"url\":\"https:\\\/\\\/www.powertec.fr\\\/en\\\/shop\\\/solar-charger-ptflap8\\\/\",\"name\":\"PT FLAP 6W SunPower semi-rigid solar charger - 1000mA@5,2V\",\"isPartOf\":{\"@id\":\"https:\\\/\\\/www.powertec.fr\\\/en\\\/#website\"},\"primaryImageOfPage\":{\"@id\":\"https:\\\/\\\/www.powertec.fr\\\/en\\\/shop\\\/solar-charger-ptflap8\\\/#primaryimage\"},\"image\":{\"@id\":\"https:\\\/\\\/www.powertec.fr\\\/en\\\/shop\\\/solar-charger-ptflap8\\\/#primaryimage\"},\"thumbnailUrl\":\"https:\\\/\\\/www.powertec.fr\\\/wp-content\\\/uploads\\\/2017\\\/06\\\/flap8-TROISQUARTS.png\",\"datePublished\":\"2017-06-14T07:27:07+00:00\",\"dateModified\":\"2026-04-14T19:50:45+00:00\",\"description\":\"Ultra-thin (2mm) ultra-light 140g portable solar charger, semi-flexible SunPower cells with very high efficiency (>20%) designed for outdoor use\",\"breadcrumb\":{\"@id\":\"https:\\\/\\\/www.powertec.fr\\\/en\\\/shop\\\/solar-charger-ptflap8\\\/#breadcrumb\"},\"inLanguage\":\"en-US\",\"potentialAction\":[{\"@type\":\"ReadAction\",\"target\":[\"https:\\\/\\\/www.powertec.fr\\\/en\\\/shop\\\/solar-charger-ptflap8\\\/\"]}]},{\"@type\":\"ImageObject\",\"inLanguage\":\"en-US\",\"@id\":\"https:\\\/\\\/www.powertec.fr\\\/en\\\/shop\\\/solar-charger-ptflap8\\\/#primaryimage\",\"url\":\"https:\\\/\\\/www.powertec.fr\\\/wp-content\\\/uploads\\\/2017\\\/06\\\/flap8-TROISQUARTS.png\",\"contentUrl\":\"https:\\\/\\\/www.powertec.fr\\\/wp-content\\\/uploads\\\/2017\\\/06\\\/flap8-TROISQUARTS.png\",\"width\":500,\"height\":500,\"caption\":\"CHARGEUR SOLAIRE NOMADE\"},{\"@type\":\"BreadcrumbList\",\"@id\":\"https:\\\/\\\/www.powertec.fr\\\/en\\\/shop\\\/solar-charger-ptflap8\\\/#breadcrumb\",\"itemListElement\":[{\"@type\":\"ListItem\",\"position\":1,\"name\":\"Accueil\",\"item\":\"https:\\\/\\\/www.powertec.fr\\\/en\\\/\"},{\"@type\":\"ListItem\",\"position\":2,\"name\":\"Store\",\"item\":\"https:\\\/\\\/www.powertec.fr\\\/en\\\/shop\\\/\"},{\"@type\":\"ListItem\",\"position\":3,\"name\":\"Essential hiking equipment\",\"item\":\"https:\\\/\\\/www.powertec.fr\\\/en\\\/product-category\\\/outdoor-gear\\\/\"},{\"@type\":\"ListItem\",\"position\":4,\"name\":\"Sunpower semi-rigid solar charger\",\"item\":\"https:\\\/\\\/www.powertec.fr\\\/en\\\/product-category\\\/outdoor-gear\\\/semi-rigid-sunpower\\\/\"},{\"@type\":\"ListItem\",\"position\":5,\"name\":\"Solar charger PT FLAP 8W SunPower\"}]},{\"@type\":\"WebSite\",\"@id\":\"https:\\\/\\\/www.powertec.fr\\\/en\\\/#website\",\"url\":\"https:\\\/\\\/www.powertec.fr\\\/en\\\/\",\"name\":\"Powertec : chargeurs solaires professionnels\",\"description\":\"Professional Solar chargers, Powerbanks, outdoor Gear\",\"publisher\":{\"@id\":\"https:\\\/\\\/www.powertec.fr\\\/en\\\/#organization\"},\"potentialAction\":[{\"@type\":\"SearchAction\",\"target\":{\"@type\":\"EntryPoint\",\"urlTemplate\":\"https:\\\/\\\/www.powertec.fr\\\/en\\\/?s={search_term_string}\"},\"query-input\":{\"@type\":\"PropertyValueSpecification\",\"valueRequired\":true,\"valueName\":\"search_term_string\"}}],\"inLanguage\":\"en-US\"},{\"@type\":\"Organization\",\"@id\":\"https:\\\/\\\/www.powertec.fr\\\/en\\\/#organization\",\"name\":\"Powertec chargeur solaire\",\"url\":\"https:\\\/\\\/www.powertec.fr\\\/en\\\/\",\"logo\":{\"@type\":\"ImageObject\",\"inLanguage\":\"en-US\",\"@id\":\"https:\\\/\\\/www.powertec.fr\\\/en\\\/#\\\/schema\\\/logo\\\/image\\\/\",\"url\":\"https:\\\/\\\/www.powertec.fr\\\/wp-content\\\/uploads\\\/2025\\\/03\\\/Logo-Powertec.png\",\"contentUrl\":\"https:\\\/\\\/www.powertec.fr\\\/wp-content\\\/uploads\\\/2025\\\/03\\\/Logo-Powertec.png\",\"width\":800,\"height\":231,\"caption\":\"Powertec chargeur solaire\"},\"image\":{\"@id\":\"https:\\\/\\\/www.powertec.fr\\\/en\\\/#\\\/schema\\\/logo\\\/image\\\/\"},\"sameAs\":[\"https:\\\/\\\/www.facebook.com\\\/pages\\\/Powertec-Design\\\/136636319834629\",\"https:\\\/\\\/x.com\\\/PowertecDesign\",\"https:\\\/\\\/www.instagram.com\\\/powertecdesign\\\/\",\"http:\\\/\\\/pinterest.com\\\/PowertecDesign\\\/boards\\\/\",\"https:\\\/\\\/www.youtube.com\\\/channel\\\/UCKPPbn8yFCbV4QukJxSXU8g\\\/feed?filter=2\"]}]}<\/script>\n<!-- \/ Yoast SEO plugin. -->","yoast_head_json":{"title":"PT FLAP 6W SunPower semi-rigid solar charger - 1000mA@5,2V","description":"Ultra-thin (2mm) ultra-light 140g portable solar charger, semi-flexible SunPower cells with very high efficiency (>20%) designed for outdoor use","robots":{"index":"index","follow":"follow","max-snippet":"max-snippet:-1","max-image-preview":"max-image-preview:large","max-video-preview":"max-video-preview:-1"},"canonical":"https:\/\/www.powertec.fr\/en\/shop\/solar-charger-ptflap8\/","og_locale":"en_US","og_type":"article","og_title":"PT FLAP 6W SunPower semi-rigid solar charger - 1000mA@5,2V","og_description":"Ultra-thin (2mm) ultra-light 140g portable solar charger, semi-flexible SunPower cells with very high efficiency (>20%) designed for outdoor use","og_url":"https:\/\/www.powertec.fr\/en\/shop\/solar-charger-ptflap8\/","og_site_name":"Powertec : chargeurs solaires professionnels","article_publisher":"https:\/\/www.facebook.com\/pages\/Powertec-Design\/136636319834629","article_modified_time":"2026-04-14T19:50:45+00:00","og_image":[{"width":500,"height":500,"url":"https:\/\/www.powertec.fr\/wp-content\/uploads\/2017\/06\/flap8-TROISQUARTS.png","type":"image\/png"}],"twitter_card":"summary_large_image","twitter_site":"@PowertecDesign","twitter_misc":{"Est. reading time":"4 minutes"},"schema":{"@context":"https:\/\/schema.org","@graph":[{"@type":"WebPage","@id":"https:\/\/www.powertec.fr\/en\/shop\/solar-charger-ptflap8\/","url":"https:\/\/www.powertec.fr\/en\/shop\/solar-charger-ptflap8\/","name":"PT FLAP 6W SunPower semi-rigid solar charger - 1000mA@5,2V","isPartOf":{"@id":"https:\/\/www.powertec.fr\/en\/#website"},"primaryImageOfPage":{"@id":"https:\/\/www.powertec.fr\/en\/shop\/solar-charger-ptflap8\/#primaryimage"},"image":{"@id":"https:\/\/www.powertec.fr\/en\/shop\/solar-charger-ptflap8\/#primaryimage"},"thumbnailUrl":"https:\/\/www.powertec.fr\/wp-content\/uploads\/2017\/06\/flap8-TROISQUARTS.png","datePublished":"2017-06-14T07:27:07+00:00","dateModified":"2026-04-14T19:50:45+00:00","description":"Ultra-thin (2mm) ultra-light 140g portable solar charger, semi-flexible SunPower cells with very high efficiency (>20%) designed for outdoor use","breadcrumb":{"@id":"https:\/\/www.powertec.fr\/en\/shop\/solar-charger-ptflap8\/#breadcrumb"},"inLanguage":"en-US","potentialAction":[{"@type":"ReadAction","target":["https:\/\/www.powertec.fr\/en\/shop\/solar-charger-ptflap8\/"]}]},{"@type":"ImageObject","inLanguage":"en-US","@id":"https:\/\/www.powertec.fr\/en\/shop\/solar-charger-ptflap8\/#primaryimage","url":"https:\/\/www.powertec.fr\/wp-content\/uploads\/2017\/06\/flap8-TROISQUARTS.png","contentUrl":"https:\/\/www.powertec.fr\/wp-content\/uploads\/2017\/06\/flap8-TROISQUARTS.png","width":500,"height":500,"caption":"CHARGEUR SOLAIRE NOMADE"},{"@type":"BreadcrumbList","@id":"https:\/\/www.powertec.fr\/en\/shop\/solar-charger-ptflap8\/#breadcrumb","itemListElement":[{"@type":"ListItem","position":1,"name":"Accueil","item":"https:\/\/www.powertec.fr\/en\/"},{"@type":"ListItem","position":2,"name":"Store","item":"https:\/\/www.powertec.fr\/en\/shop\/"},{"@type":"ListItem","position":3,"name":"Essential hiking equipment","item":"https:\/\/www.powertec.fr\/en\/product-category\/outdoor-gear\/"},{"@type":"ListItem","position":4,"name":"Sunpower semi-rigid solar charger","item":"https:\/\/www.powertec.fr\/en\/product-category\/outdoor-gear\/semi-rigid-sunpower\/"},{"@type":"ListItem","position":5,"name":"Solar charger PT FLAP 8W SunPower"}]},{"@type":"WebSite","@id":"https:\/\/www.powertec.fr\/en\/#website","url":"https:\/\/www.powertec.fr\/en\/","name":"Powertec : chargeurs solaires professionnels","description":"Professional Solar chargers, Powerbanks, outdoor Gear","publisher":{"@id":"https:\/\/www.powertec.fr\/en\/#organization"},"potentialAction":[{"@type":"SearchAction","target":{"@type":"EntryPoint","urlTemplate":"https:\/\/www.powertec.fr\/en\/?s={search_term_string}"},"query-input":{"@type":"PropertyValueSpecification","valueRequired":true,"valueName":"search_term_string"}}],"inLanguage":"en-US"},{"@type":"Organization","@id":"https:\/\/www.powertec.fr\/en\/#organization","name":"Powertec chargeur solaire","url":"https:\/\/www.powertec.fr\/en\/","logo":{"@type":"ImageObject","inLanguage":"en-US","@id":"https:\/\/www.powertec.fr\/en\/#\/schema\/logo\/image\/","url":"https:\/\/www.powertec.fr\/wp-content\/uploads\/2025\/03\/Logo-Powertec.png","contentUrl":"https:\/\/www.powertec.fr\/wp-content\/uploads\/2025\/03\/Logo-Powertec.png","width":800,"height":231,"caption":"Powertec chargeur solaire"},"image":{"@id":"https:\/\/www.powertec.fr\/en\/#\/schema\/logo\/image\/"},"sameAs":["https:\/\/www.facebook.com\/pages\/Powertec-Design\/136636319834629","https:\/\/x.com\/PowertecDesign","https:\/\/www.instagram.com\/powertecdesign\/","http:\/\/pinterest.com\/PowertecDesign\/boards\/","https:\/\/www.youtube.com\/channel\/UCKPPbn8yFCbV4QukJxSXU8g\/feed?filter=2"]}]}},"_links":{"self":[{"href":"https:\/\/www.powertec.fr\/en\/wp-json\/wp\/v2\/product\/6524","targetHints":{"allow":["GET"]}}],"collection":[{"href":"https:\/\/www.powertec.fr\/en\/wp-json\/wp\/v2\/product"}],"about":[{"href":"https:\/\/www.powertec.fr\/en\/wp-json\/wp\/v2\/types\/product"}],"wp:featuredmedia":[{"embeddable":true,"href":"https:\/\/www.powertec.fr\/en\/wp-json\/wp\/v2\/media\/25260"}],"wp:attachment":[{"href":"https:\/\/www.powertec.fr\/en\/wp-json\/wp\/v2\/media?parent=6524"}],"wp:term":[{"taxonomy":"product_brand","embeddable":true,"href":"https:\/\/www.powertec.fr\/en\/wp-json\/wp\/v2\/product_brand?post=6524"},{"taxonomy":"product_cat","embeddable":true,"href":"https:\/\/www.powertec.fr\/en\/wp-json\/wp\/v2\/product_cat?post=6524"},{"taxonomy":"product_tag","embeddable":true,"href":"https:\/\/www.powertec.fr\/en\/wp-json\/wp\/v2\/product_tag?post=6524"}],"curies":[{"name":"wp","href":"https:\/\/api.w.org\/{rel}","templated":true}]}}